{"id":673,"date":"2026-02-27T09:25:47","date_gmt":"2026-02-27T09:25:47","guid":{"rendered":"https:\/\/www.yilebathrooms.com\/?post_type=product&#038;p=673"},"modified":"2026-03-24T08:11:50","modified_gmt":"2026-03-24T08:11:50","slug":"smart-tankless-toilet-wholesale","status":"publish","type":"product","link":"https:\/\/www.yilebathrooms.com\/pt\/product\/smart-tankless-toilet-wholesale\/","title":{"rendered":"Vaso sanit\u00e1rio inteligente sem tanque por atacado, vaso sanit\u00e1rio inteligente personalizado"},"content":{"rendered":"<div class=\"wp-block-columns is-layout-flex wp-container-core-columns-is-layout-9d6595d7 wp-block-columns-is-layout-flex\">\n<div class=\"wp-block-column is-layout-flow wp-block-column-is-layout-flow\">\n<h2 class=\"wp-block-heading\">Tamanho da sanita Smart Tankless:<\/h2>\n\n\n\n<figure class=\"wp-block-table\"><table class=\"has-fixed-layout\"><tbody><tr><td><strong>Modelo<\/strong><\/td><td><strong>Tamanho<\/strong><\/td><\/tr><tr><td>G6<\/td><td>705X390X440mm<\/td><\/tr><\/tbody><\/table><\/figure>\n\n\n\n<h2 class=\"wp-block-heading\">Carater\u00edsticas da sanita Smart Tankless:<\/h2>\n\n\n\n<p><strong>Instala\u00e7\u00e3o Plug-and-Play: <\/strong>O nosso design patenteado sem sif\u00f5es suporta uma enorme gama de desbaste de 60-280 mm, tornando a remodela\u00e7\u00e3o da casa de banho mais f\u00e1cil do que nunca.<\/p>\n\n\n\n<p><strong>Assento ergon\u00f3mico em forma de U:<\/strong> Um design atualizado e espa\u00e7oso em forma de U que oferece uma superf\u00edcie de assento mais ampla e um arco de contorno superior em compara\u00e7\u00e3o com os bancos tradicionais em forma de V.<\/p>\n\n\n\n<p><strong>Poder de descarga din\u00e2mico: <\/strong>A bomba de refor\u00e7o incorporada supera a baixa press\u00e3o da \u00e1gua, proporcionando uma descarga tornada potente e silenciosa no ch\u00e3o.<\/p>\n\n\n\n<p><strong>Autoclismo duplo inteligente:<\/strong> Equipado com um sensor de ocupa\u00e7\u00e3o inteligente, o sistema distingue automaticamente entre \u201cHalf Flush\u201d e \u201cFull Flush\u201d com base na dura\u00e7\u00e3o da utiliza\u00e7\u00e3o.<\/p>\n\n\n\n<p><strong>Integra\u00e7\u00e3o pr\u00e1tica de fun\u00e7\u00f5es:<\/strong> A Snotor integra perfeitamente uma instala\u00e7\u00e3o flex\u00edvel, uma descarga potente de press\u00e3o zero e um design de 90\u00b0 de tr\u00e1s para a parede, totalmente equipada com tampa autom\u00e1tica, descarga com sensor de p\u00e9, lavagem aquecida instant\u00e2nea, secador de ar quente, auto-limpeza UV e tecnologia anti-refluxo Air Gap, fazendo com que os utilizadores tenham uma vida conveniente.<\/p>\n\n\n\n<p><strong>Especialistas globais em OEM\/ODM<\/strong>: Aproveite o fabrico interno da Snotor para especifica\u00e7\u00f5es personalizadas e beneficie de pre\u00e7os diretos da f\u00e1brica.<\/p>\n<\/div>\n\n\n\n<div class=\"wp-block-column is-layout-flow wp-block-column-is-layout-flow\">\n<figure class=\"wp-block-image size-full\"><img decoding=\"async\" width=\"800\" height=\"800\" src=\"https:\/\/www.yilebathrooms.com\/wp-content\/uploads\/2026\/02\/smart-tankless-toilet-wholesale1.webp\" alt=\"smart tankless toilet wholesale(1)\" class=\"wp-image-678\" srcset=\"https:\/\/www.yilebathrooms.com\/wp-content\/uploads\/2026\/02\/smart-tankless-toilet-wholesale1.webp 800w, https:\/\/www.yilebathrooms.com\/wp-content\/uploads\/2026\/02\/smart-tankless-toilet-wholesale1-300x300.webp 300w, https:\/\/www.yilebathrooms.com\/wp-content\/uploads\/2026\/02\/smart-tankless-toilet-wholesale1-150x150.webp 150w, https:\/\/www.yilebathrooms.com\/wp-content\/uploads\/2026\/02\/smart-tankless-toilet-wholesale1-768x768.webp 768w, https:\/\/www.yilebathrooms.com\/wp-content\/uploads\/2026\/02\/smart-tankless-toilet-wholesale1-12x12.webp 12w, https:\/\/www.yilebathrooms.com\/wp-content\/uploads\/2026\/02\/smart-tankless-toilet-wholesale1-600x600.webp 600w, https:\/\/www.yilebathrooms.com\/wp-content\/uploads\/2026\/02\/smart-tankless-toilet-wholesale1-100x100.webp 100w\" sizes=\"(max-width: 800px) 100vw, 800px\" \/><\/figure>\n<\/div>\n<\/div>\n\n\n<div class=\"wp-block-image\">\n<figure class=\"aligncenter size-full\"><img decoding=\"async\" width=\"990\" height=\"767\" src=\"https:\/\/www.yilebathrooms.com\/wp-content\/uploads\/2026\/02\/smart-tankless-toilet-wholesale-round.webp\" alt=\"sanita inteligente sem reservat\u00f3rio por atacado redondo\" class=\"wp-image-677\" style=\"object-fit:cover\" srcset=\"https:\/\/www.yilebathrooms.com\/wp-content\/uploads\/2026\/02\/smart-tankless-toilet-wholesale-round.webp 990w, https:\/\/www.yilebathrooms.com\/wp-content\/uploads\/2026\/02\/smart-tankless-toilet-wholesale-round-300x232.webp 300w, https:\/\/www.yilebathrooms.com\/wp-content\/uploads\/2026\/02\/smart-tankless-toilet-wholesale-round-768x595.webp 768w, https:\/\/www.yilebathrooms.com\/wp-content\/uploads\/2026\/02\/smart-tankless-toilet-wholesale-round-15x12.webp 15w, https:\/\/www.yilebathrooms.com\/wp-content\/uploads\/2026\/02\/smart-tankless-toilet-wholesale-round-600x465.webp 600w\" sizes=\"(max-width: 990px) 100vw, 990px\" \/><\/figure>\n<\/div>\n\n\n<div class=\"wp-block-columns is-layout-flex wp-container-core-columns-is-layout-9d6595d7 wp-block-columns-is-layout-flex\">\n<div class=\"wp-block-column is-layout-flow wp-block-column-is-layout-flow\">\n<figure class=\"wp-block-image size-full\"><img decoding=\"async\" width=\"501\" height=\"800\" src=\"https:\/\/www.yilebathrooms.com\/wp-content\/uploads\/2026\/02\/Smart-Tankless-Toilet-Wholesale-4-1.webp\" alt=\"Casa de banho inteligente sem tanque por atacado\" class=\"wp-image-722\" style=\"aspect-ratio:3\/4;object-fit:cover\" srcset=\"https:\/\/www.yilebathrooms.com\/wp-content\/uploads\/2026\/02\/Smart-Tankless-Toilet-Wholesale-4-1.webp 501w, https:\/\/www.yilebathrooms.com\/wp-content\/uploads\/2026\/02\/Smart-Tankless-Toilet-Wholesale-4-1-188x300.webp 188w, https:\/\/www.yilebathrooms.com\/wp-content\/uploads\/2026\/02\/Smart-Tankless-Toilet-Wholesale-4-1-8x12.webp 8w\" sizes=\"(max-width: 501px) 100vw, 501px\" \/><\/figure>\n<\/div>\n\n\n\n<div class=\"wp-block-column is-layout-flow wp-block-column-is-layout-flow\">\n<figure class=\"wp-block-image size-large\"><img decoding=\"async\" width=\"545\" height=\"800\" src=\"https:\/\/www.yilebathrooms.com\/wp-content\/uploads\/2026\/02\/smart-tankless-toilet-wholesale-4.webp\" alt=\"smart tankless toilet wholesale (4)\" class=\"wp-image-675\" style=\"aspect-ratio:3\/4;object-fit:cover\" srcset=\"https:\/\/www.yilebathrooms.com\/wp-content\/uploads\/2026\/02\/smart-tankless-toilet-wholesale-4.webp 545w, https:\/\/www.yilebathrooms.com\/wp-content\/uploads\/2026\/02\/smart-tankless-toilet-wholesale-4-204x300.webp 204w, https:\/\/www.yilebathrooms.com\/wp-content\/uploads\/2026\/02\/smart-tankless-toilet-wholesale-4-8x12.webp 8w\" sizes=\"(max-width: 545px) 100vw, 545px\" \/><\/figure>\n<\/div>\n\n\n\n<div class=\"wp-block-column is-layout-flow wp-block-column-is-layout-flow\">\n<figure class=\"wp-block-image size-large\"><img decoding=\"async\" width=\"423\" height=\"564\" src=\"https:\/\/www.yilebathrooms.com\/wp-content\/uploads\/2026\/02\/smart-tankless-toilet-wholesale-3-1.webp\" alt=\"smart tankless toilet wholesale (3)\" class=\"wp-image-684\" srcset=\"https:\/\/www.yilebathrooms.com\/wp-content\/uploads\/2026\/02\/smart-tankless-toilet-wholesale-3-1.webp 423w, https:\/\/www.yilebathrooms.com\/wp-content\/uploads\/2026\/02\/smart-tankless-toilet-wholesale-3-1-225x300.webp 225w, https:\/\/www.yilebathrooms.com\/wp-content\/uploads\/2026\/02\/smart-tankless-toilet-wholesale-3-1-9x12.webp 9w\" sizes=\"(max-width: 423px) 100vw, 423px\" \/><\/figure>\n<\/div>\n<\/div>\n\n\n\n<div class=\"wp-block-columns is-layout-flex wp-container-core-columns-is-layout-9d6595d7 wp-block-columns-is-layout-flex\">\n<div class=\"wp-block-column is-layout-flow wp-block-column-is-layout-flow\" style=\"flex-basis:100%\">\n<div class=\"wp-block-columns is-layout-flex wp-container-core-columns-is-layout-9d6595d7 wp-block-columns-is-layout-flex\">\n<div class=\"wp-block-column is-layout-flow wp-block-column-is-layout-flow\">\n<figure class=\"wp-block-image size-full\"><img decoding=\"async\" width=\"415\" height=\"789\" src=\"https:\/\/www.yilebathrooms.com\/wp-content\/uploads\/2026\/02\/Smart-Tankless-Toilet-Wholesale-1.jpg\" alt=\"Smart-Tankless-Toilet-Wholesale\" class=\"wp-image-725\" srcset=\"https:\/\/www.yilebathrooms.com\/wp-content\/uploads\/2026\/02\/Smart-Tankless-Toilet-Wholesale-1.jpg 415w, https:\/\/www.yilebathrooms.com\/wp-content\/uploads\/2026\/02\/Smart-Tankless-Toilet-Wholesale-1-158x300.jpg 158w, https:\/\/www.yilebathrooms.com\/wp-content\/uploads\/2026\/02\/Smart-Tankless-Toilet-Wholesale-1-6x12.jpg 6w\" sizes=\"(max-width: 415px) 100vw, 415px\" \/><\/figure>\n<\/div>\n\n\n\n<div class=\"wp-block-column is-layout-flow wp-block-column-is-layout-flow\">\n<figure class=\"wp-block-image size-full\"><img decoding=\"async\" width=\"421\" height=\"800\" src=\"https:\/\/www.yilebathrooms.com\/wp-content\/uploads\/2026\/02\/Smart-Tankless-Toilet-Wholesale-3-2.webp\" alt=\"Casa de banho inteligente sem tanque por atacado\" class=\"wp-image-724\" srcset=\"https:\/\/www.yilebathrooms.com\/wp-content\/uploads\/2026\/02\/Smart-Tankless-Toilet-Wholesale-3-2.webp 421w, https:\/\/www.yilebathrooms.com\/wp-content\/uploads\/2026\/02\/Smart-Tankless-Toilet-Wholesale-3-2-158x300.webp 158w, https:\/\/www.yilebathrooms.com\/wp-content\/uploads\/2026\/02\/Smart-Tankless-Toilet-Wholesale-3-2-6x12.webp 6w\" sizes=\"(max-width: 421px) 100vw, 421px\" \/><\/figure>\n<\/div>\n\n\n\n<div class=\"wp-block-column is-layout-flow wp-block-column-is-layout-flow\">\n<figure class=\"wp-block-image size-full\"><img decoding=\"async\" width=\"421\" height=\"800\" src=\"https:\/\/www.yilebathrooms.com\/wp-content\/uploads\/2026\/02\/Smart-Tankless-Toilet-Wholesale-2-2.webp\" alt=\"Casa de banho inteligente sem tanque por atacado\" class=\"wp-image-723\" srcset=\"https:\/\/www.yilebathrooms.com\/wp-content\/uploads\/2026\/02\/Smart-Tankless-Toilet-Wholesale-2-2.webp 421w, https:\/\/www.yilebathrooms.com\/wp-content\/uploads\/2026\/02\/Smart-Tankless-Toilet-Wholesale-2-2-158x300.webp 158w, https:\/\/www.yilebathrooms.com\/wp-content\/uploads\/2026\/02\/Smart-Tankless-Toilet-Wholesale-2-2-6x12.webp 6w\" sizes=\"(max-width: 421px) 100vw, 421px\" \/><\/figure>\n<\/div>\n<\/div>\n<\/div>\n<\/div>\n\n\n\n<div class=\"wp-block-columns is-layout-flex wp-container-core-columns-is-layout-9d6595d7 wp-block-columns-is-layout-flex\">\n<div class=\"wp-block-column is-layout-flow wp-block-column-is-layout-flow\"><div class=\"wp-block-image\">\n<figure class=\"aligncenter size-full\"><img decoding=\"async\" width=\"500\" height=\"667\" src=\"https:\/\/www.yilebathrooms.com\/wp-content\/uploads\/2026\/03\/smart-tankless-toilet-wholesale3-edited-1.webp\" alt=\"smart tankless toilet wholesale(3)\" class=\"wp-image-713\" srcset=\"https:\/\/www.yilebathrooms.com\/wp-content\/uploads\/2026\/03\/smart-tankless-toilet-wholesale3-edited-1.webp 500w, https:\/\/www.yilebathrooms.com\/wp-content\/uploads\/2026\/03\/smart-tankless-toilet-wholesale3-edited-1-225x300.webp 225w, https:\/\/www.yilebathrooms.com\/wp-content\/uploads\/2026\/03\/smart-tankless-toilet-wholesale3-edited-1-9x12.webp 9w\" sizes=\"(max-width: 500px) 100vw, 500px\" \/><\/figure>\n<\/div><\/div>\n\n\n\n<div class=\"wp-block-column is-layout-flow wp-block-column-is-layout-flow\">\n<figure class=\"wp-block-image size-full\"><img decoding=\"async\" width=\"431\" height=\"575\" src=\"https:\/\/www.yilebathrooms.com\/wp-content\/uploads\/2026\/03\/smart-tankless-toilet-wholesale3-edited-2.webp\" alt=\"smart tankless toilet wholesale(3)\" class=\"wp-image-714\" srcset=\"https:\/\/www.yilebathrooms.com\/wp-content\/uploads\/2026\/03\/smart-tankless-toilet-wholesale3-edited-2.webp 431w, https:\/\/www.yilebathrooms.com\/wp-content\/uploads\/2026\/03\/smart-tankless-toilet-wholesale3-edited-2-225x300.webp 225w, https:\/\/www.yilebathrooms.com\/wp-content\/uploads\/2026\/03\/smart-tankless-toilet-wholesale3-edited-2-9x12.webp 9w\" sizes=\"(max-width: 431px) 100vw, 431px\" \/><\/figure>\n<\/div>\n<\/div>\n\n\n\n<p><\/p>","protected":false},"excerpt":{"rendered":"<p>Bem-vindo ao projeto de casa de banho elevada com a casa de banho inteligente sem tanque Snotor por atacado, que tem uma poderosa descarga sussurrante, tampa autom\u00e1tica, lavagem aquecida, limpeza UV e design de parede a parede com folga zero, e outras fun\u00e7\u00f5es pr\u00e1ticas. Suporte OEM e atacado. Contacte-nos para obter um or\u00e7amento!\u00a0<\/p>\n<h2>Especifica\u00e7\u00f5es t\u00e9cnicas<\/h2>\n<table>\n<tbody>\n<tr>\n<th>Artigo<\/th>\n<th>Especifica\u00e7\u00e3o<\/th>\n<\/tr>\n<tr>\n<td>Tipo de descarga<\/td>\n<td>Siphonic (Descarga silenciosa com torneira sem aro)<\/td>\n<\/tr>\n<tr>\n<td>Tipo de drenagem<\/td>\n<td>S-trap \/P-trap<\/td>\n<\/tr>\n<tr>\n<td>Dist\u00e2ncia da armadilha<\/td>\n<td>S-trap: 60-280mm<br \/>P-trap: 180mm<\/td>\n<\/tr>\n<tr>\n<td>Tens\u00e3o\/Pot\u00eancia<\/td>\n<td>110V-240V, 50\/60Hz (tipo de ficha personaliz\u00e1vel)<\/td>\n<\/tr>\n<tr>\n<td>M\u00e9todo de aquecimento<\/td>\n<td>Aquecimento instant\u00e2neo de cer\u00e2mica (\u00e1gua quente constante)<\/td>\n<\/tr>\n<tr>\n<td>M\u00e9todo de controlo<\/td>\n<td>Controlo remoto \/ Bot\u00e3o lateral \/ Sensor de p\u00e9<\/td>\n<\/tr>\n<tr>\n<td>Material<\/td>\n<td>Corpo em cer\u00e2mica antibacteriana + revestimento do assento em UF\/PP<\/td>\n<\/tr>\n<tr>\n<td>N\u00edvel de impermeabilidade<\/td>\n<td>IPX4 (Norma para componentes electr\u00f3nicos)<\/td>\n<\/tr>\n<tr>\n<td>Personaliza\u00e7\u00e3o<\/td>\n<td>Log\u00f3tipo, cor, m\u00f3dulos funcionais<\/td>\n<\/tr>\n<tr>\n<td>Certifica\u00e7\u00f5es<\/td>\n<td>CE, RoHS, cUPC, WaterMark, SAA<\/td>\n<\/tr>\n<\/tbody>\n<\/table>","protected":false},"featured_media":686,"comment_status":"closed","ping_status":"closed","template":"","meta":{"_acf_changed":false},"product_brand":[],"product_cat":[21,19],"product_tag":[],"class_list":{"0":"post-673","1":"product","2":"type-product","3":"status-publish","4":"has-post-thumbnail","6":"product_cat-tankless-smart-toilet-wholesale","7":"product_cat-back-to-wall-smart-toilet-wholesale","9":"first","10":"instock","11":"shipping-taxable","12":"product-type-simple"},"acf":[],"_links":{"self":[{"href":"https:\/\/www.yilebathrooms.com\/pt\/wp-json\/wp\/v2\/product\/673","targetHints":{"allow":["GET"]}}],"collection":[{"href":"https:\/\/www.yilebathrooms.com\/pt\/wp-json\/wp\/v2\/product"}],"about":[{"href":"https:\/\/www.yilebathrooms.com\/pt\/wp-json\/wp\/v2\/types\/product"}],"replies":[{"embeddable":true,"href":"https:\/\/www.yilebathrooms.com\/pt\/wp-json\/wp\/v2\/comments?post=673"}],"wp:featuredmedia":[{"embeddable":true,"href":"https:\/\/www.yilebathrooms.com\/pt\/wp-json\/wp\/v2\/media\/686"}],"wp:attachment":[{"href":"https:\/\/www.yilebathrooms.com\/pt\/wp-json\/wp\/v2\/media?parent=673"}],"wp:term":[{"taxonomy":"product_brand","embeddable":true,"href":"https:\/\/www.yilebathrooms.com\/pt\/wp-json\/wp\/v2\/product_brand?post=673"},{"taxonomy":"product_cat","embeddable":true,"href":"https:\/\/www.yilebathrooms.com\/pt\/wp-json\/wp\/v2\/product_cat?post=673"},{"taxonomy":"product_tag","embeddable":true,"href":"https:\/\/www.yilebathrooms.com\/pt\/wp-json\/wp\/v2\/product_tag?post=673"}],"curies":[{"name":"wp","href":"https:\/\/api.w.org\/{rel}","templated":true}]}}