{"id":659,"date":"2026-02-27T08:35:23","date_gmt":"2026-02-27T08:35:23","guid":{"rendered":"https:\/\/www.yilebathrooms.com\/?post_type=product&#038;p=659"},"modified":"2026-03-24T09:04:05","modified_gmt":"2026-03-24T09:04:05","slug":"back-to-wall-smart-toilet-wholesale","status":"publish","type":"product","link":"https:\/\/www.yilebathrooms.com\/pt\/product\/back-to-wall-smart-toilet-wholesale\/","title":{"rendered":"Voltar \u00e0 parede Sanita inteligente por atacado, sanita inteligente sem tanque personalizada"},"content":{"rendered":"<div class=\"wp-block-columns is-layout-flex wp-container-core-columns-is-layout-9d6595d7 wp-block-columns-is-layout-flex\">\n<div class=\"wp-block-column is-layout-flow wp-block-column-is-layout-flow\">\n<h2 class=\"wp-block-heading\">Sanita inteligente de costas para a parede Tamanho:<\/h2>\n\n\n\n<figure class=\"wp-block-table\"><table class=\"has-fixed-layout\"><tbody><tr><td><strong>Modelo<\/strong><\/td><td><strong>Tamanho<\/strong><\/td><\/tr><tr><td>G1<\/td><td>705X390X460mm<\/td><\/tr><\/tbody><\/table><\/figure>\n\n\n\n<h2 class=\"wp-block-heading\">Sanita inteligente Back to Wall Carater\u00edsticas:<\/h2>\n\n\n\n<p><strong>Instala\u00e7\u00e3o incompar\u00e1vel<\/strong>: O nosso design de armadilha livre suporta uma dist\u00e2ncia de desbaste ampla de 60-280 mm, adaptando-se a praticamente qualquer disposi\u00e7\u00e3o de casa de banho sem altera\u00e7\u00f5es dispendiosas na canaliza\u00e7\u00e3o.<\/p>\n\n\n\n<p><strong>Limites sem press\u00e3o:<\/strong> Com um dep\u00f3sito de \u00e1gua incorporado e uma bomba silenciosa, garante uma descarga potente e silenciosa, mesmo em edif\u00edcios altos ou zonas de baixa press\u00e3o.<\/p>\n\n\n\n<p><strong>Limpeza sem esfor\u00e7o<\/strong>: O design de 90\u00b0 de tr\u00e1s para a parede e a parede interior sem rebordo eliminam os pontos cegos da higiene e a sujidade escondida para uma manuten\u00e7\u00e3o di\u00e1ria f\u00e1cil.<\/p>\n\n\n\n<p><strong>Seguran\u00e7a garantida<\/strong>: A tecnologia avan\u00e7ada Air Gap cria uma barreira f\u00edsica para impedir o refluxo, garantindo que a \u00e1gua pot\u00e1vel da sua fam\u00edlia se mant\u00e9m pura e n\u00e3o contaminada.<\/p>\n\n\n\n<p><strong>Experi\u00eancia m\u00e3os-livres inteligente: <\/strong>A abertura autom\u00e1tica da tampa e a descarga com sensor de p\u00e9 proporcionam uma experi\u00eancia higi\u00e9nica e sem contacto para toda a fam\u00edlia.<\/p>\n\n\n\n<p><strong>Fornecimento do fabricante Snotor:<\/strong> Como fabricante direto, a Snotor combina a precis\u00e3o do fabrico de cer\u00e2mica com a investiga\u00e7\u00e3o e desenvolvimento internos para proporcionar uma est\u00e9tica de alta qualidade e uma fiabilidade duradoura.<\/p>\n<\/div>\n\n\n\n<div class=\"wp-block-column is-layout-flow wp-block-column-is-layout-flow\">\n<figure class=\"wp-block-image size-full\"><img decoding=\"async\" width=\"712\" height=\"712\" src=\"https:\/\/www.yilebathrooms.com\/wp-content\/uploads\/2026\/02\/back-to-wall-smart-toilet.webp\" alt=\"sanita inteligente de parede a parede por atacado\" class=\"wp-image-667\" srcset=\"https:\/\/www.yilebathrooms.com\/wp-content\/uploads\/2026\/02\/back-to-wall-smart-toilet.webp 712w, https:\/\/www.yilebathrooms.com\/wp-content\/uploads\/2026\/02\/back-to-wall-smart-toilet-300x300.webp 300w, https:\/\/www.yilebathrooms.com\/wp-content\/uploads\/2026\/02\/back-to-wall-smart-toilet-150x150.webp 150w, https:\/\/www.yilebathrooms.com\/wp-content\/uploads\/2026\/02\/back-to-wall-smart-toilet-12x12.webp 12w, https:\/\/www.yilebathrooms.com\/wp-content\/uploads\/2026\/02\/back-to-wall-smart-toilet-600x600.webp 600w, https:\/\/www.yilebathrooms.com\/wp-content\/uploads\/2026\/02\/back-to-wall-smart-toilet-100x100.webp 100w\" sizes=\"(max-width: 712px) 100vw, 712px\" \/><\/figure>\n<\/div>\n<\/div>\n\n\n<div class=\"wp-block-image\">\n<figure class=\"aligncenter size-full\"><img decoding=\"async\" width=\"800\" height=\"564\" src=\"https:\/\/www.yilebathrooms.com\/wp-content\/uploads\/2026\/02\/back-to-wall-smart-toilet-wholesale.webp\" alt=\"sanita inteligente de parede a parede por atacado\" class=\"wp-image-669\" srcset=\"https:\/\/www.yilebathrooms.com\/wp-content\/uploads\/2026\/02\/back-to-wall-smart-toilet-wholesale.webp 800w, https:\/\/www.yilebathrooms.com\/wp-content\/uploads\/2026\/02\/back-to-wall-smart-toilet-wholesale-300x212.webp 300w, https:\/\/www.yilebathrooms.com\/wp-content\/uploads\/2026\/02\/back-to-wall-smart-toilet-wholesale-768x541.webp 768w, https:\/\/www.yilebathrooms.com\/wp-content\/uploads\/2026\/02\/back-to-wall-smart-toilet-wholesale-18x12.webp 18w, https:\/\/www.yilebathrooms.com\/wp-content\/uploads\/2026\/02\/back-to-wall-smart-toilet-wholesale-600x423.webp 600w\" sizes=\"(max-width: 800px) 100vw, 800px\" \/><\/figure>\n<\/div>\n\n\n<div class=\"wp-block-columns is-layout-flex wp-container-core-columns-is-layout-9d6595d7 wp-block-columns-is-layout-flex\">\n<div class=\"wp-block-column is-layout-flow wp-block-column-is-layout-flow\">\n<figure class=\"wp-block-image size-full\"><img decoding=\"async\" width=\"990\" height=\"1591\" src=\"https:\/\/www.yilebathrooms.com\/wp-content\/uploads\/2026\/02\/back-to-wall-smart-toilet-wholesale1.webp\" alt=\"sanita inteligente de encosto \u00e0 parede por atacado(1)\" class=\"wp-image-660\" srcset=\"https:\/\/www.yilebathrooms.com\/wp-content\/uploads\/2026\/02\/back-to-wall-smart-toilet-wholesale1.webp 990w, https:\/\/www.yilebathrooms.com\/wp-content\/uploads\/2026\/02\/back-to-wall-smart-toilet-wholesale1-187x300.webp 187w, https:\/\/www.yilebathrooms.com\/wp-content\/uploads\/2026\/02\/back-to-wall-smart-toilet-wholesale1-768x1234.webp 768w, https:\/\/www.yilebathrooms.com\/wp-content\/uploads\/2026\/02\/back-to-wall-smart-toilet-wholesale1-7x12.webp 7w, https:\/\/www.yilebathrooms.com\/wp-content\/uploads\/2026\/02\/back-to-wall-smart-toilet-wholesale1-600x964.webp 600w\" sizes=\"(max-width: 990px) 100vw, 990px\" \/><\/figure>\n<\/div>\n\n\n\n<div class=\"wp-block-column is-layout-flow wp-block-column-is-layout-flow\">\n<figure class=\"wp-block-image size-full\"><img decoding=\"async\" width=\"498\" height=\"800\" src=\"https:\/\/www.yilebathrooms.com\/wp-content\/uploads\/2026\/02\/Wholesale-Back-to-Wall-Smart-Toilet-1-1.webp\" alt=\"Sanita inteligente de costas para a parede por atacado\" class=\"wp-image-729\" srcset=\"https:\/\/www.yilebathrooms.com\/wp-content\/uploads\/2026\/02\/Wholesale-Back-to-Wall-Smart-Toilet-1-1.webp 498w, https:\/\/www.yilebathrooms.com\/wp-content\/uploads\/2026\/02\/Wholesale-Back-to-Wall-Smart-Toilet-1-1-187x300.webp 187w, https:\/\/www.yilebathrooms.com\/wp-content\/uploads\/2026\/02\/Wholesale-Back-to-Wall-Smart-Toilet-1-1-7x12.webp 7w\" sizes=\"(max-width: 498px) 100vw, 498px\" \/><\/figure>\n<\/div>\n\n\n\n<div class=\"wp-block-column is-layout-flow wp-block-column-is-layout-flow\">\n<figure class=\"wp-block-image size-full\"><img decoding=\"async\" width=\"498\" height=\"800\" src=\"https:\/\/www.yilebathrooms.com\/wp-content\/uploads\/2026\/02\/Wholesale-Back-to-Wall-Smart-Toilet-1.webp\" alt=\"Sanita inteligente de costas para a parede por atacado\" class=\"wp-image-728\" srcset=\"https:\/\/www.yilebathrooms.com\/wp-content\/uploads\/2026\/02\/Wholesale-Back-to-Wall-Smart-Toilet-1.webp 498w, https:\/\/www.yilebathrooms.com\/wp-content\/uploads\/2026\/02\/Wholesale-Back-to-Wall-Smart-Toilet-1-187x300.webp 187w, https:\/\/www.yilebathrooms.com\/wp-content\/uploads\/2026\/02\/Wholesale-Back-to-Wall-Smart-Toilet-1-7x12.webp 7w\" sizes=\"(max-width: 498px) 100vw, 498px\" \/><\/figure>\n<\/div>\n<\/div>\n\n\n\n<div class=\"wp-block-columns is-layout-flex wp-container-core-columns-is-layout-9d6595d7 wp-block-columns-is-layout-flex\">\n<div class=\"wp-block-column is-layout-flow wp-block-column-is-layout-flow\">\n<figure class=\"wp-block-image size-full\"><img decoding=\"async\" width=\"392\" height=\"800\" src=\"https:\/\/www.yilebathrooms.com\/wp-content\/uploads\/2026\/02\/Wholesale-Back-to-Wall-Smart-Toilet-3.webp\" alt=\"Sanita inteligente de costas para a parede por atacado\" class=\"wp-image-731\" srcset=\"https:\/\/www.yilebathrooms.com\/wp-content\/uploads\/2026\/02\/Wholesale-Back-to-Wall-Smart-Toilet-3.webp 392w, https:\/\/www.yilebathrooms.com\/wp-content\/uploads\/2026\/02\/Wholesale-Back-to-Wall-Smart-Toilet-3-147x300.webp 147w, https:\/\/www.yilebathrooms.com\/wp-content\/uploads\/2026\/02\/Wholesale-Back-to-Wall-Smart-Toilet-3-6x12.webp 6w\" sizes=\"(max-width: 392px) 100vw, 392px\" \/><\/figure>\n<\/div>\n\n\n\n<div class=\"wp-block-column is-layout-flow wp-block-column-is-layout-flow\">\n<figure class=\"wp-block-image size-full\"><img decoding=\"async\" width=\"392\" height=\"800\" src=\"https:\/\/www.yilebathrooms.com\/wp-content\/uploads\/2026\/02\/Wholesale-Back-to-Wall-Smart-Toilet-2.webp\" alt=\"Sanita inteligente de costas para a parede por atacado\" class=\"wp-image-730\" srcset=\"https:\/\/www.yilebathrooms.com\/wp-content\/uploads\/2026\/02\/Wholesale-Back-to-Wall-Smart-Toilet-2.webp 392w, https:\/\/www.yilebathrooms.com\/wp-content\/uploads\/2026\/02\/Wholesale-Back-to-Wall-Smart-Toilet-2-147x300.webp 147w, https:\/\/www.yilebathrooms.com\/wp-content\/uploads\/2026\/02\/Wholesale-Back-to-Wall-Smart-Toilet-2-6x12.webp 6w\" sizes=\"(max-width: 392px) 100vw, 392px\" \/><\/figure>\n<\/div>\n\n\n\n<div class=\"wp-block-column is-layout-flow wp-block-column-is-layout-flow\">\n<figure class=\"wp-block-image size-full\"><img decoding=\"async\" width=\"392\" height=\"800\" src=\"https:\/\/www.yilebathrooms.com\/wp-content\/uploads\/2026\/02\/Wholesale-Back-to-Wall-Smart-Toilet-4.webp\" alt=\"Sanita inteligente de costas para a parede por atacado\" class=\"wp-image-732\" srcset=\"https:\/\/www.yilebathrooms.com\/wp-content\/uploads\/2026\/02\/Wholesale-Back-to-Wall-Smart-Toilet-4.webp 392w, https:\/\/www.yilebathrooms.com\/wp-content\/uploads\/2026\/02\/Wholesale-Back-to-Wall-Smart-Toilet-4-147x300.webp 147w, https:\/\/www.yilebathrooms.com\/wp-content\/uploads\/2026\/02\/Wholesale-Back-to-Wall-Smart-Toilet-4-6x12.webp 6w\" sizes=\"(max-width: 392px) 100vw, 392px\" \/><\/figure>\n<\/div>\n<\/div>\n\n\n\n<div class=\"wp-block-columns is-layout-flex wp-container-core-columns-is-layout-9d6595d7 wp-block-columns-is-layout-flex\">\n<div class=\"wp-block-column is-layout-flow wp-block-column-is-layout-flow\">\n<figure class=\"wp-block-image size-full\"><img decoding=\"async\" width=\"800\" height=\"1040\" src=\"https:\/\/www.yilebathrooms.com\/wp-content\/uploads\/2026\/02\/back-to-wall-smart-toilet-specifications.webp\" alt=\"especifica\u00e7\u00f5es da sanita inteligente de encosto \u00e0 parede\" class=\"wp-image-666\" srcset=\"https:\/\/www.yilebathrooms.com\/wp-content\/uploads\/2026\/02\/back-to-wall-smart-toilet-specifications.webp 800w, https:\/\/www.yilebathrooms.com\/wp-content\/uploads\/2026\/02\/back-to-wall-smart-toilet-specifications-231x300.webp 231w, https:\/\/www.yilebathrooms.com\/wp-content\/uploads\/2026\/02\/back-to-wall-smart-toilet-specifications-768x998.webp 768w, https:\/\/www.yilebathrooms.com\/wp-content\/uploads\/2026\/02\/back-to-wall-smart-toilet-specifications-9x12.webp 9w, https:\/\/www.yilebathrooms.com\/wp-content\/uploads\/2026\/02\/back-to-wall-smart-toilet-specifications-600x780.webp 600w\" sizes=\"(max-width: 800px) 100vw, 800px\" \/><\/figure>\n<\/div>\n\n\n\n<div class=\"wp-block-column is-layout-flow wp-block-column-is-layout-flow\">\n<figure class=\"wp-block-image size-full\"><img decoding=\"async\" width=\"800\" height=\"1040\" src=\"https:\/\/www.yilebathrooms.com\/wp-content\/uploads\/2026\/02\/back-to-wall-smart-toilet-specification.webp\" alt=\"especifica\u00e7\u00e3o de sanita inteligente de encosto \u00e0 parede\" class=\"wp-image-668\" style=\"aspect-ratio:3\/4;object-fit:cover\" srcset=\"https:\/\/www.yilebathrooms.com\/wp-content\/uploads\/2026\/02\/back-to-wall-smart-toilet-specification.webp 800w, https:\/\/www.yilebathrooms.com\/wp-content\/uploads\/2026\/02\/back-to-wall-smart-toilet-specification-231x300.webp 231w, https:\/\/www.yilebathrooms.com\/wp-content\/uploads\/2026\/02\/back-to-wall-smart-toilet-specification-768x998.webp 768w, https:\/\/www.yilebathrooms.com\/wp-content\/uploads\/2026\/02\/back-to-wall-smart-toilet-specification-9x12.webp 9w, https:\/\/www.yilebathrooms.com\/wp-content\/uploads\/2026\/02\/back-to-wall-smart-toilet-specification-600x780.webp 600w\" sizes=\"(max-width: 800px) 100vw, 800px\" \/><\/figure>\n<\/div>\n<\/div>\n\n\n\n<div class=\"wp-block-columns is-layout-flex wp-container-core-columns-is-layout-9d6595d7 wp-block-columns-is-layout-flex\">\n<div class=\"wp-block-column is-layout-flow wp-block-column-is-layout-flow\"><\/div>\n\n\n\n<div class=\"wp-block-column is-layout-flow wp-block-column-is-layout-flow\"><\/div>\n<\/div>","protected":false},"excerpt":{"rendered":"<p>A sanita inteligente Snotor de encosto \u00e0 parede oferece um encaixe universal, uma potente descarga sem press\u00e3o, higiene sem fendas, funcionamento sem toque e fun\u00e7\u00f5es pr\u00e1ticas. Venda por grosso direta da f\u00e1brica com op\u00e7\u00f5es OEM dispon\u00edveis. Bem-vindo a contactar-nos para um or\u00e7amento!<\/p>\n<h2>Especifica\u00e7\u00f5es t\u00e9cnicas<\/h2>\n<table>\n<tbody>\n<tr>\n<th>Artigo<\/th>\n<th>Especifica\u00e7\u00e3o<\/th>\n<\/tr>\n<tr>\n<td>Tipo de descarga<\/td>\n<td>Sif\u00f3nico (Descarga de Tornado Silencioso)<\/td>\n<\/tr>\n<tr>\n<td>Tipo de drenagem<\/td>\n<td>S-trap \/P-trap<\/td>\n<\/tr>\n<tr>\n<td>Tamanho da instala\u00e7\u00e3o<\/td>\n<td>S-trap: 60-280mm<br \/>P-trap: 180mm<\/td>\n<\/tr>\n<tr>\n<td>Tens\u00e3o\/Pot\u00eancia<\/td>\n<td>110V-240V, 50\/60Hz (tipo de ficha personaliz\u00e1vel)<\/td>\n<\/tr>\n<tr>\n<td>M\u00e9todo de aquecimento<\/td>\n<td>Aquecimento instant\u00e2neo de cer\u00e2mica (\u00e1gua quente constante)<\/td>\n<\/tr>\n<tr>\n<td>M\u00e9todo de controlo<\/td>\n<td>Controlo remoto \/ Bot\u00e3o lateral \/ Sensor de p\u00e9<\/td>\n<\/tr>\n<tr>\n<td>Material<\/td>\n<td>Corpo em cer\u00e2mica antibacteriana + revestimento do assento em UF\/PP<\/td>\n<\/tr>\n<tr>\n<td>N\u00edvel de impermeabilidade<\/td>\n<td>IPX4 (Norma para componentes electr\u00f3nicos)<\/td>\n<\/tr>\n<tr>\n<td>Personaliza\u00e7\u00e3o<\/td>\n<td>Log\u00f3tipo, cor, m\u00f3dulos funcionais<\/td>\n<\/tr>\n<tr>\n<td>Certifica\u00e7\u00f5es<\/td>\n<td>CE, RoHS, cUPC, WaterMark, SAA<\/td>\n<\/tr>\n<\/tbody>\n<\/table>","protected":false},"featured_media":667,"comment_status":"closed","ping_status":"closed","template":"","meta":{"_acf_changed":false},"product_brand":[],"product_cat":[21,19],"product_tag":[],"class_list":{"0":"post-659","1":"product","2":"type-product","3":"status-publish","4":"has-post-thumbnail","6":"product_cat-tankless-smart-toilet-wholesale","7":"product_cat-back-to-wall-smart-toilet-wholesale","9":"first","10":"instock","11":"shipping-taxable","12":"product-type-simple"},"acf":[],"_links":{"self":[{"href":"https:\/\/www.yilebathrooms.com\/pt\/wp-json\/wp\/v2\/product\/659","targetHints":{"allow":["GET"]}}],"collection":[{"href":"https:\/\/www.yilebathrooms.com\/pt\/wp-json\/wp\/v2\/product"}],"about":[{"href":"https:\/\/www.yilebathrooms.com\/pt\/wp-json\/wp\/v2\/types\/product"}],"replies":[{"embeddable":true,"href":"https:\/\/www.yilebathrooms.com\/pt\/wp-json\/wp\/v2\/comments?post=659"}],"wp:featuredmedia":[{"embeddable":true,"href":"https:\/\/www.yilebathrooms.com\/pt\/wp-json\/wp\/v2\/media\/667"}],"wp:attachment":[{"href":"https:\/\/www.yilebathrooms.com\/pt\/wp-json\/wp\/v2\/media?parent=659"}],"wp:term":[{"taxonomy":"product_brand","embeddable":true,"href":"https:\/\/www.yilebathrooms.com\/pt\/wp-json\/wp\/v2\/product_brand?post=659"},{"taxonomy":"product_cat","embeddable":true,"href":"https:\/\/www.yilebathrooms.com\/pt\/wp-json\/wp\/v2\/product_cat?post=659"},{"taxonomy":"product_tag","embeddable":true,"href":"https:\/\/www.yilebathrooms.com\/pt\/wp-json\/wp\/v2\/product_tag?post=659"}],"curies":[{"name":"wp","href":"https:\/\/api.w.org\/{rel}","templated":true}]}}