{"id":405,"date":"2026-01-09T09:05:24","date_gmt":"2026-01-09T09:05:24","guid":{"rendered":"https:\/\/www.yilebathrooms.com\/?post_type=product&#038;p=405"},"modified":"2026-01-09T09:05:24","modified_gmt":"2026-01-09T09:05:24","slug":"one-piece-smart-toilet-wholesale","status":"publish","type":"product","link":"https:\/\/www.yilebathrooms.com\/pt\/product\/one-piece-smart-toilet-wholesale\/","title":{"rendered":"Vaso sanit\u00e1rio inteligente de uma pe\u00e7a por atacado, vaso sanit\u00e1rio inteligente de altura confort\u00e1vel Fabricante"},"content":{"rendered":"<div class=\"wp-block-columns is-layout-flex wp-container-core-columns-is-layout-9d6595d7 wp-block-columns-is-layout-flex\">\n<div class=\"wp-block-column is-layout-flow wp-block-column-is-layout-flow\">\n<h2 class=\"wp-block-heading\">Sanita inteligente de uma s\u00f3 pe\u00e7a Carater\u00edsticas:<\/h2>\n\n\n\n<p><strong>Design de descarga potente: <\/strong>Remove r\u00e1pida e eficazmente os res\u00edduos, incorporando simultaneamente tecnologia de poupan\u00e7a de \u00e1gua para reduzir o desperd\u00edcio de \u00e1gua, em conformidade com os princ\u00edpios de prote\u00e7\u00e3o ambiental e poupando-lhe contas de \u00e1gua significativas a longo prazo.<\/p>\n\n\n\n<p><strong>Materiais de qualidade superior: <\/strong>Utilizando materiais cer\u00e2micos, pl\u00e1sticos e met\u00e1licos de alta qualidade e submetidos a rigorosos testes de qualidade, garantindo que o produto \u00e9 robusto, dur\u00e1vel, resistente ao desgaste, resistente \u00e0 corros\u00e3o e tem uma longa vida \u00fatil.<\/p>\n\n\n\n<p><strong>Abertura autom\u00e1tica da tampa: <\/strong>Equipada com tecnologia de sensor avan\u00e7ada, a tampa da sanita abre-se autom\u00e1tica e lentamente quando algu\u00e9m se aproxima, eliminando a necessidade de contacto com as m\u00e3os e evitando eficazmente a contamina\u00e7\u00e3o cruzada de bact\u00e9rias.<\/p>\n\n\n\n<p><strong>Bocal de auto-limpeza:<\/strong> O bico limpa e desinfecta automaticamente antes e depois de cada utiliza\u00e7\u00e3o, assegurando que a cabe\u00e7a de pulveriza\u00e7\u00e3o permanece limpa e higi\u00e9nica, fornecendo-lhe \u00e1gua de lavagem segura e fi\u00e1vel.<\/p>\n\n\n\n<p><strong>Assento aquecido:<\/strong> O sistema de assento aquecido incorporado permite ajustar a temperatura do assento de acordo com a temperatura ambiente e as prefer\u00eancias pessoais, proporcionando uma experi\u00eancia quente e confort\u00e1vel mesmo nos Invernos frios, eliminando a preocupa\u00e7\u00e3o de se sentar num assento de sanita frio.<\/p>\n<\/div>\n\n\n\n<div class=\"wp-block-column is-layout-flow wp-block-column-is-layout-flow\"><div class=\"wp-block-image\">\n<figure class=\"aligncenter size-full\"><img decoding=\"async\" width=\"635\" height=\"635\" src=\"https:\/\/www.yilebathrooms.com\/wp-content\/uploads\/2026\/01\/one-piece-smart-toilet-wholesale-9.webp\" alt=\"sanita inteligente de uma pe\u00e7a por atacado (9)\" class=\"wp-image-424\" srcset=\"https:\/\/www.yilebathrooms.com\/wp-content\/uploads\/2026\/01\/one-piece-smart-toilet-wholesale-9.webp 635w, https:\/\/www.yilebathrooms.com\/wp-content\/uploads\/2026\/01\/one-piece-smart-toilet-wholesale-9-300x300.webp 300w, https:\/\/www.yilebathrooms.com\/wp-content\/uploads\/2026\/01\/one-piece-smart-toilet-wholesale-9-150x150.webp 150w, https:\/\/www.yilebathrooms.com\/wp-content\/uploads\/2026\/01\/one-piece-smart-toilet-wholesale-9-600x600.webp 600w, https:\/\/www.yilebathrooms.com\/wp-content\/uploads\/2026\/01\/one-piece-smart-toilet-wholesale-9-100x100.webp 100w\" sizes=\"(max-width: 635px) 100vw, 635px\" \/><\/figure>\n<\/div><\/div>\n<\/div>\n\n\n\n<div class=\"wp-block-columns is-layout-flex wp-container-core-columns-is-layout-9d6595d7 wp-block-columns-is-layout-flex\">\n<div class=\"wp-block-column is-layout-flow wp-block-column-is-layout-flow\">\n<h2 class=\"wp-block-heading\">Tamanho da sanita inteligente de uma pe\u00e7a:<\/h2>\n\n\n\n<figure class=\"wp-block-table\"><table class=\"has-fixed-layout\"><tbody><tr><td><strong>Modelo<\/strong><\/td><td><strong>Tamanho<\/strong><\/td><td><strong>Tamanho da instala\u00e7\u00e3o<\/strong><\/td><\/tr><tr><td>M3<\/td><td>638X408X455mm<\/td><td>S-trap: 80-120mm(IS32)<br>S-trap: 100-140mm(lS33)-Optional<br>P-trap: l80mm Desbaste<\/td><\/tr><tr><td>M5<\/td><td>638X408X455mm<\/td><td>S-trap: 80-120mm(IS32)<br>S-trap: 100-140mm(lS33)-0ptional<br>P-trap: l80mm Desbaste<\/td><\/tr><tr><td>M20<\/td><td>660X408X455mm<\/td><td>S-trap: 80-105mm(lS32)<br>S-trap: 100-140mm(lS33)-Optional<br>P-trap: 180mm Desbaste<\/td><\/tr><tr><td>M520<\/td><td>660X408X455mm<\/td><td>S-trap: 105-200mm(lS32)<br>S-trap: 125-230mm(lS33)-0ptional<br>P-trap: l8Omm Desbaste<\/td><\/tr><tr><td>M521<\/td><td>678X408X480mm<\/td><td>S-trap: 105-200mm(lS32)<br>S-trap: 125-230mm(lS33)-0ptional<br>P-trap: l8Omm Desbaste<\/td><\/tr><tr><td>M522<\/td><td>700X408X455mm<\/td><td>S-trap: 105-200mm(lS32)<br>S-trap: 125-230mm(lS33)-0ptional<br>P-trap: 18Omm Desbaste<\/td><\/tr><\/tbody><\/table><\/figure>\n\n\n\n<figure class=\"wp-block-image size-full\"><img decoding=\"async\" width=\"1500\" height=\"910\" src=\"https:\/\/www.yilebathrooms.com\/wp-content\/uploads\/2026\/01\/one-piece-smart-toilet-wholesale7-1.webp\" alt=\"sanita inteligente de uma pe\u00e7a por atacado(7)\" class=\"wp-image-416\" srcset=\"https:\/\/www.yilebathrooms.com\/wp-content\/uploads\/2026\/01\/one-piece-smart-toilet-wholesale7-1.webp 1500w, https:\/\/www.yilebathrooms.com\/wp-content\/uploads\/2026\/01\/one-piece-smart-toilet-wholesale7-1-300x182.webp 300w, https:\/\/www.yilebathrooms.com\/wp-content\/uploads\/2026\/01\/one-piece-smart-toilet-wholesale7-1-768x466.webp 768w, https:\/\/www.yilebathrooms.com\/wp-content\/uploads\/2026\/01\/one-piece-smart-toilet-wholesale7-1-1200x728.webp 1200w, https:\/\/www.yilebathrooms.com\/wp-content\/uploads\/2026\/01\/one-piece-smart-toilet-wholesale7-1-600x364.webp 600w\" sizes=\"(max-width: 1500px) 100vw, 1500px\" \/><\/figure>\n<\/div>\n<\/div>\n\n\n\n<div class=\"wp-block-columns is-layout-flex wp-container-core-columns-is-layout-9d6595d7 wp-block-columns-is-layout-flex\">\n<div class=\"wp-block-column is-layout-flow wp-block-column-is-layout-flow\">\n<figure class=\"wp-block-image size-full\"><img decoding=\"async\" width=\"1920\" height=\"1080\" src=\"https:\/\/www.yilebathrooms.com\/wp-content\/uploads\/2026\/01\/one-piece-smart-toilet-wholesale-4-1.webp\" alt=\"sanita inteligente de uma pe\u00e7a por atacado (4)\" class=\"wp-image-413\" srcset=\"https:\/\/www.yilebathrooms.com\/wp-content\/uploads\/2026\/01\/one-piece-smart-toilet-wholesale-4-1.webp 1920w, https:\/\/www.yilebathrooms.com\/wp-content\/uploads\/2026\/01\/one-piece-smart-toilet-wholesale-4-1-300x169.webp 300w, https:\/\/www.yilebathrooms.com\/wp-content\/uploads\/2026\/01\/one-piece-smart-toilet-wholesale-4-1-768x432.webp 768w, https:\/\/www.yilebathrooms.com\/wp-content\/uploads\/2026\/01\/one-piece-smart-toilet-wholesale-4-1-1200x675.webp 1200w, https:\/\/www.yilebathrooms.com\/wp-content\/uploads\/2026\/01\/one-piece-smart-toilet-wholesale-4-1-600x338.webp 600w\" sizes=\"(max-width: 1920px) 100vw, 1920px\" \/><\/figure>\n\n\n\n<figure class=\"wp-block-image size-full\"><img decoding=\"async\" width=\"1500\" height=\"910\" src=\"https:\/\/www.yilebathrooms.com\/wp-content\/uploads\/2026\/01\/one-piece-smart-toilet-wholesale5-1.webp\" alt=\"sanita inteligente de uma pe\u00e7a por atacado(5)\" class=\"wp-image-414\" srcset=\"https:\/\/www.yilebathrooms.com\/wp-content\/uploads\/2026\/01\/one-piece-smart-toilet-wholesale5-1.webp 1500w, https:\/\/www.yilebathrooms.com\/wp-content\/uploads\/2026\/01\/one-piece-smart-toilet-wholesale5-1-300x182.webp 300w, https:\/\/www.yilebathrooms.com\/wp-content\/uploads\/2026\/01\/one-piece-smart-toilet-wholesale5-1-768x466.webp 768w, https:\/\/www.yilebathrooms.com\/wp-content\/uploads\/2026\/01\/one-piece-smart-toilet-wholesale5-1-1200x728.webp 1200w, https:\/\/www.yilebathrooms.com\/wp-content\/uploads\/2026\/01\/one-piece-smart-toilet-wholesale5-1-600x364.webp 600w\" sizes=\"(max-width: 1500px) 100vw, 1500px\" \/><\/figure>\n<\/div>\n<\/div>\n\n\n\n<figure class=\"wp-block-image size-full\"><img decoding=\"async\" width=\"1500\" height=\"910\" src=\"https:\/\/www.yilebathrooms.com\/wp-content\/uploads\/2026\/01\/one-piece-smart-toilet-wholesale-6-1.webp\" alt=\"sanita inteligente de uma pe\u00e7a por atacado (6)\" class=\"wp-image-415\" srcset=\"https:\/\/www.yilebathrooms.com\/wp-content\/uploads\/2026\/01\/one-piece-smart-toilet-wholesale-6-1.webp 1500w, https:\/\/www.yilebathrooms.com\/wp-content\/uploads\/2026\/01\/one-piece-smart-toilet-wholesale-6-1-300x182.webp 300w, https:\/\/www.yilebathrooms.com\/wp-content\/uploads\/2026\/01\/one-piece-smart-toilet-wholesale-6-1-768x466.webp 768w, https:\/\/www.yilebathrooms.com\/wp-content\/uploads\/2026\/01\/one-piece-smart-toilet-wholesale-6-1-1200x728.webp 1200w, https:\/\/www.yilebathrooms.com\/wp-content\/uploads\/2026\/01\/one-piece-smart-toilet-wholesale-6-1-600x364.webp 600w\" sizes=\"(max-width: 1500px) 100vw, 1500px\" \/><\/figure>","protected":false},"excerpt":{"rendered":"<p>A nossa sanita inteligente de pe\u00e7a \u00fanica apresenta um design de alta pot\u00eancia e poupan\u00e7a de \u00e1gua, juntamente com um mecanismo autom\u00e1tico de abertura da tampa, bocal de auto-limpeza e assento aquecido. Garante uma limpeza eficiente, ao mesmo tempo que d\u00e1 prioridade ao conforto e ao respeito pelo ambiente. Adequado para projectos de melhoramento da casa, hotelaria e com\u00e9rcio grossista. Contacte-nos para um or\u00e7amento!<\/p>\n<h2>Especifica\u00e7\u00f5es t\u00e9cnicas<\/h2>\n<table>\n<tbody>\n<tr>\n<th>Artigo<\/th>\n<th>Especifica\u00e7\u00e3o<\/th>\n<\/tr>\n<tr>\n<td>Tipo de descarga<\/td>\n<td>Lavagem (Tornado)<\/td>\n<\/tr>\n<tr>\n<td>Tipo de drenagem<\/td>\n<td>S-trap \/P-trap<\/td>\n<\/tr>\n<tr>\n<td>Tamanho da instala\u00e7\u00e3o<\/td>\n<td>P-trap: 180mm Desbaste<\/td>\n<\/tr>\n<tr>\n<td>Tens\u00e3o\/Pot\u00eancia<\/td>\n<td>110V-240V, 50\/60Hz (tipo de ficha personaliz\u00e1vel)<\/td>\n<\/tr>\n<tr>\n<td>M\u00e9todo de aquecimento<\/td>\n<td>Aquecimento instant\u00e2neo de cer\u00e2mica (\u00e1gua quente constante)<\/td>\n<\/tr>\n<tr>\n<td>M\u00e9todo de controlo<\/td>\n<td>Controlo remoto \/ Bot\u00e3o lateral \/ Sensor de p\u00e9<\/td>\n<\/tr>\n<tr>\n<td>Material<\/td>\n<td>Corpo em cer\u00e2mica antibacteriana + revestimento do assento em UF\/PP<\/td>\n<\/tr>\n<tr>\n<td>N\u00edvel de impermeabilidade<\/td>\n<td>IPX4 (Norma para componentes electr\u00f3nicos)<\/td>\n<\/tr>\n<tr>\n<td>Personaliza\u00e7\u00e3o<\/td>\n<td>Log\u00f3tipo, cor, m\u00f3dulos funcionais<\/td>\n<\/tr>\n<tr>\n<td>Certifica\u00e7\u00f5es<\/td>\n<td>CE, RoHS, cUPC, WaterMark, SAA<\/td>\n<\/tr>\n<\/tbody>\n<\/table>","protected":false},"featured_media":419,"comment_status":"closed","ping_status":"closed","template":"","meta":{"_acf_changed":false},"product_brand":[],"product_cat":[21,19],"product_tag":[],"class_list":{"0":"post-405","1":"product","2":"type-product","3":"status-publish","4":"has-post-thumbnail","6":"product_cat-tankless-smart-toilet-wholesale","7":"product_cat-back-to-wall-smart-toilet-wholesale","9":"first","10":"instock","11":"shipping-taxable","12":"product-type-simple"},"acf":[],"_links":{"self":[{"href":"https:\/\/www.yilebathrooms.com\/pt\/wp-json\/wp\/v2\/product\/405","targetHints":{"allow":["GET"]}}],"collection":[{"href":"https:\/\/www.yilebathrooms.com\/pt\/wp-json\/wp\/v2\/product"}],"about":[{"href":"https:\/\/www.yilebathrooms.com\/pt\/wp-json\/wp\/v2\/types\/product"}],"replies":[{"embeddable":true,"href":"https:\/\/www.yilebathrooms.com\/pt\/wp-json\/wp\/v2\/comments?post=405"}],"wp:featuredmedia":[{"embeddable":true,"href":"https:\/\/www.yilebathrooms.com\/pt\/wp-json\/wp\/v2\/media\/419"}],"wp:attachment":[{"href":"https:\/\/www.yilebathrooms.com\/pt\/wp-json\/wp\/v2\/media?parent=405"}],"wp:term":[{"taxonomy":"product_brand","embeddable":true,"href":"https:\/\/www.yilebathrooms.com\/pt\/wp-json\/wp\/v2\/product_brand?post=405"},{"taxonomy":"product_cat","embeddable":true,"href":"https:\/\/www.yilebathrooms.com\/pt\/wp-json\/wp\/v2\/product_cat?post=405"},{"taxonomy":"product_tag","embeddable":true,"href":"https:\/\/www.yilebathrooms.com\/pt\/wp-json\/wp\/v2\/product_tag?post=405"}],"curies":[{"name":"wp","href":"https:\/\/api.w.org\/{rel}","templated":true}]}}