{"id":391,"date":"2026-01-09T09:05:24","date_gmt":"2026-01-09T09:05:24","guid":{"rendered":"https:\/\/www.yilebathrooms.com\/?post_type=product&#038;p=391"},"modified":"2026-01-09T09:05:24","modified_gmt":"2026-01-09T09:05:24","slug":"smart-toilet-with-tank-wholesale","status":"publish","type":"product","link":"https:\/\/www.yilebathrooms.com\/pt\/product\/smart-toilet-with-tank-wholesale\/","title":{"rendered":"Sanita inteligente com tanque por atacado, sanita inteligente com controlo remoto personalizado"},"content":{"rendered":"<div class=\"wp-block-columns is-layout-flex wp-container-core-columns-is-layout-9d6595d7 wp-block-columns-is-layout-flex\">\n<div class=\"wp-block-column is-layout-flow wp-block-column-is-layout-flow\">\n<h2 class=\"wp-block-heading\">Carater\u00edsticas da sanita inteligente com tanque:<\/h2>\n\n\n\n<p><strong>Tecnologia Vortex Flushing: <\/strong>A potente tecnologia de lavagem por v\u00f3rtice remove r\u00e1pida e completamente a sujidade e a fuligem, obtendo excelentes resultados de limpeza com uma \u00fanica descarga, conservando a \u00e1gua e aumentando a efici\u00eancia.<\/p>\n\n\n\n<p><strong>Dep\u00f3sito de \u00e1gua de alta qualidade: <\/strong>Equipado com um dep\u00f3sito de \u00e1gua de grande capacidade e de alta qualidade, garante um armazenamento de \u00e1gua est\u00e1vel e uma press\u00e3o de descarga forte e sustentada.<\/p>\n\n\n\n<p><strong>Tecnologia de dete\u00e7\u00e3o inteligente: <\/strong>Com um avan\u00e7ado sistema de dete\u00e7\u00e3o inteligente, a tampa da sanita abre-se automaticamente quando o utilizador se aproxima, eliminando a necessidade de contacto manual e evitando a propaga\u00e7\u00e3o de bact\u00e9rias para uma maior tranquilidade.<\/p>\n\n\n\n<p><strong>M\u00faltiplos modos de controlo: <\/strong>Suporta controlo remoto e controlo de p\u00e9. O controlo remoto \u00e9 simples e pr\u00e1tico, permitindo um ajuste f\u00e1cil de v\u00e1rias fun\u00e7\u00f5es; o controlo de p\u00e9 \u00e9 mais discreto e higi\u00e9nico, permitindo uma opera\u00e7\u00e3o f\u00e1cil mesmo quando as m\u00e3os est\u00e3o ocupadas.<\/p>\n\n\n\n<p><strong>Fun\u00e7\u00e3o de mem\u00f3ria:<\/strong> Inclui uma fun\u00e7\u00e3o de mem\u00f3ria inteligente que guarda automaticamente as fun\u00e7\u00f5es e defini\u00e7\u00f5es utilizadas com frequ\u00eancia, eliminando a necessidade de reajustamento na pr\u00f3xima vez e proporcionando uma experi\u00eancia mais f\u00e1cil de utilizar.<\/p>\n<\/div>\n\n\n\n<div class=\"wp-block-column is-layout-flow wp-block-column-is-layout-flow\"><div class=\"wp-block-image\">\n<figure class=\"aligncenter size-full\"><img decoding=\"async\" width=\"347\" height=\"347\" src=\"https:\/\/www.yilebathrooms.com\/wp-content\/uploads\/2026\/01\/smart-toilet-with-tank-wholesale-11.webp\" alt=\"sanita inteligente com tanque por atacado (11)\" class=\"wp-image-400\" srcset=\"https:\/\/www.yilebathrooms.com\/wp-content\/uploads\/2026\/01\/smart-toilet-with-tank-wholesale-11.webp 347w, https:\/\/www.yilebathrooms.com\/wp-content\/uploads\/2026\/01\/smart-toilet-with-tank-wholesale-11-300x300.webp 300w, https:\/\/www.yilebathrooms.com\/wp-content\/uploads\/2026\/01\/smart-toilet-with-tank-wholesale-11-150x150.webp 150w, https:\/\/www.yilebathrooms.com\/wp-content\/uploads\/2026\/01\/smart-toilet-with-tank-wholesale-11-100x100.webp 100w\" sizes=\"(max-width: 347px) 100vw, 347px\" \/><\/figure>\n<\/div><\/div>\n<\/div>\n\n\n\n<figure class=\"wp-block-image size-full\"><img decoding=\"async\" width=\"3130\" height=\"2124\" src=\"https:\/\/www.yilebathrooms.com\/wp-content\/uploads\/2026\/01\/smart-toilet-with-tank-wholesale-4.webp\" alt=\"sanita inteligente com tanque por atacado (4)\" class=\"wp-image-395\" srcset=\"https:\/\/www.yilebathrooms.com\/wp-content\/uploads\/2026\/01\/smart-toilet-with-tank-wholesale-4.webp 3130w, https:\/\/www.yilebathrooms.com\/wp-content\/uploads\/2026\/01\/smart-toilet-with-tank-wholesale-4-300x204.webp 300w, https:\/\/www.yilebathrooms.com\/wp-content\/uploads\/2026\/01\/smart-toilet-with-tank-wholesale-4-768x521.webp 768w, https:\/\/www.yilebathrooms.com\/wp-content\/uploads\/2026\/01\/smart-toilet-with-tank-wholesale-4-1200x814.webp 1200w, https:\/\/www.yilebathrooms.com\/wp-content\/uploads\/2026\/01\/smart-toilet-with-tank-wholesale-4-600x407.webp 600w\" sizes=\"(max-width: 3130px) 100vw, 3130px\" \/><\/figure>\n\n\n\n<div class=\"wp-block-columns is-layout-flex wp-container-core-columns-is-layout-9d6595d7 wp-block-columns-is-layout-flex\">\n<div class=\"wp-block-column is-layout-flow wp-block-column-is-layout-flow\">\n<h2 class=\"wp-block-heading\">Sanita inteligente com tanque de tamanho:<\/h2>\n\n\n\n<figure class=\"wp-block-table\"><table class=\"has-fixed-layout\"><tbody><tr><td><strong>Modelo<\/strong><\/td><td><strong>Tamanho<\/strong><\/td><\/tr><tr><td>6520<\/td><td>730X410X854mm<\/td><\/tr><\/tbody><\/table><\/figure>\n\n\n\n<figure class=\"wp-block-image size-full\"><img decoding=\"async\" width=\"3127\" height=\"2117\" src=\"https:\/\/www.yilebathrooms.com\/wp-content\/uploads\/2026\/01\/smart-toilet-with-tank-wholesale-5.webp\" alt=\"sanita inteligente com tanque por atacado (5)\" class=\"wp-image-396\" srcset=\"https:\/\/www.yilebathrooms.com\/wp-content\/uploads\/2026\/01\/smart-toilet-with-tank-wholesale-5.webp 3127w, https:\/\/www.yilebathrooms.com\/wp-content\/uploads\/2026\/01\/smart-toilet-with-tank-wholesale-5-300x203.webp 300w, https:\/\/www.yilebathrooms.com\/wp-content\/uploads\/2026\/01\/smart-toilet-with-tank-wholesale-5-768x520.webp 768w, https:\/\/www.yilebathrooms.com\/wp-content\/uploads\/2026\/01\/smart-toilet-with-tank-wholesale-5-1200x812.webp 1200w, https:\/\/www.yilebathrooms.com\/wp-content\/uploads\/2026\/01\/smart-toilet-with-tank-wholesale-5-600x406.webp 600w\" sizes=\"(max-width: 3127px) 100vw, 3127px\" \/><\/figure>\n<\/div>\n<\/div>\n\n\n\n<div class=\"wp-block-columns is-layout-flex wp-container-core-columns-is-layout-9d6595d7 wp-block-columns-is-layout-flex\">\n<div class=\"wp-block-column is-layout-flow wp-block-column-is-layout-flow\">\n<figure class=\"wp-block-image size-full\"><img decoding=\"async\" width=\"3123\" height=\"1780\" src=\"https:\/\/www.yilebathrooms.com\/wp-content\/uploads\/2026\/01\/smart-toilet-with-tank-wholesale-6.webp\" alt=\"sanita inteligente com tanque por atacado (6)\" class=\"wp-image-397\" srcset=\"https:\/\/www.yilebathrooms.com\/wp-content\/uploads\/2026\/01\/smart-toilet-with-tank-wholesale-6.webp 3123w, https:\/\/www.yilebathrooms.com\/wp-content\/uploads\/2026\/01\/smart-toilet-with-tank-wholesale-6-300x171.webp 300w, https:\/\/www.yilebathrooms.com\/wp-content\/uploads\/2026\/01\/smart-toilet-with-tank-wholesale-6-768x438.webp 768w, https:\/\/www.yilebathrooms.com\/wp-content\/uploads\/2026\/01\/smart-toilet-with-tank-wholesale-6-1200x684.webp 1200w, https:\/\/www.yilebathrooms.com\/wp-content\/uploads\/2026\/01\/smart-toilet-with-tank-wholesale-6-600x342.webp 600w\" sizes=\"(max-width: 3123px) 100vw, 3123px\" \/><\/figure>\n\n\n\n<figure class=\"wp-block-image size-full\"><img decoding=\"async\" width=\"3126\" height=\"2046\" src=\"https:\/\/www.yilebathrooms.com\/wp-content\/uploads\/2026\/01\/smart-toilet-with-tank-wholesale-7.webp\" alt=\"sanita inteligente com tanque por atacado (7)\" class=\"wp-image-398\" srcset=\"https:\/\/www.yilebathrooms.com\/wp-content\/uploads\/2026\/01\/smart-toilet-with-tank-wholesale-7.webp 3126w, https:\/\/www.yilebathrooms.com\/wp-content\/uploads\/2026\/01\/smart-toilet-with-tank-wholesale-7-300x196.webp 300w, https:\/\/www.yilebathrooms.com\/wp-content\/uploads\/2026\/01\/smart-toilet-with-tank-wholesale-7-768x503.webp 768w, https:\/\/www.yilebathrooms.com\/wp-content\/uploads\/2026\/01\/smart-toilet-with-tank-wholesale-7-1200x785.webp 1200w, https:\/\/www.yilebathrooms.com\/wp-content\/uploads\/2026\/01\/smart-toilet-with-tank-wholesale-7-600x393.webp 600w\" sizes=\"(max-width: 3126px) 100vw, 3126px\" \/><\/figure>\n\n\n\n<figure class=\"wp-block-image size-full\"><img decoding=\"async\" width=\"3126\" height=\"2227\" src=\"https:\/\/www.yilebathrooms.com\/wp-content\/uploads\/2026\/01\/smart-toilet-with-tank-wholesale-8.webp\" alt=\"sanita inteligente com tanque por atacado (8)\" class=\"wp-image-399\" srcset=\"https:\/\/www.yilebathrooms.com\/wp-content\/uploads\/2026\/01\/smart-toilet-with-tank-wholesale-8.webp 3126w, https:\/\/www.yilebathrooms.com\/wp-content\/uploads\/2026\/01\/smart-toilet-with-tank-wholesale-8-300x214.webp 300w, https:\/\/www.yilebathrooms.com\/wp-content\/uploads\/2026\/01\/smart-toilet-with-tank-wholesale-8-768x547.webp 768w, https:\/\/www.yilebathrooms.com\/wp-content\/uploads\/2026\/01\/smart-toilet-with-tank-wholesale-8-1200x855.webp 1200w, https:\/\/www.yilebathrooms.com\/wp-content\/uploads\/2026\/01\/smart-toilet-with-tank-wholesale-8-600x427.webp 600w\" sizes=\"(max-width: 3126px) 100vw, 3126px\" \/><\/figure>\n<\/div>\n<\/div>","protected":false},"excerpt":{"rendered":"<p>A sanita inteligente com tanque por atacado possui uma potente descarga de v\u00f3rtice e um tanque de \u00e1gua de grande capacidade, sensores inteligentes, um controlo remoto, um controlo de p\u00e9 e uma fun\u00e7\u00e3o de mem\u00f3ria. Suporta decora\u00e7\u00f5es personalizadas com LEDs e bot\u00f5es, adequadas para projectos de engenharia e compras por grosso. Contacte-nos para obter solu\u00e7\u00f5es por grosso e personalizadas.<\/p>\n<h2>Especifica\u00e7\u00f5es t\u00e9cnicas<\/h2>\n<table>\n<tbody>\n<tr>\n<th>Artigo<\/th>\n<th>Especifica\u00e7\u00e3o<\/th>\n<\/tr>\n<tr>\n<td>Tipo de descarga<\/td>\n<td>Lavagem (Tornado)<\/td>\n<\/tr>\n<tr>\n<td>Tipo de drenagem<\/td>\n<td>S-trap \/P-trap<\/td>\n<\/tr>\n<tr>\n<td>Tamanho da instala\u00e7\u00e3o<\/td>\n<td>S-trap: 160-260mm(lS33)<br \/>S-trap: 130-235mm(lS32)-Optional<br \/>S-trap: 155-295mm[lS17)-0ptional<br \/>S-trap: 80-195mm(lS18)-0ptional<br \/>P-trap: 180mm Desbaste<\/td>\n<\/tr>\n<tr>\n<td>Tens\u00e3o\/Pot\u00eancia<\/td>\n<td>110V-240V, 50\/60Hz (tipo de ficha personaliz\u00e1vel)<\/td>\n<\/tr>\n<tr>\n<td>M\u00e9todo de aquecimento<\/td>\n<td>Aquecimento instant\u00e2neo de cer\u00e2mica (\u00e1gua quente constante)<\/td>\n<\/tr>\n<tr>\n<td>M\u00e9todo de controlo<\/td>\n<td>Controlo remoto \/ Bot\u00e3o lateral \/ Sensor de p\u00e9<\/td>\n<\/tr>\n<tr>\n<td>Material<\/td>\n<td>Corpo em cer\u00e2mica antibacteriana + revestimento do assento em UF\/PP<\/td>\n<\/tr>\n<tr>\n<td>N\u00edvel de impermeabilidade<\/td>\n<td>IPX4 (Norma para componentes electr\u00f3nicos)<\/td>\n<\/tr>\n<tr>\n<td>Personaliza\u00e7\u00e3o<\/td>\n<td>Log\u00f3tipo, cor, m\u00f3dulos funcionais<\/td>\n<\/tr>\n<tr>\n<td>Certifica\u00e7\u00f5es<\/td>\n<td>CE, RoHS, cUPC, WaterMark, SAA<\/td>\n<\/tr>\n<\/tbody>\n<\/table>","protected":false},"featured_media":394,"comment_status":"closed","ping_status":"closed","template":"","meta":{"_acf_changed":false},"product_brand":[],"product_cat":[18,19],"product_tag":[],"class_list":{"0":"post-391","1":"product","2":"type-product","3":"status-publish","4":"has-post-thumbnail","6":"product_cat-two-piece-smart-toilet-wholesale","7":"product_cat-back-to-wall-smart-toilet-wholesale","9":"first","10":"instock","11":"shipping-taxable","12":"product-type-simple"},"acf":[],"_links":{"self":[{"href":"https:\/\/www.yilebathrooms.com\/pt\/wp-json\/wp\/v2\/product\/391","targetHints":{"allow":["GET"]}}],"collection":[{"href":"https:\/\/www.yilebathrooms.com\/pt\/wp-json\/wp\/v2\/product"}],"about":[{"href":"https:\/\/www.yilebathrooms.com\/pt\/wp-json\/wp\/v2\/types\/product"}],"replies":[{"embeddable":true,"href":"https:\/\/www.yilebathrooms.com\/pt\/wp-json\/wp\/v2\/comments?post=391"}],"wp:featuredmedia":[{"embeddable":true,"href":"https:\/\/www.yilebathrooms.com\/pt\/wp-json\/wp\/v2\/media\/394"}],"wp:attachment":[{"href":"https:\/\/www.yilebathrooms.com\/pt\/wp-json\/wp\/v2\/media?parent=391"}],"wp:term":[{"taxonomy":"product_brand","embeddable":true,"href":"https:\/\/www.yilebathrooms.com\/pt\/wp-json\/wp\/v2\/product_brand?post=391"},{"taxonomy":"product_cat","embeddable":true,"href":"https:\/\/www.yilebathrooms.com\/pt\/wp-json\/wp\/v2\/product_cat?post=391"},{"taxonomy":"product_tag","embeddable":true,"href":"https:\/\/www.yilebathrooms.com\/pt\/wp-json\/wp\/v2\/product_tag?post=391"}],"curies":[{"name":"wp","href":"https:\/\/api.w.org\/{rel}","templated":true}]}}