{"id":365,"date":"2026-01-09T09:05:24","date_gmt":"2026-01-09T09:05:24","guid":{"rendered":"https:\/\/www.yilebathrooms.com\/?post_type=product&#038;p=365"},"modified":"2026-01-09T09:05:24","modified_gmt":"2026-01-09T09:05:24","slug":"integrated-smart-toilet-wholesale","status":"publish","type":"product","link":"https:\/\/www.yilebathrooms.com\/pt\/product\/integrated-smart-toilet-wholesale\/","title":{"rendered":"Vaso sanit\u00e1rio inteligente integrado por atacado, melhor fornecedor de vaso sanit\u00e1rio inteligente moderno"},"content":{"rendered":"<div class=\"wp-block-columns is-layout-flex wp-container-core-columns-is-layout-9d6595d7 wp-block-columns-is-layout-flex\">\n<div class=\"wp-block-column is-layout-flow wp-block-column-is-layout-flow\">\n<h2 class=\"wp-block-heading\">Sanita inteligente integrada Carater\u00edsticas:<\/h2>\n\n\n\n<p><strong>Otimiza\u00e7\u00e3o da experi\u00eancia de limpeza:<\/strong> A Dewdrop Gentle Wash, a Buttock Wash, a Feminine Wash e a Child Wash satisfazem as necessidades de limpeza de v\u00e1rios utilizadores e de diferentes situa\u00e7\u00f5es, proporcionando uma experi\u00eancia de limpeza completa.<\/p>\n\n\n\n<p><strong>Bocal de auto-limpeza: <\/strong>O bocal \u00e9 auto-limpante antes e depois da utiliza\u00e7\u00e3o, evitando a prolifera\u00e7\u00e3o de bact\u00e9rias e a infe\u00e7\u00e3o cruzada, garantindo que cada utiliza\u00e7\u00e3o \u00e9 segura e higi\u00e9nica.<\/p>\n\n\n\n<p><strong>Aquecimento instant\u00e2neo: <\/strong>O banco utiliza tecnologia de aquecimento instant\u00e2neo para manter uma temperatura confort\u00e1vel, proporcionando uma experi\u00eancia quente mesmo com tempo frio.<\/p>\n\n\n\n<p><strong>Tecnologia de lavagem por ciclone: <\/strong>Equipado com um potente sistema de lavagem por ciclone, a for\u00e7a de lavagem \u00e9 forte e r\u00e1pida, lavando facilmente a sujidade e conservando eficazmente a \u00e1gua.<\/p>\n\n\n\n<p><strong>Duas op\u00e7\u00f5es de instala\u00e7\u00e3o: <\/strong>Oferece duas op\u00e7\u00f5es de instala\u00e7\u00e3o flex\u00edveis: um reservat\u00f3rio oculto com uma v\u00e1lvula de entrada e um reservat\u00f3rio oculto com uma mangueira, permitindo-lhe escolher de acordo com as diferentes disposi\u00e7\u00f5es da casa de banho e requisitos de decora\u00e7\u00e3o.<\/p>\n\n\n\n<p><strong>Assento decorativo personaliz\u00e1vel: <\/strong>Equipado com tampas de ecr\u00e3 LED em v\u00e1rios materiais e cores (como n\u00edquel escovado, ouro rosa, etc.) e tampas de bot\u00e3o (como ouro rosa, prata, etc.), combinando com diferentes estilos de decora\u00e7\u00e3o de casa de banho e melhorando a est\u00e9tica geral.<\/p>\n<\/div>\n\n\n\n<div class=\"wp-block-column is-layout-flow wp-block-column-is-layout-flow\">\n<figure class=\"wp-block-image size-full\"><img decoding=\"async\" width=\"3126\" height=\"3073\" src=\"https:\/\/www.yilebathrooms.com\/wp-content\/uploads\/2026\/01\/integrated-smart-toilet-wholesale-4.webp\" alt=\"sanita inteligente integrada por atacado (4)\" class=\"wp-image-371\" srcset=\"https:\/\/www.yilebathrooms.com\/wp-content\/uploads\/2026\/01\/integrated-smart-toilet-wholesale-4.webp 3126w, https:\/\/www.yilebathrooms.com\/wp-content\/uploads\/2026\/01\/integrated-smart-toilet-wholesale-4-300x295.webp 300w, https:\/\/www.yilebathrooms.com\/wp-content\/uploads\/2026\/01\/integrated-smart-toilet-wholesale-4-768x755.webp 768w, https:\/\/www.yilebathrooms.com\/wp-content\/uploads\/2026\/01\/integrated-smart-toilet-wholesale-4-1200x1180.webp 1200w, https:\/\/www.yilebathrooms.com\/wp-content\/uploads\/2026\/01\/integrated-smart-toilet-wholesale-4-600x590.webp 600w\" sizes=\"(max-width: 3126px) 100vw, 3126px\" \/><\/figure>\n<\/div>\n<\/div>\n\n\n\n<figure class=\"wp-block-image size-full\"><img decoding=\"async\" width=\"3126\" height=\"2122\" src=\"https:\/\/www.yilebathrooms.com\/wp-content\/uploads\/2026\/01\/integrated-smart-toilet-wholesale10.webp\" alt=\"sanita inteligente integrada por atacado(10)\" class=\"wp-image-376\" srcset=\"https:\/\/www.yilebathrooms.com\/wp-content\/uploads\/2026\/01\/integrated-smart-toilet-wholesale10.webp 3126w, https:\/\/www.yilebathrooms.com\/wp-content\/uploads\/2026\/01\/integrated-smart-toilet-wholesale10-300x204.webp 300w, https:\/\/www.yilebathrooms.com\/wp-content\/uploads\/2026\/01\/integrated-smart-toilet-wholesale10-768x521.webp 768w, https:\/\/www.yilebathrooms.com\/wp-content\/uploads\/2026\/01\/integrated-smart-toilet-wholesale10-1200x815.webp 1200w, https:\/\/www.yilebathrooms.com\/wp-content\/uploads\/2026\/01\/integrated-smart-toilet-wholesale10-600x407.webp 600w\" sizes=\"(max-width: 3126px) 100vw, 3126px\" \/><\/figure>\n\n\n\n<div class=\"wp-block-columns is-layout-flex wp-container-core-columns-is-layout-9d6595d7 wp-block-columns-is-layout-flex\">\n<div class=\"wp-block-column is-layout-flow wp-block-column-is-layout-flow\">\n<h2 class=\"wp-block-heading\">Sanita inteligente integrada Tamanho:<\/h2>\n\n\n\n<figure class=\"wp-block-table\"><table class=\"has-fixed-layout\"><tbody><tr><td><strong>Modelo<\/strong><\/td><td><strong>Tamanho<\/strong><\/td><\/tr><tr><td>3520<\/td><td>600X385X480mm<\/td><\/tr><tr><td>3521<\/td><td>600X385X480mm<\/td><\/tr><\/tbody><\/table><\/figure>\n\n\n\n<figure class=\"wp-block-image size-full\"><img decoding=\"async\" width=\"3126\" height=\"2107\" src=\"https:\/\/www.yilebathrooms.com\/wp-content\/uploads\/2026\/01\/integrated-smart-toilet-wholesale-5.webp\" alt=\"sanita inteligente integrada por atacado (5)\" class=\"wp-image-372\" srcset=\"https:\/\/www.yilebathrooms.com\/wp-content\/uploads\/2026\/01\/integrated-smart-toilet-wholesale-5.webp 3126w, https:\/\/www.yilebathrooms.com\/wp-content\/uploads\/2026\/01\/integrated-smart-toilet-wholesale-5-300x202.webp 300w, https:\/\/www.yilebathrooms.com\/wp-content\/uploads\/2026\/01\/integrated-smart-toilet-wholesale-5-768x518.webp 768w, https:\/\/www.yilebathrooms.com\/wp-content\/uploads\/2026\/01\/integrated-smart-toilet-wholesale-5-1200x809.webp 1200w, https:\/\/www.yilebathrooms.com\/wp-content\/uploads\/2026\/01\/integrated-smart-toilet-wholesale-5-600x404.webp 600w\" sizes=\"(max-width: 3126px) 100vw, 3126px\" \/><\/figure>\n<\/div>\n<\/div>\n\n\n\n<div class=\"wp-block-columns is-layout-flex wp-container-core-columns-is-layout-9d6595d7 wp-block-columns-is-layout-flex\">\n<div class=\"wp-block-column is-layout-flow wp-block-column-is-layout-flow\">\n<figure class=\"wp-block-image size-full\"><img decoding=\"async\" width=\"3126\" height=\"1626\" src=\"https:\/\/www.yilebathrooms.com\/wp-content\/uploads\/2026\/01\/integrated-smart-toilet-wholesale6.webp\" alt=\"sanita inteligente integrada por atacado(6)\" class=\"wp-image-373\" srcset=\"https:\/\/www.yilebathrooms.com\/wp-content\/uploads\/2026\/01\/integrated-smart-toilet-wholesale6.webp 3126w, https:\/\/www.yilebathrooms.com\/wp-content\/uploads\/2026\/01\/integrated-smart-toilet-wholesale6-300x156.webp 300w, https:\/\/www.yilebathrooms.com\/wp-content\/uploads\/2026\/01\/integrated-smart-toilet-wholesale6-768x399.webp 768w, https:\/\/www.yilebathrooms.com\/wp-content\/uploads\/2026\/01\/integrated-smart-toilet-wholesale6-1200x624.webp 1200w, https:\/\/www.yilebathrooms.com\/wp-content\/uploads\/2026\/01\/integrated-smart-toilet-wholesale6-600x312.webp 600w\" sizes=\"(max-width: 3126px) 100vw, 3126px\" \/><\/figure>\n\n\n\n<figure class=\"wp-block-image size-full\"><img decoding=\"async\" width=\"3126\" height=\"2118\" src=\"https:\/\/www.yilebathrooms.com\/wp-content\/uploads\/2026\/01\/integrated-smart-toilet-wholesale8.webp\" alt=\"sanita inteligente integrada por atacado(8)\" class=\"wp-image-374\" srcset=\"https:\/\/www.yilebathrooms.com\/wp-content\/uploads\/2026\/01\/integrated-smart-toilet-wholesale8.webp 3126w, https:\/\/www.yilebathrooms.com\/wp-content\/uploads\/2026\/01\/integrated-smart-toilet-wholesale8-300x203.webp 300w, https:\/\/www.yilebathrooms.com\/wp-content\/uploads\/2026\/01\/integrated-smart-toilet-wholesale8-768x520.webp 768w, https:\/\/www.yilebathrooms.com\/wp-content\/uploads\/2026\/01\/integrated-smart-toilet-wholesale8-1200x813.webp 1200w, https:\/\/www.yilebathrooms.com\/wp-content\/uploads\/2026\/01\/integrated-smart-toilet-wholesale8-600x407.webp 600w\" sizes=\"(max-width: 3126px) 100vw, 3126px\" \/><\/figure>\n\n\n\n<figure class=\"wp-block-image size-full\"><img decoding=\"async\" width=\"3126\" height=\"2191\" src=\"https:\/\/www.yilebathrooms.com\/wp-content\/uploads\/2026\/01\/integrated-smart-toilet-wholesale9.webp\" alt=\"sanita inteligente integrada por atacado(9)\" class=\"wp-image-375\" srcset=\"https:\/\/www.yilebathrooms.com\/wp-content\/uploads\/2026\/01\/integrated-smart-toilet-wholesale9.webp 3126w, https:\/\/www.yilebathrooms.com\/wp-content\/uploads\/2026\/01\/integrated-smart-toilet-wholesale9-300x210.webp 300w, https:\/\/www.yilebathrooms.com\/wp-content\/uploads\/2026\/01\/integrated-smart-toilet-wholesale9-768x538.webp 768w, https:\/\/www.yilebathrooms.com\/wp-content\/uploads\/2026\/01\/integrated-smart-toilet-wholesale9-1200x841.webp 1200w, https:\/\/www.yilebathrooms.com\/wp-content\/uploads\/2026\/01\/integrated-smart-toilet-wholesale9-600x421.webp 600w\" sizes=\"(max-width: 3126px) 100vw, 3126px\" \/><\/figure>\n<\/div>\n<\/div>","protected":false},"excerpt":{"rendered":"<p>A nossa sanita inteligente integrada por atacado combina lavagem multi-modo, um bocal de auto-limpeza, aquecimento instant\u00e2neo e um sistema de descarga por ciclone, garantindo higiene, seguran\u00e7a, conforto e efici\u00eancia h\u00eddrica. \u00c9 adequado para hot\u00e9is, projectos de constru\u00e7\u00e3o e distribui\u00e7\u00e3o por grosso. Contacte-nos para um or\u00e7amento por grosso!<\/p>\n<h2>Especifica\u00e7\u00f5es t\u00e9cnicas<\/h2>\n<table>\n<tbody>\n<tr>\n<th>Artigo<\/th>\n<th>Especifica\u00e7\u00e3o<\/th>\n<\/tr>\n<tr>\n<td>Tipo de descarga<\/td>\n<td>Lavagem (Tornado)<\/td>\n<\/tr>\n<tr>\n<td>Tipo de drenagem<\/td>\n<td>S-trap \/P-trap<\/td>\n<\/tr>\n<tr>\n<td>Tamanho da instala\u00e7\u00e3o<\/td>\n<td>S-trap: 115-140mm(IS33)<br \/>S-trap: 80-140mm(lS16)-0ptional<br \/>S-trap: 145-170mm(lS17)-0ptional<br \/>P-trap: 180mm<\/td>\n<\/tr>\n<tr>\n<td>Tens\u00e3o\/Pot\u00eancia<\/td>\n<td>110V-240V, 50\/60Hz (tipo de ficha personaliz\u00e1vel)<\/td>\n<\/tr>\n<tr>\n<td>M\u00e9todo de aquecimento<\/td>\n<td>Aquecimento instant\u00e2neo de cer\u00e2mica (\u00e1gua quente constante)<\/td>\n<\/tr>\n<tr>\n<td>M\u00e9todo de controlo<\/td>\n<td>Controlo remoto \/ Bot\u00e3o lateral \/ Sensor de p\u00e9<\/td>\n<\/tr>\n<tr>\n<td>Material<\/td>\n<td>Corpo em cer\u00e2mica antibacteriana + revestimento do assento em UF\/PP<\/td>\n<\/tr>\n<tr>\n<td>N\u00edvel de impermeabilidade<\/td>\n<td>IPX4 (Norma para componentes electr\u00f3nicos)<\/td>\n<\/tr>\n<tr>\n<td>Personaliza\u00e7\u00e3o<\/td>\n<td>Log\u00f3tipo, cor, m\u00f3dulos funcionais<\/td>\n<\/tr>\n<tr>\n<td>Certifica\u00e7\u00f5es<\/td>\n<td>CE, RoHS, cUPC, WaterMark, SAA<\/td>\n<\/tr>\n<\/tbody>\n<\/table>","protected":false},"featured_media":368,"comment_status":"closed","ping_status":"closed","template":"","meta":{"_acf_changed":false},"product_brand":[],"product_cat":[21,19],"product_tag":[],"class_list":{"0":"post-365","1":"product","2":"type-product","3":"status-publish","4":"has-post-thumbnail","6":"product_cat-tankless-smart-toilet-wholesale","7":"product_cat-back-to-wall-smart-toilet-wholesale","9":"first","10":"instock","11":"shipping-taxable","12":"product-type-simple"},"acf":[],"_links":{"self":[{"href":"https:\/\/www.yilebathrooms.com\/pt\/wp-json\/wp\/v2\/product\/365","targetHints":{"allow":["GET"]}}],"collection":[{"href":"https:\/\/www.yilebathrooms.com\/pt\/wp-json\/wp\/v2\/product"}],"about":[{"href":"https:\/\/www.yilebathrooms.com\/pt\/wp-json\/wp\/v2\/types\/product"}],"replies":[{"embeddable":true,"href":"https:\/\/www.yilebathrooms.com\/pt\/wp-json\/wp\/v2\/comments?post=365"}],"wp:featuredmedia":[{"embeddable":true,"href":"https:\/\/www.yilebathrooms.com\/pt\/wp-json\/wp\/v2\/media\/368"}],"wp:attachment":[{"href":"https:\/\/www.yilebathrooms.com\/pt\/wp-json\/wp\/v2\/media?parent=365"}],"wp:term":[{"taxonomy":"product_brand","embeddable":true,"href":"https:\/\/www.yilebathrooms.com\/pt\/wp-json\/wp\/v2\/product_brand?post=365"},{"taxonomy":"product_cat","embeddable":true,"href":"https:\/\/www.yilebathrooms.com\/pt\/wp-json\/wp\/v2\/product_cat?post=365"},{"taxonomy":"product_tag","embeddable":true,"href":"https:\/\/www.yilebathrooms.com\/pt\/wp-json\/wp\/v2\/product_tag?post=365"}],"curies":[{"name":"wp","href":"https:\/\/api.w.org\/{rel}","templated":true}]}}