{"id":218,"date":"2026-01-06T08:13:00","date_gmt":"2026-01-06T08:13:00","guid":{"rendered":"https:\/\/www.yilebathrooms.com\/?post_type=product&#038;p=218"},"modified":"2026-01-09T09:04:55","modified_gmt":"2026-01-09T09:04:55","slug":"tankless-smart-toilet-wholesale","status":"publish","type":"product","link":"https:\/\/www.yilebathrooms.com\/pt\/product\/tankless-smart-toilet-wholesale\/","title":{"rendered":"Banheiro inteligente moderno sem tanque por atacado, fabricante de banheiro inteligente com efici\u00eancia energ\u00e9tica"},"content":{"rendered":"<div class=\"wp-block-columns is-layout-flex wp-container-core-columns-is-layout-9d6595d7 wp-block-columns-is-layout-flex\">\n<div class=\"wp-block-column is-layout-flow wp-block-column-is-layout-flow\">\n<h2 class=\"wp-block-heading\">Sanita inteligente sem tanque Carater\u00edsticas:<\/h2>\n\n\n\n<div>\n<div><strong>Engenharia Avan\u00e7ada Tankless &nbsp; &nbsp;<\/strong> &nbsp; &nbsp; &nbsp; &nbsp; &nbsp;<\/div>\n<div>Est\u00e9tica que poupa espa\u00e7o, um design elegante e de baixo perfil que maximiza a \u00e1rea da casa de banho, ideal para apartamentos de luxo de alta densidade.&nbsp; &nbsp; &nbsp; &nbsp; &nbsp; &nbsp; &nbsp; &nbsp; &nbsp; &nbsp; &nbsp; &nbsp; &nbsp;<\/div>\n<div><strong>Estrutura de suporte em liga met\u00e1lica &nbsp; &nbsp; &nbsp; &nbsp;<\/strong> &nbsp; &nbsp;<\/div>\n<div>A estrutura de suporte em liga de alta resist\u00eancia proporciona uma excelente capacidade de carga, garantindo estabilidade e seguran\u00e7a para utilizadores de todos os tipos de corpo.&nbsp; &nbsp; &nbsp; &nbsp; &nbsp; &nbsp; &nbsp; &nbsp; &nbsp; &nbsp; &nbsp;&nbsp;<\/div>\n<div><strong>Tecnologia de aquecimento instant\u00e2neo &nbsp; &nbsp; &nbsp;<\/strong> &nbsp; &nbsp; &nbsp; &nbsp;<\/div>\n<div>Fornece \u00e1gua quente constante sem os riscos de higiene da \u00e1gua estagnada do tanque. &nbsp; &nbsp; &nbsp; &nbsp; &nbsp; &nbsp; &nbsp; &nbsp; &nbsp; &nbsp; &nbsp; &nbsp; &nbsp;<\/div>\n<div><strong>Sistema de refor\u00e7o de baixa press\u00e3o &nbsp; &nbsp; &nbsp; &nbsp;<\/strong> &nbsp; &nbsp;<\/div>\n<div>Equipada com uma bomba de refor\u00e7o silenciosa incorporada, garante uma descarga potente mesmo em bairros urbanos antigos ou edif\u00edcios altos (press\u00e3o m\u00ednima de 0,05 MPa). &nbsp; &nbsp; &nbsp; &nbsp; &nbsp; &nbsp; &nbsp; &nbsp; &nbsp; &nbsp; &nbsp; &nbsp; &nbsp;<\/div>\n<div><strong>Fun\u00e7\u00f5es inteligentes modulares<\/strong> &nbsp; &nbsp; &nbsp; &nbsp; &nbsp; &nbsp;<\/div>\n<div>As carater\u00edsticas opcionais incluem assento aquecido, secador de ar quente, descarga autom\u00e1tica e desodoriza\u00e7\u00e3o inteligente. &nbsp; &nbsp; &nbsp; &nbsp; &nbsp; &nbsp; &nbsp; &nbsp; &nbsp; &nbsp; &nbsp; &nbsp; &nbsp;<\/div>\n<div><strong>Compatibilidade de instala\u00e7\u00e3o global &nbsp; &nbsp;<\/strong> &nbsp; &nbsp; &nbsp; &nbsp; &nbsp;<\/div>\n<div>Suporta v\u00e1rios tamanhos de desbaste, tipos de sa\u00edda e sistemas de drenagem, adequados para diferentes mercados internacionais. &nbsp; &nbsp; &nbsp; &nbsp; &nbsp; &nbsp; &nbsp; &nbsp; &nbsp; &nbsp; &nbsp; &nbsp;<\/div>\n<div><strong>Versatilidade de instala\u00e7\u00e3o dupla (adapta\u00e7\u00e3o flex\u00edvel ao projeto)<\/strong> &nbsp; &nbsp; &nbsp; &nbsp; &nbsp; &nbsp;<\/div>\n<div><strong>M\u00e9todo A:<\/strong> Instala\u00e7\u00e3o da v\u00e1lvula de paragem standard - Para configura\u00e7\u00f5es tradicionais de abastecimento de \u00e1gua com sa\u00edda pela parede ou pelo ch\u00e3o. &nbsp; &nbsp; &nbsp; &nbsp; &nbsp; &nbsp; &nbsp;<\/div>\n<div><strong>M\u00e9todo B:<\/strong> Cisterna oculta com liga\u00e7\u00e3o para mangueira - Especificamente concebida para uma integra\u00e7\u00e3o perfeita com sistemas de cisterna oculta, proporcionando um aspeto elegante e incorporado para um design arquitet\u00f3nico moderno &nbsp; &nbsp; &nbsp; &nbsp; &nbsp; &nbsp;<\/div>\n<\/div>\n<\/div>\n\n\n\n<div class=\"wp-block-column is-layout-flow wp-block-column-is-layout-flow\">\n<figure class=\"wp-block-image size-full\"><img decoding=\"async\" width=\"3122\" height=\"3123\" src=\"https:\/\/www.yilebathrooms.com\/wp-content\/uploads\/2026\/01\/Morden-Tankless-Smart-Toilet-Wholesale-Energy-Efficient-Smart-Toilet-Manufacturer-2.webp\" alt=\"\" class=\"wp-image-226\" srcset=\"https:\/\/www.yilebathrooms.com\/wp-content\/uploads\/2026\/01\/Morden-Tankless-Smart-Toilet-Wholesale-Energy-Efficient-Smart-Toilet-Manufacturer-2.webp 3122w, https:\/\/www.yilebathrooms.com\/wp-content\/uploads\/2026\/01\/Morden-Tankless-Smart-Toilet-Wholesale-Energy-Efficient-Smart-Toilet-Manufacturer-2-300x300.webp 300w, https:\/\/www.yilebathrooms.com\/wp-content\/uploads\/2026\/01\/Morden-Tankless-Smart-Toilet-Wholesale-Energy-Efficient-Smart-Toilet-Manufacturer-2-150x150.webp 150w, https:\/\/www.yilebathrooms.com\/wp-content\/uploads\/2026\/01\/Morden-Tankless-Smart-Toilet-Wholesale-Energy-Efficient-Smart-Toilet-Manufacturer-2-768x768.webp 768w, https:\/\/www.yilebathrooms.com\/wp-content\/uploads\/2026\/01\/Morden-Tankless-Smart-Toilet-Wholesale-Energy-Efficient-Smart-Toilet-Manufacturer-2-1200x1200.webp 1200w, https:\/\/www.yilebathrooms.com\/wp-content\/uploads\/2026\/01\/Morden-Tankless-Smart-Toilet-Wholesale-Energy-Efficient-Smart-Toilet-Manufacturer-2-600x600.webp 600w, https:\/\/www.yilebathrooms.com\/wp-content\/uploads\/2026\/01\/Morden-Tankless-Smart-Toilet-Wholesale-Energy-Efficient-Smart-Toilet-Manufacturer-2-100x100.webp 100w\" sizes=\"(max-width: 3122px) 100vw, 3122px\" \/><\/figure>\n<\/div>\n<\/div>\n\n\n\n<div class=\"wp-block-columns is-layout-flex wp-container-core-columns-is-layout-9d6595d7 wp-block-columns-is-layout-flex\">\n<div class=\"wp-block-column is-layout-flow wp-block-column-is-layout-flow\">\n<h2 class=\"wp-block-heading\">Tamanho da sanita inteligente Tankless:<\/h2>\n\n\n\n<figure class=\"wp-block-table\"><table class=\"has-fixed-layout\"><tbody><tr><td><strong>Modelo<\/strong><\/td><td><strong>Tamanho<\/strong><\/td><\/tr><tr><td>2520<\/td><td>600X385X420mm<\/td><\/tr><tr><td>2521<\/td><td>600X385X420mm<\/td><\/tr><\/tbody><\/table><\/figure>\n\n\n\n<figure class=\"wp-block-image size-full\"><img decoding=\"async\" width=\"1499\" height=\"908\" src=\"https:\/\/www.yilebathrooms.com\/wp-content\/uploads\/2026\/01\/Morden-Tankless-Smart-Toilet-Wholesale-Energy-Efficient-Smart-Toilet-Manufacturer-6.webp\" alt=\"Casa de banho inteligente sem tanque de Morden por atacado, Fabricante de casa de banho inteligente com efici\u00eancia energ\u00e9tica (6)\" class=\"wp-image-230\" srcset=\"https:\/\/www.yilebathrooms.com\/wp-content\/uploads\/2026\/01\/Morden-Tankless-Smart-Toilet-Wholesale-Energy-Efficient-Smart-Toilet-Manufacturer-6.webp 1499w, https:\/\/www.yilebathrooms.com\/wp-content\/uploads\/2026\/01\/Morden-Tankless-Smart-Toilet-Wholesale-Energy-Efficient-Smart-Toilet-Manufacturer-6-300x182.webp 300w, https:\/\/www.yilebathrooms.com\/wp-content\/uploads\/2026\/01\/Morden-Tankless-Smart-Toilet-Wholesale-Energy-Efficient-Smart-Toilet-Manufacturer-6-768x465.webp 768w, https:\/\/www.yilebathrooms.com\/wp-content\/uploads\/2026\/01\/Morden-Tankless-Smart-Toilet-Wholesale-Energy-Efficient-Smart-Toilet-Manufacturer-6-1200x727.webp 1200w, https:\/\/www.yilebathrooms.com\/wp-content\/uploads\/2026\/01\/Morden-Tankless-Smart-Toilet-Wholesale-Energy-Efficient-Smart-Toilet-Manufacturer-6-600x363.webp 600w\" sizes=\"(max-width: 1499px) 100vw, 1499px\" \/><\/figure>\n<\/div>\n<\/div>\n\n\n\n<div class=\"wp-block-columns is-layout-flex wp-container-core-columns-is-layout-9d6595d7 wp-block-columns-is-layout-flex\">\n<div class=\"wp-block-column is-layout-flow wp-block-column-is-layout-flow\">\n<figure class=\"wp-block-image size-full\"><img decoding=\"async\" width=\"1515\" height=\"754\" src=\"https:\/\/www.yilebathrooms.com\/wp-content\/uploads\/2026\/01\/Morden-Tankless-Smart-Toilet-Wholesale-Energy-Efficient-Smart-Toilet-Manufacturer-1.webp\" alt=\"\" class=\"wp-image-225\" srcset=\"https:\/\/www.yilebathrooms.com\/wp-content\/uploads\/2026\/01\/Morden-Tankless-Smart-Toilet-Wholesale-Energy-Efficient-Smart-Toilet-Manufacturer-1.webp 1515w, https:\/\/www.yilebathrooms.com\/wp-content\/uploads\/2026\/01\/Morden-Tankless-Smart-Toilet-Wholesale-Energy-Efficient-Smart-Toilet-Manufacturer-1-300x149.webp 300w, https:\/\/www.yilebathrooms.com\/wp-content\/uploads\/2026\/01\/Morden-Tankless-Smart-Toilet-Wholesale-Energy-Efficient-Smart-Toilet-Manufacturer-1-768x382.webp 768w, https:\/\/www.yilebathrooms.com\/wp-content\/uploads\/2026\/01\/Morden-Tankless-Smart-Toilet-Wholesale-Energy-Efficient-Smart-Toilet-Manufacturer-1-1200x597.webp 1200w, https:\/\/www.yilebathrooms.com\/wp-content\/uploads\/2026\/01\/Morden-Tankless-Smart-Toilet-Wholesale-Energy-Efficient-Smart-Toilet-Manufacturer-1-600x299.webp 600w\" sizes=\"(max-width: 1515px) 100vw, 1515px\" \/><\/figure>\n\n\n\n<figure class=\"wp-block-image size-full\"><img decoding=\"async\" width=\"1500\" height=\"993\" src=\"https:\/\/www.yilebathrooms.com\/wp-content\/uploads\/2026\/01\/Morden-Tankless-Smart-Toilet-Wholesale-Energy-Efficient-Smart-Toilet-Manufacturer-3.webp\" alt=\"Sanita inteligente sem tanque Morden por atacado, sanita inteligente com efici\u00eancia energ\u00e9tica Fabricante (3)\" class=\"wp-image-227\" srcset=\"https:\/\/www.yilebathrooms.com\/wp-content\/uploads\/2026\/01\/Morden-Tankless-Smart-Toilet-Wholesale-Energy-Efficient-Smart-Toilet-Manufacturer-3.webp 1500w, https:\/\/www.yilebathrooms.com\/wp-content\/uploads\/2026\/01\/Morden-Tankless-Smart-Toilet-Wholesale-Energy-Efficient-Smart-Toilet-Manufacturer-3-300x199.webp 300w, https:\/\/www.yilebathrooms.com\/wp-content\/uploads\/2026\/01\/Morden-Tankless-Smart-Toilet-Wholesale-Energy-Efficient-Smart-Toilet-Manufacturer-3-768x508.webp 768w, https:\/\/www.yilebathrooms.com\/wp-content\/uploads\/2026\/01\/Morden-Tankless-Smart-Toilet-Wholesale-Energy-Efficient-Smart-Toilet-Manufacturer-3-1200x794.webp 1200w, https:\/\/www.yilebathrooms.com\/wp-content\/uploads\/2026\/01\/Morden-Tankless-Smart-Toilet-Wholesale-Energy-Efficient-Smart-Toilet-Manufacturer-3-600x397.webp 600w\" sizes=\"(max-width: 1500px) 100vw, 1500px\" \/><\/figure>\n\n\n\n<figure class=\"wp-block-image size-full\"><img decoding=\"async\" width=\"1500\" height=\"1020\" src=\"https:\/\/www.yilebathrooms.com\/wp-content\/uploads\/2026\/01\/Morden-Tankless-Smart-Toilet-Wholesale-Energy-Efficient-Smart-Toilet-Manufacturer-4.webp\" alt=\"Sanita inteligente sem tanque Morden por atacado, sanita inteligente com efici\u00eancia energ\u00e9tica Fabricante (4)\" class=\"wp-image-228\" srcset=\"https:\/\/www.yilebathrooms.com\/wp-content\/uploads\/2026\/01\/Morden-Tankless-Smart-Toilet-Wholesale-Energy-Efficient-Smart-Toilet-Manufacturer-4.webp 1500w, https:\/\/www.yilebathrooms.com\/wp-content\/uploads\/2026\/01\/Morden-Tankless-Smart-Toilet-Wholesale-Energy-Efficient-Smart-Toilet-Manufacturer-4-300x204.webp 300w, https:\/\/www.yilebathrooms.com\/wp-content\/uploads\/2026\/01\/Morden-Tankless-Smart-Toilet-Wholesale-Energy-Efficient-Smart-Toilet-Manufacturer-4-768x522.webp 768w, https:\/\/www.yilebathrooms.com\/wp-content\/uploads\/2026\/01\/Morden-Tankless-Smart-Toilet-Wholesale-Energy-Efficient-Smart-Toilet-Manufacturer-4-1200x816.webp 1200w, https:\/\/www.yilebathrooms.com\/wp-content\/uploads\/2026\/01\/Morden-Tankless-Smart-Toilet-Wholesale-Energy-Efficient-Smart-Toilet-Manufacturer-4-600x408.webp 600w\" sizes=\"(max-width: 1500px) 100vw, 1500px\" \/><\/figure>\n\n\n\n<figure class=\"wp-block-image size-full\"><img decoding=\"async\" width=\"1500\" height=\"1020\" src=\"https:\/\/www.yilebathrooms.com\/wp-content\/uploads\/2026\/01\/Morden-Tankless-Smart-Toilet-Wholesale-Energy-Efficient-Smart-Toilet-Manufacturer-5.webp\" alt=\"Casa de banho inteligente sem tanque de Morden por atacado, Fabricante de casa de banho inteligente com efici\u00eancia energ\u00e9tica (5)\" class=\"wp-image-229\" srcset=\"https:\/\/www.yilebathrooms.com\/wp-content\/uploads\/2026\/01\/Morden-Tankless-Smart-Toilet-Wholesale-Energy-Efficient-Smart-Toilet-Manufacturer-5.webp 1500w, https:\/\/www.yilebathrooms.com\/wp-content\/uploads\/2026\/01\/Morden-Tankless-Smart-Toilet-Wholesale-Energy-Efficient-Smart-Toilet-Manufacturer-5-300x204.webp 300w, https:\/\/www.yilebathrooms.com\/wp-content\/uploads\/2026\/01\/Morden-Tankless-Smart-Toilet-Wholesale-Energy-Efficient-Smart-Toilet-Manufacturer-5-768x522.webp 768w, https:\/\/www.yilebathrooms.com\/wp-content\/uploads\/2026\/01\/Morden-Tankless-Smart-Toilet-Wholesale-Energy-Efficient-Smart-Toilet-Manufacturer-5-1200x816.webp 1200w, https:\/\/www.yilebathrooms.com\/wp-content\/uploads\/2026\/01\/Morden-Tankless-Smart-Toilet-Wholesale-Energy-Efficient-Smart-Toilet-Manufacturer-5-600x408.webp 600w\" sizes=\"(max-width: 1500px) 100vw, 1500px\" \/><\/figure>\n<\/div>\n<\/div>","protected":false},"excerpt":{"rendered":"<p>A nossa s\u00e9rie de sanitas inteligentes sem reservat\u00f3rio por atacado, com tecnologia de descarga No-Pressure Limit, esta unidade elimina a necessidade de um reservat\u00f3rio volumoso, garantindo um desempenho poderoso em qualquer ambiente de constru\u00e7\u00e3o. \u00c9 ideal para projectos comerciais de topo de gama e desenvolvimentos residenciais minimalistas. Oferecemos solu\u00e7\u00f5es personalizadas e pre\u00e7os de f\u00e1brica. Contacte-nos para um or\u00e7amento.<\/p>\n<h2>Especifica\u00e7\u00f5es t\u00e9cnicas<\/h2>\n<table>\n<tbody>\n<tr>\n<th>Artigo<\/th>\n<th>Especifica\u00e7\u00e3o<\/th>\n<\/tr>\n<tr>\n<td>Tipo de descarga<\/td>\n<td>Lavagem (Tornado Silent Flush)<\/td>\n<\/tr>\n<tr>\n<td>Tipo de drenagem<\/td>\n<td>P-trap \/ Sa\u00edda traseira<\/td>\n<\/tr>\n<tr>\n<td>Tamanho da instala\u00e7\u00e3o<\/td>\n<td>P-trap 180mm<\/td>\n<\/tr>\n<tr>\n<td>Tens\u00e3o\/Pot\u00eancia<\/td>\n<td>110V-240V, 50\/60Hz (tipo de ficha personaliz\u00e1vel)<\/td>\n<\/tr>\n<tr>\n<td>M\u00e9todo de aquecimento<\/td>\n<td>Aquecimento instant\u00e2neo de cer\u00e2mica (\u00e1gua quente constante)<\/td>\n<\/tr>\n<tr>\n<td>M\u00e9todo de controlo<\/td>\n<td>Controlo remoto \/ Bot\u00e3o lateral \/ Sensor de p\u00e9<\/td>\n<\/tr>\n<tr>\n<td>Material<\/td>\n<td>Corpo em cer\u00e2mica antibacteriana + revestimento do assento em UF\/PP<\/td>\n<\/tr>\n<tr>\n<td>N\u00edvel de impermeabilidade<\/td>\n<td>IPX4 (Norma para componentes electr\u00f3nicos)<\/td>\n<\/tr>\n<tr>\n<td>Personaliza\u00e7\u00e3o<\/td>\n<td>Log\u00f3tipo, cor, m\u00f3dulos funcionais<\/td>\n<\/tr>\n<tr>\n<td>Certifica\u00e7\u00f5es<\/td>\n<td>CE, RoHS, cUPC, WaterMark, SAA<\/td>\n<\/tr>\n<\/tbody>\n<\/table>","protected":false},"featured_media":219,"comment_status":"closed","ping_status":"closed","template":"","meta":{"_acf_changed":false},"product_brand":[],"product_cat":[21,20],"product_tag":[],"class_list":{"0":"post-218","1":"product","2":"type-product","3":"status-publish","4":"has-post-thumbnail","6":"product_cat-tankless-smart-toilet-wholesale","7":"product_cat-wall-hung-smart-toilet-wholesale","9":"first","10":"instock","11":"shipping-taxable","12":"product-type-simple"},"acf":[],"_links":{"self":[{"href":"https:\/\/www.yilebathrooms.com\/pt\/wp-json\/wp\/v2\/product\/218","targetHints":{"allow":["GET"]}}],"collection":[{"href":"https:\/\/www.yilebathrooms.com\/pt\/wp-json\/wp\/v2\/product"}],"about":[{"href":"https:\/\/www.yilebathrooms.com\/pt\/wp-json\/wp\/v2\/types\/product"}],"replies":[{"embeddable":true,"href":"https:\/\/www.yilebathrooms.com\/pt\/wp-json\/wp\/v2\/comments?post=218"}],"wp:featuredmedia":[{"embeddable":true,"href":"https:\/\/www.yilebathrooms.com\/pt\/wp-json\/wp\/v2\/media\/219"}],"wp:attachment":[{"href":"https:\/\/www.yilebathrooms.com\/pt\/wp-json\/wp\/v2\/media?parent=218"}],"wp:term":[{"taxonomy":"product_brand","embeddable":true,"href":"https:\/\/www.yilebathrooms.com\/pt\/wp-json\/wp\/v2\/product_brand?post=218"},{"taxonomy":"product_cat","embeddable":true,"href":"https:\/\/www.yilebathrooms.com\/pt\/wp-json\/wp\/v2\/product_cat?post=218"},{"taxonomy":"product_tag","embeddable":true,"href":"https:\/\/www.yilebathrooms.com\/pt\/wp-json\/wp\/v2\/product_tag?post=218"}],"curies":[{"name":"wp","href":"https:\/\/api.w.org\/{rel}","templated":true}]}}