{"id":673,"date":"2026-02-27T09:25:47","date_gmt":"2026-02-27T09:25:47","guid":{"rendered":"https:\/\/www.yilebathrooms.com\/?post_type=product&#038;p=673"},"modified":"2026-03-24T08:11:50","modified_gmt":"2026-03-24T08:11:50","slug":"smart-tankless-toilet-wholesale","status":"publish","type":"product","link":"https:\/\/www.yilebathrooms.com\/fr\/product\/smart-tankless-toilet-wholesale\/","title":{"rendered":"Toilettes intelligentes sans r\u00e9servoir Wholesale, Intelligent Toilet Custom"},"content":{"rendered":"<div class=\"wp-block-columns is-layout-flex wp-container-core-columns-is-layout-9d6595d7 wp-block-columns-is-layout-flex\">\n<div class=\"wp-block-column is-layout-flow wp-block-column-is-layout-flow\">\n<h2 class=\"wp-block-heading\">Smart Tankless Toilet Size:<\/h2>\n\n\n\n<figure class=\"wp-block-table\"><table class=\"has-fixed-layout\"><tbody><tr><td><strong>Mod\u00e8le<\/strong><\/td><td><strong>Taille<\/strong><\/td><\/tr><tr><td>G6<\/td><td>705X390X440mm<\/td><\/tr><\/tbody><\/table><\/figure>\n\n\n\n<h2 class=\"wp-block-heading\">Smart Tankless Toilet Features:<\/h2>\n\n\n\n<p><strong>Installation Plug-and-Play : <\/strong>Notre conception exclusive sans siphon prend en charge une plage d'encastrement massive de 60 \u00e0 280 mm, ce qui rend la r\u00e9novation de la salle de bains plus facile que jamais.<\/p>\n\n\n\n<p><strong>Ergonomic U-Shaped Seat:<\/strong> An upgraded, spacious U-shaped design that offers a wider seating surface and a superior contoured arc compared to traditional V-shaped seats.<\/p>\n\n\n\n<p><strong>La puissance dynamique de la chasse d'eau : <\/strong>La pompe de surpression int\u00e9gr\u00e9e permet de surmonter les probl\u00e8mes de faible pression d'eau et d'obtenir une chasse d'eau tornade puissante et silencieuse sur le sol.<\/p>\n\n\n\n<p><strong>Smart Dual Flush:<\/strong> Equipped with an intelligent occupancy sensor, the system automatically distinguishes between &#8220;Half Flush&#8221; and &#8220;Full Flush&#8221; based on usage duration.<\/p>\n\n\n\n<p><strong>Int\u00e9gration pratique des fonctions :<\/strong> Snotor seamlessly integrates flexible installation, zero-pressure powerful flushing, and a 90\u00b0 back-to-wall design, fully equipped with auto-lid, foot-sensor flush, instant heated wash, warm air dryer, UV self-cleaning, and Air Gap anti-backflow technology, making users have a convenient life.<\/p>\n\n\n\n<p><strong>Experts mondiaux en OEM\/ODM<\/strong>: Tirez parti de la fabrication interne de Snotor pour des sp\u00e9cifications personnalis\u00e9es et b\u00e9n\u00e9ficiez de prix directs d'usine.<\/p>\n<\/div>\n\n\n\n<div class=\"wp-block-column is-layout-flow wp-block-column-is-layout-flow\">\n<figure class=\"wp-block-image size-full\"><img decoding=\"async\" width=\"800\" height=\"800\" src=\"https:\/\/www.yilebathrooms.com\/wp-content\/uploads\/2026\/02\/smart-tankless-toilet-wholesale1.webp\" alt=\"smart tankless toilet wholesale(1)\" class=\"wp-image-678\" srcset=\"https:\/\/www.yilebathrooms.com\/wp-content\/uploads\/2026\/02\/smart-tankless-toilet-wholesale1.webp 800w, https:\/\/www.yilebathrooms.com\/wp-content\/uploads\/2026\/02\/smart-tankless-toilet-wholesale1-300x300.webp 300w, https:\/\/www.yilebathrooms.com\/wp-content\/uploads\/2026\/02\/smart-tankless-toilet-wholesale1-150x150.webp 150w, https:\/\/www.yilebathrooms.com\/wp-content\/uploads\/2026\/02\/smart-tankless-toilet-wholesale1-768x768.webp 768w, https:\/\/www.yilebathrooms.com\/wp-content\/uploads\/2026\/02\/smart-tankless-toilet-wholesale1-12x12.webp 12w, https:\/\/www.yilebathrooms.com\/wp-content\/uploads\/2026\/02\/smart-tankless-toilet-wholesale1-600x600.webp 600w, https:\/\/www.yilebathrooms.com\/wp-content\/uploads\/2026\/02\/smart-tankless-toilet-wholesale1-100x100.webp 100w\" sizes=\"(max-width: 800px) 100vw, 800px\" \/><\/figure>\n<\/div>\n<\/div>\n\n\n<div class=\"wp-block-image\">\n<figure class=\"aligncenter size-full\"><img decoding=\"async\" width=\"990\" height=\"767\" src=\"https:\/\/www.yilebathrooms.com\/wp-content\/uploads\/2026\/02\/smart-tankless-toilet-wholesale-round.webp\" alt=\"Toilettes intelligentes sans r\u00e9servoir, grossistes, rondes\" class=\"wp-image-677\" style=\"object-fit:cover\" srcset=\"https:\/\/www.yilebathrooms.com\/wp-content\/uploads\/2026\/02\/smart-tankless-toilet-wholesale-round.webp 990w, https:\/\/www.yilebathrooms.com\/wp-content\/uploads\/2026\/02\/smart-tankless-toilet-wholesale-round-300x232.webp 300w, https:\/\/www.yilebathrooms.com\/wp-content\/uploads\/2026\/02\/smart-tankless-toilet-wholesale-round-768x595.webp 768w, https:\/\/www.yilebathrooms.com\/wp-content\/uploads\/2026\/02\/smart-tankless-toilet-wholesale-round-15x12.webp 15w, https:\/\/www.yilebathrooms.com\/wp-content\/uploads\/2026\/02\/smart-tankless-toilet-wholesale-round-600x465.webp 600w\" sizes=\"(max-width: 990px) 100vw, 990px\" \/><\/figure>\n<\/div>\n\n\n<div class=\"wp-block-columns is-layout-flex wp-container-core-columns-is-layout-9d6595d7 wp-block-columns-is-layout-flex\">\n<div class=\"wp-block-column is-layout-flow wp-block-column-is-layout-flow\">\n<figure class=\"wp-block-image size-full\"><img decoding=\"async\" width=\"501\" height=\"800\" src=\"https:\/\/www.yilebathrooms.com\/wp-content\/uploads\/2026\/02\/Smart-Tankless-Toilet-Wholesale-4-1.webp\" alt=\"Smart Tankless Toilet Wholesale\" class=\"wp-image-722\" style=\"aspect-ratio:3\/4;object-fit:cover\" srcset=\"https:\/\/www.yilebathrooms.com\/wp-content\/uploads\/2026\/02\/Smart-Tankless-Toilet-Wholesale-4-1.webp 501w, https:\/\/www.yilebathrooms.com\/wp-content\/uploads\/2026\/02\/Smart-Tankless-Toilet-Wholesale-4-1-188x300.webp 188w, https:\/\/www.yilebathrooms.com\/wp-content\/uploads\/2026\/02\/Smart-Tankless-Toilet-Wholesale-4-1-8x12.webp 8w\" sizes=\"(max-width: 501px) 100vw, 501px\" \/><\/figure>\n<\/div>\n\n\n\n<div class=\"wp-block-column is-layout-flow wp-block-column-is-layout-flow\">\n<figure class=\"wp-block-image size-large\"><img decoding=\"async\" width=\"545\" height=\"800\" src=\"https:\/\/www.yilebathrooms.com\/wp-content\/uploads\/2026\/02\/smart-tankless-toilet-wholesale-4.webp\" alt=\"smart tankless toilet wholesale (4)\" class=\"wp-image-675\" style=\"aspect-ratio:3\/4;object-fit:cover\" srcset=\"https:\/\/www.yilebathrooms.com\/wp-content\/uploads\/2026\/02\/smart-tankless-toilet-wholesale-4.webp 545w, https:\/\/www.yilebathrooms.com\/wp-content\/uploads\/2026\/02\/smart-tankless-toilet-wholesale-4-204x300.webp 204w, https:\/\/www.yilebathrooms.com\/wp-content\/uploads\/2026\/02\/smart-tankless-toilet-wholesale-4-8x12.webp 8w\" sizes=\"(max-width: 545px) 100vw, 545px\" \/><\/figure>\n<\/div>\n\n\n\n<div class=\"wp-block-column is-layout-flow wp-block-column-is-layout-flow\">\n<figure class=\"wp-block-image size-large\"><img decoding=\"async\" width=\"423\" height=\"564\" src=\"https:\/\/www.yilebathrooms.com\/wp-content\/uploads\/2026\/02\/smart-tankless-toilet-wholesale-3-1.webp\" alt=\"smart tankless toilet wholesale (3)\" class=\"wp-image-684\" srcset=\"https:\/\/www.yilebathrooms.com\/wp-content\/uploads\/2026\/02\/smart-tankless-toilet-wholesale-3-1.webp 423w, https:\/\/www.yilebathrooms.com\/wp-content\/uploads\/2026\/02\/smart-tankless-toilet-wholesale-3-1-225x300.webp 225w, https:\/\/www.yilebathrooms.com\/wp-content\/uploads\/2026\/02\/smart-tankless-toilet-wholesale-3-1-9x12.webp 9w\" sizes=\"(max-width: 423px) 100vw, 423px\" \/><\/figure>\n<\/div>\n<\/div>\n\n\n\n<div class=\"wp-block-columns is-layout-flex wp-container-core-columns-is-layout-9d6595d7 wp-block-columns-is-layout-flex\">\n<div class=\"wp-block-column is-layout-flow wp-block-column-is-layout-flow\" style=\"flex-basis:100%\">\n<div class=\"wp-block-columns is-layout-flex wp-container-core-columns-is-layout-9d6595d7 wp-block-columns-is-layout-flex\">\n<div class=\"wp-block-column is-layout-flow wp-block-column-is-layout-flow\">\n<figure class=\"wp-block-image size-full\"><img decoding=\"async\" width=\"415\" height=\"789\" src=\"https:\/\/www.yilebathrooms.com\/wp-content\/uploads\/2026\/02\/Smart-Tankless-Toilet-Wholesale-1.jpg\" alt=\"Smart-Tankless-Toilet-Wholesale\" class=\"wp-image-725\" srcset=\"https:\/\/www.yilebathrooms.com\/wp-content\/uploads\/2026\/02\/Smart-Tankless-Toilet-Wholesale-1.jpg 415w, https:\/\/www.yilebathrooms.com\/wp-content\/uploads\/2026\/02\/Smart-Tankless-Toilet-Wholesale-1-158x300.jpg 158w, https:\/\/www.yilebathrooms.com\/wp-content\/uploads\/2026\/02\/Smart-Tankless-Toilet-Wholesale-1-6x12.jpg 6w\" sizes=\"(max-width: 415px) 100vw, 415px\" \/><\/figure>\n<\/div>\n\n\n\n<div class=\"wp-block-column is-layout-flow wp-block-column-is-layout-flow\">\n<figure class=\"wp-block-image size-full\"><img decoding=\"async\" width=\"421\" height=\"800\" src=\"https:\/\/www.yilebathrooms.com\/wp-content\/uploads\/2026\/02\/Smart-Tankless-Toilet-Wholesale-3-2.webp\" alt=\"Smart Tankless Toilet Wholesale\" class=\"wp-image-724\" srcset=\"https:\/\/www.yilebathrooms.com\/wp-content\/uploads\/2026\/02\/Smart-Tankless-Toilet-Wholesale-3-2.webp 421w, https:\/\/www.yilebathrooms.com\/wp-content\/uploads\/2026\/02\/Smart-Tankless-Toilet-Wholesale-3-2-158x300.webp 158w, https:\/\/www.yilebathrooms.com\/wp-content\/uploads\/2026\/02\/Smart-Tankless-Toilet-Wholesale-3-2-6x12.webp 6w\" sizes=\"(max-width: 421px) 100vw, 421px\" \/><\/figure>\n<\/div>\n\n\n\n<div class=\"wp-block-column is-layout-flow wp-block-column-is-layout-flow\">\n<figure class=\"wp-block-image size-full\"><img decoding=\"async\" width=\"421\" height=\"800\" src=\"https:\/\/www.yilebathrooms.com\/wp-content\/uploads\/2026\/02\/Smart-Tankless-Toilet-Wholesale-2-2.webp\" alt=\"Smart Tankless Toilet Wholesale\" class=\"wp-image-723\" srcset=\"https:\/\/www.yilebathrooms.com\/wp-content\/uploads\/2026\/02\/Smart-Tankless-Toilet-Wholesale-2-2.webp 421w, https:\/\/www.yilebathrooms.com\/wp-content\/uploads\/2026\/02\/Smart-Tankless-Toilet-Wholesale-2-2-158x300.webp 158w, https:\/\/www.yilebathrooms.com\/wp-content\/uploads\/2026\/02\/Smart-Tankless-Toilet-Wholesale-2-2-6x12.webp 6w\" sizes=\"(max-width: 421px) 100vw, 421px\" \/><\/figure>\n<\/div>\n<\/div>\n<\/div>\n<\/div>\n\n\n\n<div class=\"wp-block-columns is-layout-flex wp-container-core-columns-is-layout-9d6595d7 wp-block-columns-is-layout-flex\">\n<div class=\"wp-block-column is-layout-flow wp-block-column-is-layout-flow\"><div class=\"wp-block-image\">\n<figure class=\"aligncenter size-full\"><img decoding=\"async\" width=\"500\" height=\"667\" src=\"https:\/\/www.yilebathrooms.com\/wp-content\/uploads\/2026\/03\/smart-tankless-toilet-wholesale3-edited-1.webp\" alt=\"smart tankless toilet wholesale(3)\" class=\"wp-image-713\" srcset=\"https:\/\/www.yilebathrooms.com\/wp-content\/uploads\/2026\/03\/smart-tankless-toilet-wholesale3-edited-1.webp 500w, https:\/\/www.yilebathrooms.com\/wp-content\/uploads\/2026\/03\/smart-tankless-toilet-wholesale3-edited-1-225x300.webp 225w, https:\/\/www.yilebathrooms.com\/wp-content\/uploads\/2026\/03\/smart-tankless-toilet-wholesale3-edited-1-9x12.webp 9w\" sizes=\"(max-width: 500px) 100vw, 500px\" \/><\/figure>\n<\/div><\/div>\n\n\n\n<div class=\"wp-block-column is-layout-flow wp-block-column-is-layout-flow\">\n<figure class=\"wp-block-image size-full\"><img decoding=\"async\" width=\"431\" height=\"575\" src=\"https:\/\/www.yilebathrooms.com\/wp-content\/uploads\/2026\/03\/smart-tankless-toilet-wholesale3-edited-2.webp\" alt=\"smart tankless toilet wholesale(3)\" class=\"wp-image-714\" srcset=\"https:\/\/www.yilebathrooms.com\/wp-content\/uploads\/2026\/03\/smart-tankless-toilet-wholesale3-edited-2.webp 431w, https:\/\/www.yilebathrooms.com\/wp-content\/uploads\/2026\/03\/smart-tankless-toilet-wholesale3-edited-2-225x300.webp 225w, https:\/\/www.yilebathrooms.com\/wp-content\/uploads\/2026\/03\/smart-tankless-toilet-wholesale3-edited-2-9x12.webp 9w\" sizes=\"(max-width: 431px) 100vw, 431px\" \/><\/figure>\n<\/div>\n<\/div>\n\n\n\n<p><\/p>","protected":false},"excerpt":{"rendered":"<p>Welcome to the elevate bathroom project with Snotor smart tankless toilet wholesale, which has a powerful whisper flush, auto-lid, heated wash, UV cleaning, and zero-gap back-to-wall design, and other practical functions. Support OEM &amp; wholesale. Inquire with us for a quote!\u00a0<\/p>\n<h2>Sp\u00e9cifications techniques<\/h2>\n<table>\n<tbody>\n<tr>\n<th>Objet<\/th>\n<th>Sp\u00e9cifications<\/th>\n<\/tr>\n<tr>\n<td>Type affleurant<\/td>\n<td>Siphonic (chasse d'eau tornade silencieuse sans rebord)<\/td>\n<\/tr>\n<tr>\n<td>Type de drainage<\/td>\n<td>Pi\u00e8ge en S \/ pi\u00e8ge en P<\/td>\n<\/tr>\n<tr>\n<td>Distance du pi\u00e8ge<\/td>\n<td>Pi\u00e8ge en S : 60-280 mm<br \/>Siphon en P : 180 mm<\/td>\n<\/tr>\n<tr>\n<td>Tension\/Puissance<\/td>\n<td>110V-240V, 50\/60Hz (type de prise personnalisable)<\/td>\n<\/tr>\n<tr>\n<td>M\u00e9thode de chauffage<\/td>\n<td>Chauffage c\u00e9ramique instantan\u00e9 (eau chaude constante)<\/td>\n<\/tr>\n<tr>\n<td>M\u00e9thode de contr\u00f4le<\/td>\n<td>T\u00e9l\u00e9commande \/ bouton lat\u00e9ral \/ capteur au pied<\/td>\n<\/tr>\n<tr>\n<td>Mat\u00e9riau<\/td>\n<td>Corps en c\u00e9ramique antibact\u00e9rienne + housse de si\u00e8ge en UF\/PP<\/td>\n<\/tr>\n<tr>\n<td>Niveau d'\u00e9tanch\u00e9it\u00e9<\/td>\n<td>IPX4 (norme pour les composants \u00e9lectroniques)<\/td>\n<\/tr>\n<tr>\n<td>Personnalisation<\/td>\n<td>Logo, couleur, modules fonctionnels<\/td>\n<\/tr>\n<tr>\n<td>Certifications<\/td>\n<td>CE, RoHS, cUPC, WaterMark, SAA<\/td>\n<\/tr>\n<\/tbody>\n<\/table>","protected":false},"featured_media":686,"comment_status":"closed","ping_status":"closed","template":"","meta":{"_acf_changed":false},"product_brand":[],"product_cat":[21,19],"product_tag":[],"class_list":{"0":"post-673","1":"product","2":"type-product","3":"status-publish","4":"has-post-thumbnail","6":"product_cat-tankless-smart-toilet-wholesale","7":"product_cat-back-to-wall-smart-toilet-wholesale","9":"first","10":"instock","11":"shipping-taxable","12":"product-type-simple"},"acf":[],"_links":{"self":[{"href":"https:\/\/www.yilebathrooms.com\/fr\/wp-json\/wp\/v2\/product\/673","targetHints":{"allow":["GET"]}}],"collection":[{"href":"https:\/\/www.yilebathrooms.com\/fr\/wp-json\/wp\/v2\/product"}],"about":[{"href":"https:\/\/www.yilebathrooms.com\/fr\/wp-json\/wp\/v2\/types\/product"}],"replies":[{"embeddable":true,"href":"https:\/\/www.yilebathrooms.com\/fr\/wp-json\/wp\/v2\/comments?post=673"}],"wp:featuredmedia":[{"embeddable":true,"href":"https:\/\/www.yilebathrooms.com\/fr\/wp-json\/wp\/v2\/media\/686"}],"wp:attachment":[{"href":"https:\/\/www.yilebathrooms.com\/fr\/wp-json\/wp\/v2\/media?parent=673"}],"wp:term":[{"taxonomy":"product_brand","embeddable":true,"href":"https:\/\/www.yilebathrooms.com\/fr\/wp-json\/wp\/v2\/product_brand?post=673"},{"taxonomy":"product_cat","embeddable":true,"href":"https:\/\/www.yilebathrooms.com\/fr\/wp-json\/wp\/v2\/product_cat?post=673"},{"taxonomy":"product_tag","embeddable":true,"href":"https:\/\/www.yilebathrooms.com\/fr\/wp-json\/wp\/v2\/product_tag?post=673"}],"curies":[{"name":"wp","href":"https:\/\/api.w.org\/{rel}","templated":true}]}}