{"id":659,"date":"2026-02-27T08:35:23","date_gmt":"2026-02-27T08:35:23","guid":{"rendered":"https:\/\/www.yilebathrooms.com\/?post_type=product&#038;p=659"},"modified":"2026-03-24T09:04:05","modified_gmt":"2026-03-24T09:04:05","slug":"back-to-wall-smart-toilet-wholesale","status":"publish","type":"product","link":"https:\/\/www.yilebathrooms.com\/fr\/product\/back-to-wall-smart-toilet-wholesale\/","title":{"rendered":"Back to Wall Smart Toilet Wholesale, Smart Tankless Toilet Custom"},"content":{"rendered":"<div class=\"wp-block-columns is-layout-flex wp-container-core-columns-is-layout-9d6595d7 wp-block-columns-is-layout-flex\">\n<div class=\"wp-block-column is-layout-flow wp-block-column-is-layout-flow\">\n<h2 class=\"wp-block-heading\">Back to Wall Smart Toilet Size:<\/h2>\n\n\n\n<figure class=\"wp-block-table\"><table class=\"has-fixed-layout\"><tbody><tr><td><strong>Mod\u00e8le<\/strong><\/td><td><strong>Taille<\/strong><\/td><\/tr><tr><td>G1<\/td><td>705X390X460mm<\/td><\/tr><\/tbody><\/table><\/figure>\n\n\n\n<h2 class=\"wp-block-heading\">Back to Wall Smart Toilet Features:<\/h2>\n\n\n\n<p><strong>Une installation in\u00e9gal\u00e9e<\/strong>: Notre conception \u00e0 purge libre permet une large distance d'encastrement de 60 \u00e0 280 mm, ce qui permet de s'adapter \u00e0 presque toutes les salles de bains sans modifications co\u00fbteuses de la plomberie.<\/p>\n\n\n\n<p><strong>Limites de non-pression :<\/strong> Dot\u00e9 d'un r\u00e9servoir d'eau int\u00e9gr\u00e9 et d'une pompe silencieuse, il garantit une chasse d'eau puissante et silencieuse, m\u00eame dans les immeubles de grande hauteur ou les zones \u00e0 faible pression.<\/p>\n\n\n\n<p><strong>Nettoyage sans effort<\/strong>: La conception 90\u00b0 dos \u00e0 la paroi et la paroi int\u00e9rieure sans rebord \u00e9liminent les angles morts en mati\u00e8re d'hygi\u00e8ne et les salet\u00e9s cach\u00e9es pour faciliter l'entretien quotidien.<\/p>\n\n\n\n<p><strong>S\u00e9curit\u00e9 garantie<\/strong>: La technologie avanc\u00e9e de l'entrefer cr\u00e9e une barri\u00e8re physique pour emp\u00eacher les retours d'eau, garantissant que l'eau potable de votre famille reste pure et non contamin\u00e9e.<\/p>\n\n\n\n<p><strong>Une exp\u00e9rience mains libres intelligente : <\/strong>L'ouverture automatique du couvercle et la chasse d'eau par capteur au pied offrent une exp\u00e9rience hygi\u00e9nique sans contact pour toute la famille.<\/p>\n\n\n\n<p><strong>Snotor Manufacturer Supply:<\/strong> As a direct manufacturer, Snotor combines precision ceramic craftsmanship with in-house R&amp;D to deliver high-end aesthetics and long-lasting reliability.<\/p>\n<\/div>\n\n\n\n<div class=\"wp-block-column is-layout-flow wp-block-column-is-layout-flow\">\n<figure class=\"wp-block-image size-full\"><img decoding=\"async\" width=\"712\" height=\"712\" src=\"https:\/\/www.yilebathrooms.com\/wp-content\/uploads\/2026\/02\/back-to-wall-smart-toilet.webp\" alt=\"retour au mur toilettes intelligentes en gros\" class=\"wp-image-667\" srcset=\"https:\/\/www.yilebathrooms.com\/wp-content\/uploads\/2026\/02\/back-to-wall-smart-toilet.webp 712w, https:\/\/www.yilebathrooms.com\/wp-content\/uploads\/2026\/02\/back-to-wall-smart-toilet-300x300.webp 300w, https:\/\/www.yilebathrooms.com\/wp-content\/uploads\/2026\/02\/back-to-wall-smart-toilet-150x150.webp 150w, https:\/\/www.yilebathrooms.com\/wp-content\/uploads\/2026\/02\/back-to-wall-smart-toilet-12x12.webp 12w, https:\/\/www.yilebathrooms.com\/wp-content\/uploads\/2026\/02\/back-to-wall-smart-toilet-600x600.webp 600w, https:\/\/www.yilebathrooms.com\/wp-content\/uploads\/2026\/02\/back-to-wall-smart-toilet-100x100.webp 100w\" sizes=\"(max-width: 712px) 100vw, 712px\" \/><\/figure>\n<\/div>\n<\/div>\n\n\n<div class=\"wp-block-image\">\n<figure class=\"aligncenter size-full\"><img decoding=\"async\" width=\"800\" height=\"564\" src=\"https:\/\/www.yilebathrooms.com\/wp-content\/uploads\/2026\/02\/back-to-wall-smart-toilet-wholesale.webp\" alt=\"retour au mur toilettes intelligentes en gros\" class=\"wp-image-669\" srcset=\"https:\/\/www.yilebathrooms.com\/wp-content\/uploads\/2026\/02\/back-to-wall-smart-toilet-wholesale.webp 800w, https:\/\/www.yilebathrooms.com\/wp-content\/uploads\/2026\/02\/back-to-wall-smart-toilet-wholesale-300x212.webp 300w, https:\/\/www.yilebathrooms.com\/wp-content\/uploads\/2026\/02\/back-to-wall-smart-toilet-wholesale-768x541.webp 768w, https:\/\/www.yilebathrooms.com\/wp-content\/uploads\/2026\/02\/back-to-wall-smart-toilet-wholesale-18x12.webp 18w, https:\/\/www.yilebathrooms.com\/wp-content\/uploads\/2026\/02\/back-to-wall-smart-toilet-wholesale-600x423.webp 600w\" sizes=\"(max-width: 800px) 100vw, 800px\" \/><\/figure>\n<\/div>\n\n\n<div class=\"wp-block-columns is-layout-flex wp-container-core-columns-is-layout-9d6595d7 wp-block-columns-is-layout-flex\">\n<div class=\"wp-block-column is-layout-flow wp-block-column-is-layout-flow\">\n<figure class=\"wp-block-image size-full\"><img decoding=\"async\" width=\"990\" height=\"1591\" src=\"https:\/\/www.yilebathrooms.com\/wp-content\/uploads\/2026\/02\/back-to-wall-smart-toilet-wholesale1.webp\" alt=\"Toilettes intelligentes dos au mur en gros(1)\" class=\"wp-image-660\" srcset=\"https:\/\/www.yilebathrooms.com\/wp-content\/uploads\/2026\/02\/back-to-wall-smart-toilet-wholesale1.webp 990w, https:\/\/www.yilebathrooms.com\/wp-content\/uploads\/2026\/02\/back-to-wall-smart-toilet-wholesale1-187x300.webp 187w, https:\/\/www.yilebathrooms.com\/wp-content\/uploads\/2026\/02\/back-to-wall-smart-toilet-wholesale1-768x1234.webp 768w, https:\/\/www.yilebathrooms.com\/wp-content\/uploads\/2026\/02\/back-to-wall-smart-toilet-wholesale1-7x12.webp 7w, https:\/\/www.yilebathrooms.com\/wp-content\/uploads\/2026\/02\/back-to-wall-smart-toilet-wholesale1-600x964.webp 600w\" sizes=\"(max-width: 990px) 100vw, 990px\" \/><\/figure>\n<\/div>\n\n\n\n<div class=\"wp-block-column is-layout-flow wp-block-column-is-layout-flow\">\n<figure class=\"wp-block-image size-full\"><img decoding=\"async\" width=\"498\" height=\"800\" src=\"https:\/\/www.yilebathrooms.com\/wp-content\/uploads\/2026\/02\/Wholesale-Back-to-Wall-Smart-Toilet-1-1.webp\" alt=\"Toilettes intelligentes en gros, dos au mur\" class=\"wp-image-729\" srcset=\"https:\/\/www.yilebathrooms.com\/wp-content\/uploads\/2026\/02\/Wholesale-Back-to-Wall-Smart-Toilet-1-1.webp 498w, https:\/\/www.yilebathrooms.com\/wp-content\/uploads\/2026\/02\/Wholesale-Back-to-Wall-Smart-Toilet-1-1-187x300.webp 187w, https:\/\/www.yilebathrooms.com\/wp-content\/uploads\/2026\/02\/Wholesale-Back-to-Wall-Smart-Toilet-1-1-7x12.webp 7w\" sizes=\"(max-width: 498px) 100vw, 498px\" \/><\/figure>\n<\/div>\n\n\n\n<div class=\"wp-block-column is-layout-flow wp-block-column-is-layout-flow\">\n<figure class=\"wp-block-image size-full\"><img decoding=\"async\" width=\"498\" height=\"800\" src=\"https:\/\/www.yilebathrooms.com\/wp-content\/uploads\/2026\/02\/Wholesale-Back-to-Wall-Smart-Toilet-1.webp\" alt=\"Toilettes intelligentes en gros, dos au mur\" class=\"wp-image-728\" srcset=\"https:\/\/www.yilebathrooms.com\/wp-content\/uploads\/2026\/02\/Wholesale-Back-to-Wall-Smart-Toilet-1.webp 498w, https:\/\/www.yilebathrooms.com\/wp-content\/uploads\/2026\/02\/Wholesale-Back-to-Wall-Smart-Toilet-1-187x300.webp 187w, https:\/\/www.yilebathrooms.com\/wp-content\/uploads\/2026\/02\/Wholesale-Back-to-Wall-Smart-Toilet-1-7x12.webp 7w\" sizes=\"(max-width: 498px) 100vw, 498px\" \/><\/figure>\n<\/div>\n<\/div>\n\n\n\n<div class=\"wp-block-columns is-layout-flex wp-container-core-columns-is-layout-9d6595d7 wp-block-columns-is-layout-flex\">\n<div class=\"wp-block-column is-layout-flow wp-block-column-is-layout-flow\">\n<figure class=\"wp-block-image size-full\"><img decoding=\"async\" width=\"392\" height=\"800\" src=\"https:\/\/www.yilebathrooms.com\/wp-content\/uploads\/2026\/02\/Wholesale-Back-to-Wall-Smart-Toilet-3.webp\" alt=\"Toilettes intelligentes en gros, dos au mur\" class=\"wp-image-731\" srcset=\"https:\/\/www.yilebathrooms.com\/wp-content\/uploads\/2026\/02\/Wholesale-Back-to-Wall-Smart-Toilet-3.webp 392w, https:\/\/www.yilebathrooms.com\/wp-content\/uploads\/2026\/02\/Wholesale-Back-to-Wall-Smart-Toilet-3-147x300.webp 147w, https:\/\/www.yilebathrooms.com\/wp-content\/uploads\/2026\/02\/Wholesale-Back-to-Wall-Smart-Toilet-3-6x12.webp 6w\" sizes=\"(max-width: 392px) 100vw, 392px\" \/><\/figure>\n<\/div>\n\n\n\n<div class=\"wp-block-column is-layout-flow wp-block-column-is-layout-flow\">\n<figure class=\"wp-block-image size-full\"><img decoding=\"async\" width=\"392\" height=\"800\" src=\"https:\/\/www.yilebathrooms.com\/wp-content\/uploads\/2026\/02\/Wholesale-Back-to-Wall-Smart-Toilet-2.webp\" alt=\"Toilettes intelligentes en gros, dos au mur\" class=\"wp-image-730\" srcset=\"https:\/\/www.yilebathrooms.com\/wp-content\/uploads\/2026\/02\/Wholesale-Back-to-Wall-Smart-Toilet-2.webp 392w, https:\/\/www.yilebathrooms.com\/wp-content\/uploads\/2026\/02\/Wholesale-Back-to-Wall-Smart-Toilet-2-147x300.webp 147w, https:\/\/www.yilebathrooms.com\/wp-content\/uploads\/2026\/02\/Wholesale-Back-to-Wall-Smart-Toilet-2-6x12.webp 6w\" sizes=\"(max-width: 392px) 100vw, 392px\" \/><\/figure>\n<\/div>\n\n\n\n<div class=\"wp-block-column is-layout-flow wp-block-column-is-layout-flow\">\n<figure class=\"wp-block-image size-full\"><img decoding=\"async\" width=\"392\" height=\"800\" src=\"https:\/\/www.yilebathrooms.com\/wp-content\/uploads\/2026\/02\/Wholesale-Back-to-Wall-Smart-Toilet-4.webp\" alt=\"Toilettes intelligentes en gros, dos au mur\" class=\"wp-image-732\" srcset=\"https:\/\/www.yilebathrooms.com\/wp-content\/uploads\/2026\/02\/Wholesale-Back-to-Wall-Smart-Toilet-4.webp 392w, https:\/\/www.yilebathrooms.com\/wp-content\/uploads\/2026\/02\/Wholesale-Back-to-Wall-Smart-Toilet-4-147x300.webp 147w, https:\/\/www.yilebathrooms.com\/wp-content\/uploads\/2026\/02\/Wholesale-Back-to-Wall-Smart-Toilet-4-6x12.webp 6w\" sizes=\"(max-width: 392px) 100vw, 392px\" \/><\/figure>\n<\/div>\n<\/div>\n\n\n\n<div class=\"wp-block-columns is-layout-flex wp-container-core-columns-is-layout-9d6595d7 wp-block-columns-is-layout-flex\">\n<div class=\"wp-block-column is-layout-flow wp-block-column-is-layout-flow\">\n<figure class=\"wp-block-image size-full\"><img decoding=\"async\" width=\"800\" height=\"1040\" src=\"https:\/\/www.yilebathrooms.com\/wp-content\/uploads\/2026\/02\/back-to-wall-smart-toilet-specifications.webp\" alt=\"sp\u00e9cifications des toilettes intelligentes dos au mur\" class=\"wp-image-666\" srcset=\"https:\/\/www.yilebathrooms.com\/wp-content\/uploads\/2026\/02\/back-to-wall-smart-toilet-specifications.webp 800w, https:\/\/www.yilebathrooms.com\/wp-content\/uploads\/2026\/02\/back-to-wall-smart-toilet-specifications-231x300.webp 231w, https:\/\/www.yilebathrooms.com\/wp-content\/uploads\/2026\/02\/back-to-wall-smart-toilet-specifications-768x998.webp 768w, https:\/\/www.yilebathrooms.com\/wp-content\/uploads\/2026\/02\/back-to-wall-smart-toilet-specifications-9x12.webp 9w, https:\/\/www.yilebathrooms.com\/wp-content\/uploads\/2026\/02\/back-to-wall-smart-toilet-specifications-600x780.webp 600w\" sizes=\"(max-width: 800px) 100vw, 800px\" \/><\/figure>\n<\/div>\n\n\n\n<div class=\"wp-block-column is-layout-flow wp-block-column-is-layout-flow\">\n<figure class=\"wp-block-image size-full\"><img decoding=\"async\" width=\"800\" height=\"1040\" src=\"https:\/\/www.yilebathrooms.com\/wp-content\/uploads\/2026\/02\/back-to-wall-smart-toilet-specification.webp\" alt=\"sp\u00e9cifications des toilettes intelligentes dos au mur\" class=\"wp-image-668\" style=\"aspect-ratio:3\/4;object-fit:cover\" srcset=\"https:\/\/www.yilebathrooms.com\/wp-content\/uploads\/2026\/02\/back-to-wall-smart-toilet-specification.webp 800w, https:\/\/www.yilebathrooms.com\/wp-content\/uploads\/2026\/02\/back-to-wall-smart-toilet-specification-231x300.webp 231w, https:\/\/www.yilebathrooms.com\/wp-content\/uploads\/2026\/02\/back-to-wall-smart-toilet-specification-768x998.webp 768w, https:\/\/www.yilebathrooms.com\/wp-content\/uploads\/2026\/02\/back-to-wall-smart-toilet-specification-9x12.webp 9w, https:\/\/www.yilebathrooms.com\/wp-content\/uploads\/2026\/02\/back-to-wall-smart-toilet-specification-600x780.webp 600w\" sizes=\"(max-width: 800px) 100vw, 800px\" \/><\/figure>\n<\/div>\n<\/div>\n\n\n\n<div class=\"wp-block-columns is-layout-flex wp-container-core-columns-is-layout-9d6595d7 wp-block-columns-is-layout-flex\">\n<div class=\"wp-block-column is-layout-flow wp-block-column-is-layout-flow\"><\/div>\n\n\n\n<div class=\"wp-block-column is-layout-flow wp-block-column-is-layout-flow\"><\/div>\n<\/div>","protected":false},"excerpt":{"rendered":"<p>Les toilettes intelligentes encastr\u00e9es Snotor offrent une adaptation universelle, une chasse d'eau puissante sans pression, une hygi\u00e8ne sans rebord et sans interstice, un fonctionnement sans contact et des fonctions pratiques. Vente en gros directe \u00e0 l'usine avec options OEM disponibles. N'h\u00e9sitez pas \u00e0 nous contacter pour obtenir un devis !<\/p>\n<h2>Sp\u00e9cifications techniques<\/h2>\n<table>\n<tbody>\n<tr>\n<th>Objet<\/th>\n<th>Sp\u00e9cifications<\/th>\n<\/tr>\n<tr>\n<td>Type affleurant<\/td>\n<td>Siphonic (Silent Tornado Flushing)<\/td>\n<\/tr>\n<tr>\n<td>Type de drainage<\/td>\n<td>Pi\u00e8ge en S \/ pi\u00e8ge en P<\/td>\n<\/tr>\n<tr>\n<td>Taille d'encastrement<\/td>\n<td>Pi\u00e8ge en S : 60-280 mm<br \/>Siphon en P : 180 mm<\/td>\n<\/tr>\n<tr>\n<td>Tension\/Puissance<\/td>\n<td>110V-240V, 50\/60Hz (type de prise personnalisable)<\/td>\n<\/tr>\n<tr>\n<td>M\u00e9thode de chauffage<\/td>\n<td>Chauffage c\u00e9ramique instantan\u00e9 (eau chaude constante)<\/td>\n<\/tr>\n<tr>\n<td>M\u00e9thode de contr\u00f4le<\/td>\n<td>T\u00e9l\u00e9commande \/ bouton lat\u00e9ral \/ capteur au pied<\/td>\n<\/tr>\n<tr>\n<td>Mat\u00e9riau<\/td>\n<td>Corps en c\u00e9ramique antibact\u00e9rienne + housse de si\u00e8ge en UF\/PP<\/td>\n<\/tr>\n<tr>\n<td>Niveau d'\u00e9tanch\u00e9it\u00e9<\/td>\n<td>IPX4 (norme pour les composants \u00e9lectroniques)<\/td>\n<\/tr>\n<tr>\n<td>Personnalisation<\/td>\n<td>Logo, couleur, modules fonctionnels<\/td>\n<\/tr>\n<tr>\n<td>Certifications<\/td>\n<td>CE, RoHS, cUPC, WaterMark, SAA<\/td>\n<\/tr>\n<\/tbody>\n<\/table>","protected":false},"featured_media":667,"comment_status":"closed","ping_status":"closed","template":"","meta":{"_acf_changed":false},"product_brand":[],"product_cat":[21,19],"product_tag":[],"class_list":{"0":"post-659","1":"product","2":"type-product","3":"status-publish","4":"has-post-thumbnail","6":"product_cat-tankless-smart-toilet-wholesale","7":"product_cat-back-to-wall-smart-toilet-wholesale","9":"first","10":"instock","11":"shipping-taxable","12":"product-type-simple"},"acf":[],"_links":{"self":[{"href":"https:\/\/www.yilebathrooms.com\/fr\/wp-json\/wp\/v2\/product\/659","targetHints":{"allow":["GET"]}}],"collection":[{"href":"https:\/\/www.yilebathrooms.com\/fr\/wp-json\/wp\/v2\/product"}],"about":[{"href":"https:\/\/www.yilebathrooms.com\/fr\/wp-json\/wp\/v2\/types\/product"}],"replies":[{"embeddable":true,"href":"https:\/\/www.yilebathrooms.com\/fr\/wp-json\/wp\/v2\/comments?post=659"}],"wp:featuredmedia":[{"embeddable":true,"href":"https:\/\/www.yilebathrooms.com\/fr\/wp-json\/wp\/v2\/media\/667"}],"wp:attachment":[{"href":"https:\/\/www.yilebathrooms.com\/fr\/wp-json\/wp\/v2\/media?parent=659"}],"wp:term":[{"taxonomy":"product_brand","embeddable":true,"href":"https:\/\/www.yilebathrooms.com\/fr\/wp-json\/wp\/v2\/product_brand?post=659"},{"taxonomy":"product_cat","embeddable":true,"href":"https:\/\/www.yilebathrooms.com\/fr\/wp-json\/wp\/v2\/product_cat?post=659"},{"taxonomy":"product_tag","embeddable":true,"href":"https:\/\/www.yilebathrooms.com\/fr\/wp-json\/wp\/v2\/product_tag?post=659"}],"curies":[{"name":"wp","href":"https:\/\/api.w.org\/{rel}","templated":true}]}}