{"id":391,"date":"2026-01-09T09:05:24","date_gmt":"2026-01-09T09:05:24","guid":{"rendered":"https:\/\/www.yilebathrooms.com\/?post_type=product&#038;p=391"},"modified":"2026-01-09T09:05:24","modified_gmt":"2026-01-09T09:05:24","slug":"smart-toilet-with-tank-wholesale","status":"publish","type":"product","link":"https:\/\/www.yilebathrooms.com\/fr\/product\/smart-toilet-with-tank-wholesale\/","title":{"rendered":"Toilettes intelligentes avec r\u00e9servoir Wholesale, Toilettes intelligentes avec t\u00e9l\u00e9commande Custom"},"content":{"rendered":"<div class=\"wp-block-columns is-layout-flex wp-container-core-columns-is-layout-9d6595d7 wp-block-columns-is-layout-flex\">\n<div class=\"wp-block-column is-layout-flow wp-block-column-is-layout-flow\">\n<h2 class=\"wp-block-heading\">Caract\u00e9ristiques des toilettes intelligentes avec r\u00e9servoir :<\/h2>\n\n\n\n<p><strong>Technologie de rin\u00e7age Vortex : <\/strong>La puissante technologie de rin\u00e7age par vortex \u00e9limine rapidement et en profondeur la salet\u00e9 et la crasse, ce qui permet d'obtenir d'excellents r\u00e9sultats de nettoyage en une seule fois, tout en \u00e9conomisant l'eau et en augmentant l'efficacit\u00e9.<\/p>\n\n\n\n<p><strong>R\u00e9servoir d'eau de haute qualit\u00e9 : <\/strong>\u00c9quip\u00e9 d'un r\u00e9servoir d'eau de grande capacit\u00e9 et de haute qualit\u00e9, il assure un stockage stable de l'eau et une pression de rin\u00e7age forte et soutenue.<\/p>\n\n\n\n<p><strong>Technologie de d\u00e9tection intelligente : <\/strong>Dot\u00e9 d'un syst\u00e8me de d\u00e9tection intelligent, le couvercle des toilettes s'ouvre automatiquement \u00e0 l'approche de l'utilisateur, \u00e9liminant ainsi le besoin d'un contact manuel et emp\u00eachant la propagation des bact\u00e9ries, pour une plus grande tranquillit\u00e9 d'esprit.<\/p>\n\n\n\n<p><strong>Modes de contr\u00f4le multiples : <\/strong>L'appareil est compatible avec la t\u00e9l\u00e9commande et la p\u00e9dale de commande. La t\u00e9l\u00e9commande est simple et pratique et permet de r\u00e9gler facilement les diff\u00e9rentes fonctions ; la commande au pied est plus discr\u00e8te et plus hygi\u00e9nique et permet une utilisation facile m\u00eame lorsque les mains sont occup\u00e9es.<\/p>\n\n\n\n<p><strong>Fonction m\u00e9moire :<\/strong> Il est dot\u00e9 d'une fonction de m\u00e9moire intelligente qui enregistre automatiquement les fonctions et les r\u00e9glages fr\u00e9quemment utilis\u00e9s, ce qui \u00e9limine le besoin de r\u00e9ajustement la prochaine fois et offre une exp\u00e9rience plus conviviale.<\/p>\n<\/div>\n\n\n\n<div class=\"wp-block-column is-layout-flow wp-block-column-is-layout-flow\"><div class=\"wp-block-image\">\n<figure class=\"aligncenter size-full\"><img decoding=\"async\" width=\"347\" height=\"347\" src=\"https:\/\/www.yilebathrooms.com\/wp-content\/uploads\/2026\/01\/smart-toilet-with-tank-wholesale-11.webp\" alt=\"Toilettes intelligentes avec r\u00e9servoir en gros (11)\" class=\"wp-image-400\" srcset=\"https:\/\/www.yilebathrooms.com\/wp-content\/uploads\/2026\/01\/smart-toilet-with-tank-wholesale-11.webp 347w, https:\/\/www.yilebathrooms.com\/wp-content\/uploads\/2026\/01\/smart-toilet-with-tank-wholesale-11-300x300.webp 300w, https:\/\/www.yilebathrooms.com\/wp-content\/uploads\/2026\/01\/smart-toilet-with-tank-wholesale-11-150x150.webp 150w, https:\/\/www.yilebathrooms.com\/wp-content\/uploads\/2026\/01\/smart-toilet-with-tank-wholesale-11-100x100.webp 100w\" sizes=\"(max-width: 347px) 100vw, 347px\" \/><\/figure>\n<\/div><\/div>\n<\/div>\n\n\n\n<figure class=\"wp-block-image size-full\"><img decoding=\"async\" width=\"3130\" height=\"2124\" src=\"https:\/\/www.yilebathrooms.com\/wp-content\/uploads\/2026\/01\/smart-toilet-with-tank-wholesale-4.webp\" alt=\"Toilettes intelligentes avec r\u00e9servoir en gros (4)\" class=\"wp-image-395\" srcset=\"https:\/\/www.yilebathrooms.com\/wp-content\/uploads\/2026\/01\/smart-toilet-with-tank-wholesale-4.webp 3130w, https:\/\/www.yilebathrooms.com\/wp-content\/uploads\/2026\/01\/smart-toilet-with-tank-wholesale-4-300x204.webp 300w, https:\/\/www.yilebathrooms.com\/wp-content\/uploads\/2026\/01\/smart-toilet-with-tank-wholesale-4-768x521.webp 768w, https:\/\/www.yilebathrooms.com\/wp-content\/uploads\/2026\/01\/smart-toilet-with-tank-wholesale-4-1200x814.webp 1200w, https:\/\/www.yilebathrooms.com\/wp-content\/uploads\/2026\/01\/smart-toilet-with-tank-wholesale-4-600x407.webp 600w\" sizes=\"(max-width: 3130px) 100vw, 3130px\" \/><\/figure>\n\n\n\n<div class=\"wp-block-columns is-layout-flex wp-container-core-columns-is-layout-9d6595d7 wp-block-columns-is-layout-flex\">\n<div class=\"wp-block-column is-layout-flow wp-block-column-is-layout-flow\">\n<h2 class=\"wp-block-heading\">Toilette intelligente avec r\u00e9servoir :<\/h2>\n\n\n\n<figure class=\"wp-block-table\"><table class=\"has-fixed-layout\"><tbody><tr><td><strong>Mod\u00e8le<\/strong><\/td><td><strong>Taille<\/strong><\/td><\/tr><tr><td>6520<\/td><td>730X410X854mm<\/td><\/tr><\/tbody><\/table><\/figure>\n\n\n\n<figure class=\"wp-block-image size-full\"><img decoding=\"async\" width=\"3127\" height=\"2117\" src=\"https:\/\/www.yilebathrooms.com\/wp-content\/uploads\/2026\/01\/smart-toilet-with-tank-wholesale-5.webp\" alt=\"Toilettes intelligentes avec r\u00e9servoir en gros (5)\" class=\"wp-image-396\" srcset=\"https:\/\/www.yilebathrooms.com\/wp-content\/uploads\/2026\/01\/smart-toilet-with-tank-wholesale-5.webp 3127w, https:\/\/www.yilebathrooms.com\/wp-content\/uploads\/2026\/01\/smart-toilet-with-tank-wholesale-5-300x203.webp 300w, https:\/\/www.yilebathrooms.com\/wp-content\/uploads\/2026\/01\/smart-toilet-with-tank-wholesale-5-768x520.webp 768w, https:\/\/www.yilebathrooms.com\/wp-content\/uploads\/2026\/01\/smart-toilet-with-tank-wholesale-5-1200x812.webp 1200w, https:\/\/www.yilebathrooms.com\/wp-content\/uploads\/2026\/01\/smart-toilet-with-tank-wholesale-5-600x406.webp 600w\" sizes=\"(max-width: 3127px) 100vw, 3127px\" \/><\/figure>\n<\/div>\n<\/div>\n\n\n\n<div class=\"wp-block-columns is-layout-flex wp-container-core-columns-is-layout-9d6595d7 wp-block-columns-is-layout-flex\">\n<div class=\"wp-block-column is-layout-flow wp-block-column-is-layout-flow\">\n<figure class=\"wp-block-image size-full\"><img decoding=\"async\" width=\"3123\" height=\"1780\" src=\"https:\/\/www.yilebathrooms.com\/wp-content\/uploads\/2026\/01\/smart-toilet-with-tank-wholesale-6.webp\" alt=\"Toilettes intelligentes avec r\u00e9servoir en gros (6)\" class=\"wp-image-397\" srcset=\"https:\/\/www.yilebathrooms.com\/wp-content\/uploads\/2026\/01\/smart-toilet-with-tank-wholesale-6.webp 3123w, https:\/\/www.yilebathrooms.com\/wp-content\/uploads\/2026\/01\/smart-toilet-with-tank-wholesale-6-300x171.webp 300w, https:\/\/www.yilebathrooms.com\/wp-content\/uploads\/2026\/01\/smart-toilet-with-tank-wholesale-6-768x438.webp 768w, https:\/\/www.yilebathrooms.com\/wp-content\/uploads\/2026\/01\/smart-toilet-with-tank-wholesale-6-1200x684.webp 1200w, https:\/\/www.yilebathrooms.com\/wp-content\/uploads\/2026\/01\/smart-toilet-with-tank-wholesale-6-600x342.webp 600w\" sizes=\"(max-width: 3123px) 100vw, 3123px\" \/><\/figure>\n\n\n\n<figure class=\"wp-block-image size-full\"><img decoding=\"async\" width=\"3126\" height=\"2046\" src=\"https:\/\/www.yilebathrooms.com\/wp-content\/uploads\/2026\/01\/smart-toilet-with-tank-wholesale-7.webp\" alt=\"Toilettes intelligentes avec r\u00e9servoir en gros (7)\" class=\"wp-image-398\" srcset=\"https:\/\/www.yilebathrooms.com\/wp-content\/uploads\/2026\/01\/smart-toilet-with-tank-wholesale-7.webp 3126w, https:\/\/www.yilebathrooms.com\/wp-content\/uploads\/2026\/01\/smart-toilet-with-tank-wholesale-7-300x196.webp 300w, https:\/\/www.yilebathrooms.com\/wp-content\/uploads\/2026\/01\/smart-toilet-with-tank-wholesale-7-768x503.webp 768w, https:\/\/www.yilebathrooms.com\/wp-content\/uploads\/2026\/01\/smart-toilet-with-tank-wholesale-7-1200x785.webp 1200w, https:\/\/www.yilebathrooms.com\/wp-content\/uploads\/2026\/01\/smart-toilet-with-tank-wholesale-7-600x393.webp 600w\" sizes=\"(max-width: 3126px) 100vw, 3126px\" \/><\/figure>\n\n\n\n<figure class=\"wp-block-image size-full\"><img decoding=\"async\" width=\"3126\" height=\"2227\" src=\"https:\/\/www.yilebathrooms.com\/wp-content\/uploads\/2026\/01\/smart-toilet-with-tank-wholesale-8.webp\" alt=\"Toilettes intelligentes avec r\u00e9servoir en gros (8)\" class=\"wp-image-399\" srcset=\"https:\/\/www.yilebathrooms.com\/wp-content\/uploads\/2026\/01\/smart-toilet-with-tank-wholesale-8.webp 3126w, https:\/\/www.yilebathrooms.com\/wp-content\/uploads\/2026\/01\/smart-toilet-with-tank-wholesale-8-300x214.webp 300w, https:\/\/www.yilebathrooms.com\/wp-content\/uploads\/2026\/01\/smart-toilet-with-tank-wholesale-8-768x547.webp 768w, https:\/\/www.yilebathrooms.com\/wp-content\/uploads\/2026\/01\/smart-toilet-with-tank-wholesale-8-1200x855.webp 1200w, https:\/\/www.yilebathrooms.com\/wp-content\/uploads\/2026\/01\/smart-toilet-with-tank-wholesale-8-600x427.webp 600w\" sizes=\"(max-width: 3126px) 100vw, 3126px\" \/><\/figure>\n<\/div>\n<\/div>","protected":false},"excerpt":{"rendered":"<p>Les toilettes intelligentes avec r\u00e9servoir sont dot\u00e9es d'une puissante chasse d'eau \u00e0 vortex, d'un r\u00e9servoir d'eau de grande capacit\u00e9, de capteurs intelligents, d'une t\u00e9l\u00e9commande, d'une p\u00e9dale de commande et d'une fonction de m\u00e9morisation. Il prend en charge des d\u00e9corations LED et des boutons personnalis\u00e9s, convenant aux projets d'ing\u00e9nierie et aux achats en gros. Contactez-nous pour des solutions de vente en gros et de personnalisation.<\/p>\n<h2>Sp\u00e9cifications techniques<\/h2>\n<table>\n<tbody>\n<tr>\n<th>Objet<\/th>\n<th>Sp\u00e9cifications<\/th>\n<\/tr>\n<tr>\n<td>Type affleurant<\/td>\n<td>Lavage (Tornade)<\/td>\n<\/tr>\n<tr>\n<td>Type de drainage<\/td>\n<td>Pi\u00e8ge en S \/ pi\u00e8ge en P<\/td>\n<\/tr>\n<tr>\n<td>Taille d'encastrement<\/td>\n<td>Pi\u00e8ge en S : 160-260mm(lS33)<br \/>S-trap: 130-235mm(lS32)-Optional<br \/>S-trap: 155-295mm[lS17)-0ptional<br \/>S-trap: 80-195mm(lS18)-0ptional<br \/>Siphon en P : 180mm Ebauche<\/td>\n<\/tr>\n<tr>\n<td>Tension\/Puissance<\/td>\n<td>110V-240V, 50\/60Hz (type de prise personnalisable)<\/td>\n<\/tr>\n<tr>\n<td>M\u00e9thode de chauffage<\/td>\n<td>Chauffage c\u00e9ramique instantan\u00e9 (eau chaude constante)<\/td>\n<\/tr>\n<tr>\n<td>M\u00e9thode de contr\u00f4le<\/td>\n<td>T\u00e9l\u00e9commande \/ bouton lat\u00e9ral \/ capteur au pied<\/td>\n<\/tr>\n<tr>\n<td>Mat\u00e9riau<\/td>\n<td>Corps en c\u00e9ramique antibact\u00e9rienne + housse de si\u00e8ge en UF\/PP<\/td>\n<\/tr>\n<tr>\n<td>Niveau d'\u00e9tanch\u00e9it\u00e9<\/td>\n<td>IPX4 (norme pour les composants \u00e9lectroniques)<\/td>\n<\/tr>\n<tr>\n<td>Personnalisation<\/td>\n<td>Logo, couleur, modules fonctionnels<\/td>\n<\/tr>\n<tr>\n<td>Certifications<\/td>\n<td>CE, RoHS, cUPC, WaterMark, SAA<\/td>\n<\/tr>\n<\/tbody>\n<\/table>","protected":false},"featured_media":394,"comment_status":"closed","ping_status":"closed","template":"","meta":{"_acf_changed":false},"product_brand":[],"product_cat":[18,19],"product_tag":[],"class_list":{"0":"post-391","1":"product","2":"type-product","3":"status-publish","4":"has-post-thumbnail","6":"product_cat-two-piece-smart-toilet-wholesale","7":"product_cat-back-to-wall-smart-toilet-wholesale","9":"first","10":"instock","11":"shipping-taxable","12":"product-type-simple"},"acf":[],"_links":{"self":[{"href":"https:\/\/www.yilebathrooms.com\/fr\/wp-json\/wp\/v2\/product\/391","targetHints":{"allow":["GET"]}}],"collection":[{"href":"https:\/\/www.yilebathrooms.com\/fr\/wp-json\/wp\/v2\/product"}],"about":[{"href":"https:\/\/www.yilebathrooms.com\/fr\/wp-json\/wp\/v2\/types\/product"}],"replies":[{"embeddable":true,"href":"https:\/\/www.yilebathrooms.com\/fr\/wp-json\/wp\/v2\/comments?post=391"}],"wp:featuredmedia":[{"embeddable":true,"href":"https:\/\/www.yilebathrooms.com\/fr\/wp-json\/wp\/v2\/media\/394"}],"wp:attachment":[{"href":"https:\/\/www.yilebathrooms.com\/fr\/wp-json\/wp\/v2\/media?parent=391"}],"wp:term":[{"taxonomy":"product_brand","embeddable":true,"href":"https:\/\/www.yilebathrooms.com\/fr\/wp-json\/wp\/v2\/product_brand?post=391"},{"taxonomy":"product_cat","embeddable":true,"href":"https:\/\/www.yilebathrooms.com\/fr\/wp-json\/wp\/v2\/product_cat?post=391"},{"taxonomy":"product_tag","embeddable":true,"href":"https:\/\/www.yilebathrooms.com\/fr\/wp-json\/wp\/v2\/product_tag?post=391"}],"curies":[{"name":"wp","href":"https:\/\/api.w.org\/{rel}","templated":true}]}}