{"id":365,"date":"2026-01-09T09:05:24","date_gmt":"2026-01-09T09:05:24","guid":{"rendered":"https:\/\/www.yilebathrooms.com\/?post_type=product&#038;p=365"},"modified":"2026-01-09T09:05:24","modified_gmt":"2026-01-09T09:05:24","slug":"integrated-smart-toilet-wholesale","status":"publish","type":"product","link":"https:\/\/www.yilebathrooms.com\/fr\/product\/integrated-smart-toilet-wholesale\/","title":{"rendered":"Toilettes intelligentes int\u00e9gr\u00e9es Wholesale, Modern Best Smart Toilet Supplier"},"content":{"rendered":"<div class=\"wp-block-columns is-layout-flex wp-container-core-columns-is-layout-9d6595d7 wp-block-columns-is-layout-flex\">\n<div class=\"wp-block-column is-layout-flow wp-block-column-is-layout-flow\">\n<h2 class=\"wp-block-heading\">Toilettes intelligentes int\u00e9gr\u00e9es :<\/h2>\n\n\n\n<p><strong>Optimisation de l'exp\u00e9rience de nettoyage :<\/strong> Les produits Dewdrop Gentle Wash, Buttock Wash, Feminine Wash et Child Wash r\u00e9pondent aux besoins de nettoyage de diff\u00e9rents utilisateurs et de diff\u00e9rentes situations, offrant ainsi une exp\u00e9rience de nettoyage compl\u00e8te.<\/p>\n\n\n\n<p><strong>Buse autonettoyante : <\/strong>La buse est autonettoyante avant et apr\u00e8s utilisation, ce qui emp\u00eache la prolif\u00e9ration des bact\u00e9ries et les infections crois\u00e9es, garantissant ainsi une utilisation s\u00fbre et hygi\u00e9nique.<\/p>\n\n\n\n<p><strong>Chauffage instantan\u00e9 : <\/strong>Le si\u00e8ge utilise une technologie de chauffage instantan\u00e9 pour maintenir une temp\u00e9rature confortable, offrant une exp\u00e9rience chaleureuse m\u00eame par temps froid.<\/p>\n\n\n\n<p><strong>Technologie de rin\u00e7age des cyclones : <\/strong>\u00c9quip\u00e9 d'un puissant syst\u00e8me de rin\u00e7age cyclonique, la force de rin\u00e7age est puissante et rapide, ce qui permet d'\u00e9liminer facilement la salet\u00e9 tout en \u00e9conomisant l'eau.<\/p>\n\n\n\n<p><strong>Deux options d'installation : <\/strong>Offre deux options d'installation flexibles : un r\u00e9servoir cach\u00e9 avec un robinet d'arriv\u00e9e et un r\u00e9servoir cach\u00e9 avec un tuyau, ce qui vous permet de choisir en fonction des diff\u00e9rents am\u00e9nagements de la salle de bains et des exigences en mati\u00e8re de d\u00e9coration.<\/p>\n\n\n\n<p><strong>Si\u00e8ge d\u00e9coratif personnalisable : <\/strong>\u00c9quip\u00e9 de couvercles d'affichage LED dans diff\u00e9rents mat\u00e9riaux et couleurs (tels que nickel bross\u00e9, or rose, etc.) et de couvercles de boutons (tels que or rose, argent, etc.), s'adaptant aux diff\u00e9rents styles de d\u00e9coration de la salle de bains et am\u00e9liorant l'esth\u00e9tique g\u00e9n\u00e9rale.<\/p>\n<\/div>\n\n\n\n<div class=\"wp-block-column is-layout-flow wp-block-column-is-layout-flow\">\n<figure class=\"wp-block-image size-full\"><img decoding=\"async\" width=\"3126\" height=\"3073\" src=\"https:\/\/www.yilebathrooms.com\/wp-content\/uploads\/2026\/01\/integrated-smart-toilet-wholesale-4.webp\" alt=\"toilettes intelligentes int\u00e9gr\u00e9es en gros (4)\" class=\"wp-image-371\" srcset=\"https:\/\/www.yilebathrooms.com\/wp-content\/uploads\/2026\/01\/integrated-smart-toilet-wholesale-4.webp 3126w, https:\/\/www.yilebathrooms.com\/wp-content\/uploads\/2026\/01\/integrated-smart-toilet-wholesale-4-300x295.webp 300w, https:\/\/www.yilebathrooms.com\/wp-content\/uploads\/2026\/01\/integrated-smart-toilet-wholesale-4-768x755.webp 768w, https:\/\/www.yilebathrooms.com\/wp-content\/uploads\/2026\/01\/integrated-smart-toilet-wholesale-4-1200x1180.webp 1200w, https:\/\/www.yilebathrooms.com\/wp-content\/uploads\/2026\/01\/integrated-smart-toilet-wholesale-4-600x590.webp 600w\" sizes=\"(max-width: 3126px) 100vw, 3126px\" \/><\/figure>\n<\/div>\n<\/div>\n\n\n\n<figure class=\"wp-block-image size-full\"><img decoding=\"async\" width=\"3126\" height=\"2122\" src=\"https:\/\/www.yilebathrooms.com\/wp-content\/uploads\/2026\/01\/integrated-smart-toilet-wholesale10.webp\" alt=\"toilettes intelligentes int\u00e9gr\u00e9es en gros(10)\" class=\"wp-image-376\" srcset=\"https:\/\/www.yilebathrooms.com\/wp-content\/uploads\/2026\/01\/integrated-smart-toilet-wholesale10.webp 3126w, https:\/\/www.yilebathrooms.com\/wp-content\/uploads\/2026\/01\/integrated-smart-toilet-wholesale10-300x204.webp 300w, https:\/\/www.yilebathrooms.com\/wp-content\/uploads\/2026\/01\/integrated-smart-toilet-wholesale10-768x521.webp 768w, https:\/\/www.yilebathrooms.com\/wp-content\/uploads\/2026\/01\/integrated-smart-toilet-wholesale10-1200x815.webp 1200w, https:\/\/www.yilebathrooms.com\/wp-content\/uploads\/2026\/01\/integrated-smart-toilet-wholesale10-600x407.webp 600w\" sizes=\"(max-width: 3126px) 100vw, 3126px\" \/><\/figure>\n\n\n\n<div class=\"wp-block-columns is-layout-flex wp-container-core-columns-is-layout-9d6595d7 wp-block-columns-is-layout-flex\">\n<div class=\"wp-block-column is-layout-flow wp-block-column-is-layout-flow\">\n<h2 class=\"wp-block-heading\">Toilettes intelligentes int\u00e9gr\u00e9es Taille :<\/h2>\n\n\n\n<figure class=\"wp-block-table\"><table class=\"has-fixed-layout\"><tbody><tr><td><strong>Mod\u00e8le<\/strong><\/td><td><strong>Taille<\/strong><\/td><\/tr><tr><td>3520<\/td><td>600X385X480mm<\/td><\/tr><tr><td>3521<\/td><td>600X385X480mm<\/td><\/tr><\/tbody><\/table><\/figure>\n\n\n\n<figure class=\"wp-block-image size-full\"><img decoding=\"async\" width=\"3126\" height=\"2107\" src=\"https:\/\/www.yilebathrooms.com\/wp-content\/uploads\/2026\/01\/integrated-smart-toilet-wholesale-5.webp\" alt=\"toilettes intelligentes int\u00e9gr\u00e9es en gros (5)\" class=\"wp-image-372\" srcset=\"https:\/\/www.yilebathrooms.com\/wp-content\/uploads\/2026\/01\/integrated-smart-toilet-wholesale-5.webp 3126w, https:\/\/www.yilebathrooms.com\/wp-content\/uploads\/2026\/01\/integrated-smart-toilet-wholesale-5-300x202.webp 300w, https:\/\/www.yilebathrooms.com\/wp-content\/uploads\/2026\/01\/integrated-smart-toilet-wholesale-5-768x518.webp 768w, https:\/\/www.yilebathrooms.com\/wp-content\/uploads\/2026\/01\/integrated-smart-toilet-wholesale-5-1200x809.webp 1200w, https:\/\/www.yilebathrooms.com\/wp-content\/uploads\/2026\/01\/integrated-smart-toilet-wholesale-5-600x404.webp 600w\" sizes=\"(max-width: 3126px) 100vw, 3126px\" \/><\/figure>\n<\/div>\n<\/div>\n\n\n\n<div class=\"wp-block-columns is-layout-flex wp-container-core-columns-is-layout-9d6595d7 wp-block-columns-is-layout-flex\">\n<div class=\"wp-block-column is-layout-flow wp-block-column-is-layout-flow\">\n<figure class=\"wp-block-image size-full\"><img decoding=\"async\" width=\"3126\" height=\"1626\" src=\"https:\/\/www.yilebathrooms.com\/wp-content\/uploads\/2026\/01\/integrated-smart-toilet-wholesale6.webp\" alt=\"toilettes intelligentes int\u00e9gr\u00e9es en gros(6)\" class=\"wp-image-373\" srcset=\"https:\/\/www.yilebathrooms.com\/wp-content\/uploads\/2026\/01\/integrated-smart-toilet-wholesale6.webp 3126w, https:\/\/www.yilebathrooms.com\/wp-content\/uploads\/2026\/01\/integrated-smart-toilet-wholesale6-300x156.webp 300w, https:\/\/www.yilebathrooms.com\/wp-content\/uploads\/2026\/01\/integrated-smart-toilet-wholesale6-768x399.webp 768w, https:\/\/www.yilebathrooms.com\/wp-content\/uploads\/2026\/01\/integrated-smart-toilet-wholesale6-1200x624.webp 1200w, https:\/\/www.yilebathrooms.com\/wp-content\/uploads\/2026\/01\/integrated-smart-toilet-wholesale6-600x312.webp 600w\" sizes=\"(max-width: 3126px) 100vw, 3126px\" \/><\/figure>\n\n\n\n<figure class=\"wp-block-image size-full\"><img decoding=\"async\" width=\"3126\" height=\"2118\" src=\"https:\/\/www.yilebathrooms.com\/wp-content\/uploads\/2026\/01\/integrated-smart-toilet-wholesale8.webp\" alt=\"toilettes intelligentes int\u00e9gr\u00e9es en gros(8)\" class=\"wp-image-374\" srcset=\"https:\/\/www.yilebathrooms.com\/wp-content\/uploads\/2026\/01\/integrated-smart-toilet-wholesale8.webp 3126w, https:\/\/www.yilebathrooms.com\/wp-content\/uploads\/2026\/01\/integrated-smart-toilet-wholesale8-300x203.webp 300w, https:\/\/www.yilebathrooms.com\/wp-content\/uploads\/2026\/01\/integrated-smart-toilet-wholesale8-768x520.webp 768w, https:\/\/www.yilebathrooms.com\/wp-content\/uploads\/2026\/01\/integrated-smart-toilet-wholesale8-1200x813.webp 1200w, https:\/\/www.yilebathrooms.com\/wp-content\/uploads\/2026\/01\/integrated-smart-toilet-wholesale8-600x407.webp 600w\" sizes=\"(max-width: 3126px) 100vw, 3126px\" \/><\/figure>\n\n\n\n<figure class=\"wp-block-image size-full\"><img decoding=\"async\" width=\"3126\" height=\"2191\" src=\"https:\/\/www.yilebathrooms.com\/wp-content\/uploads\/2026\/01\/integrated-smart-toilet-wholesale9.webp\" alt=\"toilettes intelligentes int\u00e9gr\u00e9es en gros(9)\" class=\"wp-image-375\" srcset=\"https:\/\/www.yilebathrooms.com\/wp-content\/uploads\/2026\/01\/integrated-smart-toilet-wholesale9.webp 3126w, https:\/\/www.yilebathrooms.com\/wp-content\/uploads\/2026\/01\/integrated-smart-toilet-wholesale9-300x210.webp 300w, https:\/\/www.yilebathrooms.com\/wp-content\/uploads\/2026\/01\/integrated-smart-toilet-wholesale9-768x538.webp 768w, https:\/\/www.yilebathrooms.com\/wp-content\/uploads\/2026\/01\/integrated-smart-toilet-wholesale9-1200x841.webp 1200w, https:\/\/www.yilebathrooms.com\/wp-content\/uploads\/2026\/01\/integrated-smart-toilet-wholesale9-600x421.webp 600w\" sizes=\"(max-width: 3126px) 100vw, 3126px\" \/><\/figure>\n<\/div>\n<\/div>","protected":false},"excerpt":{"rendered":"<p>Nos toilettes intelligentes int\u00e9gr\u00e9es combinent un lavage multimode, une buse autonettoyante, un chauffage instantan\u00e9 et un syst\u00e8me de chasse d'eau \u00e0 cyclone, garantissant l'hygi\u00e8ne, la s\u00e9curit\u00e9, le confort et l'efficacit\u00e9 de l'utilisation de l'eau. Elles conviennent aux h\u00f4tels, aux projets de construction et \u00e0 la distribution en gros. Contactez-nous pour un devis en gros !<\/p>\n<h2>Sp\u00e9cifications techniques<\/h2>\n<table>\n<tbody>\n<tr>\n<th>Objet<\/th>\n<th>Sp\u00e9cifications<\/th>\n<\/tr>\n<tr>\n<td>Type affleurant<\/td>\n<td>Lavage (Tornade)<\/td>\n<\/tr>\n<tr>\n<td>Type de drainage<\/td>\n<td>Pi\u00e8ge en S \/ pi\u00e8ge en P<\/td>\n<\/tr>\n<tr>\n<td>Taille d'encastrement<\/td>\n<td>Pi\u00e8ge en S : 115-140mm(IS33)<br \/>S-trap: 80-140mm(lS16)-0ptional<br \/>S-trap: 145-170mm(lS17)-0ptional<br \/>Siphon en P : 180 mm<\/td>\n<\/tr>\n<tr>\n<td>Tension\/Puissance<\/td>\n<td>110V-240V, 50\/60Hz (type de prise personnalisable)<\/td>\n<\/tr>\n<tr>\n<td>M\u00e9thode de chauffage<\/td>\n<td>Chauffage c\u00e9ramique instantan\u00e9 (eau chaude constante)<\/td>\n<\/tr>\n<tr>\n<td>M\u00e9thode de contr\u00f4le<\/td>\n<td>T\u00e9l\u00e9commande \/ bouton lat\u00e9ral \/ capteur au pied<\/td>\n<\/tr>\n<tr>\n<td>Mat\u00e9riau<\/td>\n<td>Corps en c\u00e9ramique antibact\u00e9rienne + housse de si\u00e8ge en UF\/PP<\/td>\n<\/tr>\n<tr>\n<td>Niveau d'\u00e9tanch\u00e9it\u00e9<\/td>\n<td>IPX4 (norme pour les composants \u00e9lectroniques)<\/td>\n<\/tr>\n<tr>\n<td>Personnalisation<\/td>\n<td>Logo, couleur, modules fonctionnels<\/td>\n<\/tr>\n<tr>\n<td>Certifications<\/td>\n<td>CE, RoHS, cUPC, WaterMark, SAA<\/td>\n<\/tr>\n<\/tbody>\n<\/table>","protected":false},"featured_media":368,"comment_status":"closed","ping_status":"closed","template":"","meta":{"_acf_changed":false},"product_brand":[],"product_cat":[21,19],"product_tag":[],"class_list":{"0":"post-365","1":"product","2":"type-product","3":"status-publish","4":"has-post-thumbnail","6":"product_cat-tankless-smart-toilet-wholesale","7":"product_cat-back-to-wall-smart-toilet-wholesale","9":"first","10":"instock","11":"shipping-taxable","12":"product-type-simple"},"acf":[],"_links":{"self":[{"href":"https:\/\/www.yilebathrooms.com\/fr\/wp-json\/wp\/v2\/product\/365","targetHints":{"allow":["GET"]}}],"collection":[{"href":"https:\/\/www.yilebathrooms.com\/fr\/wp-json\/wp\/v2\/product"}],"about":[{"href":"https:\/\/www.yilebathrooms.com\/fr\/wp-json\/wp\/v2\/types\/product"}],"replies":[{"embeddable":true,"href":"https:\/\/www.yilebathrooms.com\/fr\/wp-json\/wp\/v2\/comments?post=365"}],"wp:featuredmedia":[{"embeddable":true,"href":"https:\/\/www.yilebathrooms.com\/fr\/wp-json\/wp\/v2\/media\/368"}],"wp:attachment":[{"href":"https:\/\/www.yilebathrooms.com\/fr\/wp-json\/wp\/v2\/media?parent=365"}],"wp:term":[{"taxonomy":"product_brand","embeddable":true,"href":"https:\/\/www.yilebathrooms.com\/fr\/wp-json\/wp\/v2\/product_brand?post=365"},{"taxonomy":"product_cat","embeddable":true,"href":"https:\/\/www.yilebathrooms.com\/fr\/wp-json\/wp\/v2\/product_cat?post=365"},{"taxonomy":"product_tag","embeddable":true,"href":"https:\/\/www.yilebathrooms.com\/fr\/wp-json\/wp\/v2\/product_tag?post=365"}],"curies":[{"name":"wp","href":"https:\/\/api.w.org\/{rel}","templated":true}]}}