{"id":218,"date":"2026-01-06T08:13:00","date_gmt":"2026-01-06T08:13:00","guid":{"rendered":"https:\/\/www.yilebathrooms.com\/?post_type=product&#038;p=218"},"modified":"2026-01-09T09:04:55","modified_gmt":"2026-01-09T09:04:55","slug":"tankless-smart-toilet-wholesale","status":"publish","type":"product","link":"https:\/\/www.yilebathrooms.com\/fr\/product\/tankless-smart-toilet-wholesale\/","title":{"rendered":"Toilette intelligente moderne sans r\u00e9servoir Wholesale, Toilette intelligente \u00e9conome en \u00e9nergie Fabricant"},"content":{"rendered":"<div class=\"wp-block-columns is-layout-flex wp-container-core-columns-is-layout-9d6595d7 wp-block-columns-is-layout-flex\">\n<div class=\"wp-block-column is-layout-flow wp-block-column-is-layout-flow\">\n<h2 class=\"wp-block-heading\">Toilettes intelligentes sans r\u00e9servoir Caract\u00e9ristiques :<\/h2>\n\n\n\n<div>\n<div><strong>Ing\u00e9nierie avanc\u00e9e des syst\u00e8mes sans r\u00e9servoir &nbsp; &nbsp;<\/strong> &nbsp; &nbsp; &nbsp; &nbsp; &nbsp;<\/div>\n<div>Une esth\u00e9tique qui permet de gagner de l'espace, un design \u00e9l\u00e9gant et discret qui maximise la surface de la salle de bains, id\u00e9al pour les appartements de luxe \u00e0 forte densit\u00e9.&nbsp; &nbsp; &nbsp; &nbsp; &nbsp; &nbsp; &nbsp; &nbsp; &nbsp; &nbsp; &nbsp; &nbsp; &nbsp;<\/div>\n<div><strong>Cadre de support en alliage &nbsp; &nbsp; &nbsp; &nbsp;<\/strong> &nbsp; &nbsp;<\/div>\n<div>Le cadre de support en alliage \u00e0 haute r\u00e9sistance offre une excellente capacit\u00e9 de charge, assurant la stabilit\u00e9 et la s\u00e9curit\u00e9 pour les utilisateurs de tous types de corps.&nbsp; &nbsp; &nbsp; &nbsp; &nbsp; &nbsp; &nbsp; &nbsp; &nbsp; &nbsp; &nbsp;&nbsp;<\/div>\n<div><strong>Technologie de chauffage instantan\u00e9 &nbsp; &nbsp; &nbsp;<\/strong> &nbsp; &nbsp; &nbsp; &nbsp;<\/div>\n<div>Fournit de l'eau chaude en permanence sans les risques d'hygi\u00e8ne li\u00e9s \u00e0 la stagnation de l'eau du r\u00e9servoir. &nbsp; &nbsp; &nbsp; &nbsp; &nbsp; &nbsp; &nbsp; &nbsp; &nbsp; &nbsp; &nbsp; &nbsp; &nbsp;<\/div>\n<div><strong>Syst\u00e8me de surpression \u00e0 basse pression &nbsp; &nbsp; &nbsp; &nbsp;<\/strong> &nbsp; &nbsp;<\/div>\n<div>\u00c9quip\u00e9 d'une pompe de surpression silencieuse int\u00e9gr\u00e9e, garantissant une chasse d'eau puissante m\u00eame dans les vieux quartiers urbains ou les immeubles de grande hauteur (pression minimale de 0,05 MPa). &nbsp; &nbsp; &nbsp; &nbsp; &nbsp; &nbsp; &nbsp; &nbsp; &nbsp; &nbsp; &nbsp; &nbsp; &nbsp;<\/div>\n<div><strong>Fonctions modulaires intelligentes<\/strong> &nbsp; &nbsp; &nbsp; &nbsp; &nbsp; &nbsp;<\/div>\n<div>Les caract\u00e9ristiques optionnelles comprennent un si\u00e8ge chauffant, un s\u00e9choir \u00e0 air chaud, une chasse d'eau automatique et une d\u00e9sodorisation intelligente. &nbsp; &nbsp; &nbsp; &nbsp; &nbsp; &nbsp; &nbsp; &nbsp; &nbsp; &nbsp; &nbsp; &nbsp; &nbsp;<\/div>\n<div><strong>Compatibilit\u00e9 globale d'installation &nbsp; &nbsp;<\/strong> &nbsp; &nbsp; &nbsp; &nbsp; &nbsp;<\/div>\n<div>Prend en charge plusieurs tailles d'encastrement, types de sorties et syst\u00e8mes d'\u00e9vacuation, adapt\u00e9s \u00e0 diff\u00e9rents march\u00e9s internationaux. &nbsp; &nbsp; &nbsp; &nbsp; &nbsp; &nbsp; &nbsp; &nbsp; &nbsp; &nbsp; &nbsp; &nbsp;<\/div>\n<div><strong>Polyvalence de l'installation double (adaptation flexible au projet)<\/strong> &nbsp; &nbsp; &nbsp; &nbsp; &nbsp; &nbsp;<\/div>\n<div><strong>M\u00e9thode A :<\/strong> Installation d'un robinet d'arr\u00eat standard - Pour les installations d'alimentation en eau traditionnelles avec prise murale ou prise au sol. &nbsp; &nbsp; &nbsp; &nbsp; &nbsp; &nbsp; &nbsp;<\/div>\n<div><strong>M\u00e9thode B :<\/strong> R\u00e9servoir de chasse encastr\u00e9 avec raccord de tuyau - Sp\u00e9cialement con\u00e7u pour s'int\u00e9grer parfaitement aux syst\u00e8mes de r\u00e9servoirs de chasse encastr\u00e9s, offrant un aspect \u00e9l\u00e9gant et int\u00e9gr\u00e9 pour une conception architecturale moderne. &nbsp; &nbsp; &nbsp; &nbsp; &nbsp; &nbsp;<\/div>\n<\/div>\n<\/div>\n\n\n\n<div class=\"wp-block-column is-layout-flow wp-block-column-is-layout-flow\">\n<figure class=\"wp-block-image size-full\"><img decoding=\"async\" width=\"3122\" height=\"3123\" src=\"https:\/\/www.yilebathrooms.com\/wp-content\/uploads\/2026\/01\/Morden-Tankless-Smart-Toilet-Wholesale-Energy-Efficient-Smart-Toilet-Manufacturer-2.webp\" alt=\"\" class=\"wp-image-226\" srcset=\"https:\/\/www.yilebathrooms.com\/wp-content\/uploads\/2026\/01\/Morden-Tankless-Smart-Toilet-Wholesale-Energy-Efficient-Smart-Toilet-Manufacturer-2.webp 3122w, https:\/\/www.yilebathrooms.com\/wp-content\/uploads\/2026\/01\/Morden-Tankless-Smart-Toilet-Wholesale-Energy-Efficient-Smart-Toilet-Manufacturer-2-300x300.webp 300w, https:\/\/www.yilebathrooms.com\/wp-content\/uploads\/2026\/01\/Morden-Tankless-Smart-Toilet-Wholesale-Energy-Efficient-Smart-Toilet-Manufacturer-2-150x150.webp 150w, https:\/\/www.yilebathrooms.com\/wp-content\/uploads\/2026\/01\/Morden-Tankless-Smart-Toilet-Wholesale-Energy-Efficient-Smart-Toilet-Manufacturer-2-768x768.webp 768w, https:\/\/www.yilebathrooms.com\/wp-content\/uploads\/2026\/01\/Morden-Tankless-Smart-Toilet-Wholesale-Energy-Efficient-Smart-Toilet-Manufacturer-2-1200x1200.webp 1200w, https:\/\/www.yilebathrooms.com\/wp-content\/uploads\/2026\/01\/Morden-Tankless-Smart-Toilet-Wholesale-Energy-Efficient-Smart-Toilet-Manufacturer-2-600x600.webp 600w, https:\/\/www.yilebathrooms.com\/wp-content\/uploads\/2026\/01\/Morden-Tankless-Smart-Toilet-Wholesale-Energy-Efficient-Smart-Toilet-Manufacturer-2-100x100.webp 100w\" sizes=\"(max-width: 3122px) 100vw, 3122px\" \/><\/figure>\n<\/div>\n<\/div>\n\n\n\n<div class=\"wp-block-columns is-layout-flex wp-container-core-columns-is-layout-9d6595d7 wp-block-columns-is-layout-flex\">\n<div class=\"wp-block-column is-layout-flow wp-block-column-is-layout-flow\">\n<h2 class=\"wp-block-heading\">Toilette intelligente sans r\u00e9servoir Taille :<\/h2>\n\n\n\n<figure class=\"wp-block-table\"><table class=\"has-fixed-layout\"><tbody><tr><td><strong>Mod\u00e8le<\/strong><\/td><td><strong>Taille<\/strong><\/td><\/tr><tr><td>2520<\/td><td>600X385X420mm<\/td><\/tr><tr><td>2521<\/td><td>600X385X420mm<\/td><\/tr><\/tbody><\/table><\/figure>\n\n\n\n<figure class=\"wp-block-image size-full\"><img decoding=\"async\" width=\"1499\" height=\"908\" src=\"https:\/\/www.yilebathrooms.com\/wp-content\/uploads\/2026\/01\/Morden-Tankless-Smart-Toilet-Wholesale-Energy-Efficient-Smart-Toilet-Manufacturer-6.webp\" alt=\"Morden Tankless Smart Toilet Wholesale, fabricant de toilettes intelligentes \u00e9conomes en \u00e9nergie (6)\" class=\"wp-image-230\" srcset=\"https:\/\/www.yilebathrooms.com\/wp-content\/uploads\/2026\/01\/Morden-Tankless-Smart-Toilet-Wholesale-Energy-Efficient-Smart-Toilet-Manufacturer-6.webp 1499w, https:\/\/www.yilebathrooms.com\/wp-content\/uploads\/2026\/01\/Morden-Tankless-Smart-Toilet-Wholesale-Energy-Efficient-Smart-Toilet-Manufacturer-6-300x182.webp 300w, https:\/\/www.yilebathrooms.com\/wp-content\/uploads\/2026\/01\/Morden-Tankless-Smart-Toilet-Wholesale-Energy-Efficient-Smart-Toilet-Manufacturer-6-768x465.webp 768w, https:\/\/www.yilebathrooms.com\/wp-content\/uploads\/2026\/01\/Morden-Tankless-Smart-Toilet-Wholesale-Energy-Efficient-Smart-Toilet-Manufacturer-6-1200x727.webp 1200w, https:\/\/www.yilebathrooms.com\/wp-content\/uploads\/2026\/01\/Morden-Tankless-Smart-Toilet-Wholesale-Energy-Efficient-Smart-Toilet-Manufacturer-6-600x363.webp 600w\" sizes=\"(max-width: 1499px) 100vw, 1499px\" \/><\/figure>\n<\/div>\n<\/div>\n\n\n\n<div class=\"wp-block-columns is-layout-flex wp-container-core-columns-is-layout-9d6595d7 wp-block-columns-is-layout-flex\">\n<div class=\"wp-block-column is-layout-flow wp-block-column-is-layout-flow\">\n<figure class=\"wp-block-image size-full\"><img decoding=\"async\" width=\"1515\" height=\"754\" src=\"https:\/\/www.yilebathrooms.com\/wp-content\/uploads\/2026\/01\/Morden-Tankless-Smart-Toilet-Wholesale-Energy-Efficient-Smart-Toilet-Manufacturer-1.webp\" alt=\"\" class=\"wp-image-225\" srcset=\"https:\/\/www.yilebathrooms.com\/wp-content\/uploads\/2026\/01\/Morden-Tankless-Smart-Toilet-Wholesale-Energy-Efficient-Smart-Toilet-Manufacturer-1.webp 1515w, https:\/\/www.yilebathrooms.com\/wp-content\/uploads\/2026\/01\/Morden-Tankless-Smart-Toilet-Wholesale-Energy-Efficient-Smart-Toilet-Manufacturer-1-300x149.webp 300w, https:\/\/www.yilebathrooms.com\/wp-content\/uploads\/2026\/01\/Morden-Tankless-Smart-Toilet-Wholesale-Energy-Efficient-Smart-Toilet-Manufacturer-1-768x382.webp 768w, https:\/\/www.yilebathrooms.com\/wp-content\/uploads\/2026\/01\/Morden-Tankless-Smart-Toilet-Wholesale-Energy-Efficient-Smart-Toilet-Manufacturer-1-1200x597.webp 1200w, https:\/\/www.yilebathrooms.com\/wp-content\/uploads\/2026\/01\/Morden-Tankless-Smart-Toilet-Wholesale-Energy-Efficient-Smart-Toilet-Manufacturer-1-600x299.webp 600w\" sizes=\"(max-width: 1515px) 100vw, 1515px\" \/><\/figure>\n\n\n\n<figure class=\"wp-block-image size-full\"><img decoding=\"async\" width=\"1500\" height=\"993\" src=\"https:\/\/www.yilebathrooms.com\/wp-content\/uploads\/2026\/01\/Morden-Tankless-Smart-Toilet-Wholesale-Energy-Efficient-Smart-Toilet-Manufacturer-3.webp\" alt=\"Morden Tankless Smart Toilet Wholesale, fabricant de toilettes intelligentes \u00e9conomes en \u00e9nergie (3)\" class=\"wp-image-227\" srcset=\"https:\/\/www.yilebathrooms.com\/wp-content\/uploads\/2026\/01\/Morden-Tankless-Smart-Toilet-Wholesale-Energy-Efficient-Smart-Toilet-Manufacturer-3.webp 1500w, https:\/\/www.yilebathrooms.com\/wp-content\/uploads\/2026\/01\/Morden-Tankless-Smart-Toilet-Wholesale-Energy-Efficient-Smart-Toilet-Manufacturer-3-300x199.webp 300w, https:\/\/www.yilebathrooms.com\/wp-content\/uploads\/2026\/01\/Morden-Tankless-Smart-Toilet-Wholesale-Energy-Efficient-Smart-Toilet-Manufacturer-3-768x508.webp 768w, https:\/\/www.yilebathrooms.com\/wp-content\/uploads\/2026\/01\/Morden-Tankless-Smart-Toilet-Wholesale-Energy-Efficient-Smart-Toilet-Manufacturer-3-1200x794.webp 1200w, https:\/\/www.yilebathrooms.com\/wp-content\/uploads\/2026\/01\/Morden-Tankless-Smart-Toilet-Wholesale-Energy-Efficient-Smart-Toilet-Manufacturer-3-600x397.webp 600w\" sizes=\"(max-width: 1500px) 100vw, 1500px\" \/><\/figure>\n\n\n\n<figure class=\"wp-block-image size-full\"><img decoding=\"async\" width=\"1500\" height=\"1020\" src=\"https:\/\/www.yilebathrooms.com\/wp-content\/uploads\/2026\/01\/Morden-Tankless-Smart-Toilet-Wholesale-Energy-Efficient-Smart-Toilet-Manufacturer-4.webp\" alt=\"Morden Tankless Smart Toilet Wholesale, fabricant de toilettes intelligentes \u00e9conomes en \u00e9nergie (4)\" class=\"wp-image-228\" srcset=\"https:\/\/www.yilebathrooms.com\/wp-content\/uploads\/2026\/01\/Morden-Tankless-Smart-Toilet-Wholesale-Energy-Efficient-Smart-Toilet-Manufacturer-4.webp 1500w, https:\/\/www.yilebathrooms.com\/wp-content\/uploads\/2026\/01\/Morden-Tankless-Smart-Toilet-Wholesale-Energy-Efficient-Smart-Toilet-Manufacturer-4-300x204.webp 300w, https:\/\/www.yilebathrooms.com\/wp-content\/uploads\/2026\/01\/Morden-Tankless-Smart-Toilet-Wholesale-Energy-Efficient-Smart-Toilet-Manufacturer-4-768x522.webp 768w, https:\/\/www.yilebathrooms.com\/wp-content\/uploads\/2026\/01\/Morden-Tankless-Smart-Toilet-Wholesale-Energy-Efficient-Smart-Toilet-Manufacturer-4-1200x816.webp 1200w, https:\/\/www.yilebathrooms.com\/wp-content\/uploads\/2026\/01\/Morden-Tankless-Smart-Toilet-Wholesale-Energy-Efficient-Smart-Toilet-Manufacturer-4-600x408.webp 600w\" sizes=\"(max-width: 1500px) 100vw, 1500px\" \/><\/figure>\n\n\n\n<figure class=\"wp-block-image size-full\"><img decoding=\"async\" width=\"1500\" height=\"1020\" src=\"https:\/\/www.yilebathrooms.com\/wp-content\/uploads\/2026\/01\/Morden-Tankless-Smart-Toilet-Wholesale-Energy-Efficient-Smart-Toilet-Manufacturer-5.webp\" alt=\"Morden Tankless Smart Toilet Wholesale, fabricant de toilettes intelligentes \u00e9conomes en \u00e9nergie (5)\" class=\"wp-image-229\" srcset=\"https:\/\/www.yilebathrooms.com\/wp-content\/uploads\/2026\/01\/Morden-Tankless-Smart-Toilet-Wholesale-Energy-Efficient-Smart-Toilet-Manufacturer-5.webp 1500w, https:\/\/www.yilebathrooms.com\/wp-content\/uploads\/2026\/01\/Morden-Tankless-Smart-Toilet-Wholesale-Energy-Efficient-Smart-Toilet-Manufacturer-5-300x204.webp 300w, https:\/\/www.yilebathrooms.com\/wp-content\/uploads\/2026\/01\/Morden-Tankless-Smart-Toilet-Wholesale-Energy-Efficient-Smart-Toilet-Manufacturer-5-768x522.webp 768w, https:\/\/www.yilebathrooms.com\/wp-content\/uploads\/2026\/01\/Morden-Tankless-Smart-Toilet-Wholesale-Energy-Efficient-Smart-Toilet-Manufacturer-5-1200x816.webp 1200w, https:\/\/www.yilebathrooms.com\/wp-content\/uploads\/2026\/01\/Morden-Tankless-Smart-Toilet-Wholesale-Energy-Efficient-Smart-Toilet-Manufacturer-5-600x408.webp 600w\" sizes=\"(max-width: 1500px) 100vw, 1500px\" \/><\/figure>\n<\/div>\n<\/div>","protected":false},"excerpt":{"rendered":"<p>Notre s\u00e9rie de toilettes intelligentes sans r\u00e9servoir en gros, dot\u00e9e de la technologie de chasse d'eau sans limite de pression, cette unit\u00e9 \u00e9limine le besoin d'un r\u00e9servoir encombrant tout en garantissant des performances puissantes dans n'importe quel environnement de construction. Elle est id\u00e9ale pour les projets commerciaux haut de gamme et les d\u00e9veloppements r\u00e9sidentiels minimalistes. Nous proposons des solutions personnalis\u00e9es et des prix d'usine. Contactez-nous pour un devis.<\/p>\n<h2>Sp\u00e9cifications techniques<\/h2>\n<table>\n<tbody>\n<tr>\n<th>Objet<\/th>\n<th>Sp\u00e9cifications<\/th>\n<\/tr>\n<tr>\n<td>Type affleurant<\/td>\n<td>Lavage (Tornado Silent Flush)<\/td>\n<\/tr>\n<tr>\n<td>Type de drainage<\/td>\n<td>Siphon en P \/ sortie arri\u00e8re<\/td>\n<\/tr>\n<tr>\n<td>Taille d'encastrement<\/td>\n<td>Siphon en P 180mm<\/td>\n<\/tr>\n<tr>\n<td>Tension\/Puissance<\/td>\n<td>110V-240V, 50\/60Hz (type de prise personnalisable)<\/td>\n<\/tr>\n<tr>\n<td>M\u00e9thode de chauffage<\/td>\n<td>Chauffage c\u00e9ramique instantan\u00e9 (eau chaude constante)<\/td>\n<\/tr>\n<tr>\n<td>M\u00e9thode de contr\u00f4le<\/td>\n<td>T\u00e9l\u00e9commande \/ bouton lat\u00e9ral \/ capteur au pied<\/td>\n<\/tr>\n<tr>\n<td>Mat\u00e9riau<\/td>\n<td>Corps en c\u00e9ramique antibact\u00e9rienne + housse de si\u00e8ge en UF\/PP<\/td>\n<\/tr>\n<tr>\n<td>Niveau d'\u00e9tanch\u00e9it\u00e9<\/td>\n<td>IPX4 (norme pour les composants \u00e9lectroniques)<\/td>\n<\/tr>\n<tr>\n<td>Personnalisation<\/td>\n<td>Logo, couleur, modules fonctionnels<\/td>\n<\/tr>\n<tr>\n<td>Certifications<\/td>\n<td>CE, RoHS, cUPC, WaterMark, SAA<\/td>\n<\/tr>\n<\/tbody>\n<\/table>","protected":false},"featured_media":219,"comment_status":"closed","ping_status":"closed","template":"","meta":{"_acf_changed":false},"product_brand":[],"product_cat":[21,20],"product_tag":[],"class_list":{"0":"post-218","1":"product","2":"type-product","3":"status-publish","4":"has-post-thumbnail","6":"product_cat-tankless-smart-toilet-wholesale","7":"product_cat-wall-hung-smart-toilet-wholesale","9":"first","10":"instock","11":"shipping-taxable","12":"product-type-simple"},"acf":[],"_links":{"self":[{"href":"https:\/\/www.yilebathrooms.com\/fr\/wp-json\/wp\/v2\/product\/218","targetHints":{"allow":["GET"]}}],"collection":[{"href":"https:\/\/www.yilebathrooms.com\/fr\/wp-json\/wp\/v2\/product"}],"about":[{"href":"https:\/\/www.yilebathrooms.com\/fr\/wp-json\/wp\/v2\/types\/product"}],"replies":[{"embeddable":true,"href":"https:\/\/www.yilebathrooms.com\/fr\/wp-json\/wp\/v2\/comments?post=218"}],"wp:featuredmedia":[{"embeddable":true,"href":"https:\/\/www.yilebathrooms.com\/fr\/wp-json\/wp\/v2\/media\/219"}],"wp:attachment":[{"href":"https:\/\/www.yilebathrooms.com\/fr\/wp-json\/wp\/v2\/media?parent=218"}],"wp:term":[{"taxonomy":"product_brand","embeddable":true,"href":"https:\/\/www.yilebathrooms.com\/fr\/wp-json\/wp\/v2\/product_brand?post=218"},{"taxonomy":"product_cat","embeddable":true,"href":"https:\/\/www.yilebathrooms.com\/fr\/wp-json\/wp\/v2\/product_cat?post=218"},{"taxonomy":"product_tag","embeddable":true,"href":"https:\/\/www.yilebathrooms.com\/fr\/wp-json\/wp\/v2\/product_tag?post=218"}],"curies":[{"name":"wp","href":"https:\/\/api.w.org\/{rel}","templated":true}]}}