{"id":673,"date":"2026-02-27T09:25:47","date_gmt":"2026-02-27T09:25:47","guid":{"rendered":"https:\/\/www.yilebathrooms.com\/?post_type=product&#038;p=673"},"modified":"2026-03-24T08:11:50","modified_gmt":"2026-03-24T08:11:50","slug":"smart-tankless-toilet-wholesale","status":"publish","type":"product","link":"https:\/\/www.yilebathrooms.com\/es\/product\/smart-tankless-toilet-wholesale\/","title":{"rendered":"Inodoro inteligente sin tanque al por mayor, inodoro inteligente a medida"},"content":{"rendered":"<div class=\"wp-block-columns is-layout-flex wp-container-core-columns-is-layout-9d6595d7 wp-block-columns-is-layout-flex\">\n<div class=\"wp-block-column is-layout-flow wp-block-column-is-layout-flow\">\n<h2 class=\"wp-block-heading\">Inodoro sin tanque inteligente Tama\u00f1o:<\/h2>\n\n\n\n<figure class=\"wp-block-table\"><table class=\"has-fixed-layout\"><tbody><tr><td><strong>Modelo<\/strong><\/td><td><strong>Talla<\/strong><\/td><\/tr><tr><td>G6<\/td><td>705X390X440mm<\/td><\/tr><\/tbody><\/table><\/figure>\n\n\n\n<h2 class=\"wp-block-heading\">Inodoro sin tanque inteligente Caracter\u00edsticas:<\/h2>\n\n\n\n<p><strong>Instalaci\u00f3n Plug and Play: <\/strong>Nuestro dise\u00f1o patentado sin sif\u00f3n admite un enorme rango de instalaci\u00f3n de 60-280 mm, lo que hace que la remodelaci\u00f3n del ba\u00f1o sea m\u00e1s f\u00e1cil que nunca.<\/p>\n\n\n\n<p><strong>Asiento ergon\u00f3mico en forma de U:<\/strong> Un dise\u00f1o mejorado y espacioso en forma de U que ofrece una superficie de asiento m\u00e1s amplia y un arco contorneado superior en comparaci\u00f3n con los asientos tradicionales en forma de V.<\/p>\n\n\n\n<p><strong>Potencia de descarga din\u00e1mica: <\/strong>La bomba de refuerzo incorporada supera la baja presi\u00f3n del agua, proporcionando una descarga potente pero silenciosa de tornado en el suelo.<\/p>\n\n\n\n<p><strong>Doble descarga inteligente:<\/strong> Equipado con un sensor de ocupaci\u00f3n inteligente, el sistema distingue autom\u00e1ticamente entre \u201cMedia descarga\u201d y \u201cDescarga completa\u201d en funci\u00f3n de la duraci\u00f3n del uso.<\/p>\n\n\n\n<p><strong>Integraci\u00f3n pr\u00e1ctica de funciones:<\/strong> Snotor integra a la perfecci\u00f3n una instalaci\u00f3n flexible, una potente descarga sin presi\u00f3n y un dise\u00f1o empotrado en la pared de 90\u00b0, totalmente equipado con tapa autom\u00e1tica, descarga con sensor de pie, lavado instant\u00e1neo con calefacci\u00f3n, secador de aire caliente, autolimpieza UV y tecnolog\u00eda antirretorno Air Gap, para que los usuarios tengan una vida c\u00f3moda.<\/p>\n\n\n\n<p><strong>Expertos mundiales en OEM\/ODM<\/strong>: Aproveche la fabricaci\u00f3n interna de Snotor para especificaciones personalizadas y benef\u00edciese de los precios directos de f\u00e1brica.<\/p>\n<\/div>\n\n\n\n<div class=\"wp-block-column is-layout-flow wp-block-column-is-layout-flow\">\n<figure class=\"wp-block-image size-full\"><img decoding=\"async\" width=\"800\" height=\"800\" src=\"https:\/\/www.yilebathrooms.com\/wp-content\/uploads\/2026\/02\/smart-tankless-toilet-wholesale1.webp\" alt=\"smart tankless toilet al por mayor(1)\" class=\"wp-image-678\" srcset=\"https:\/\/www.yilebathrooms.com\/wp-content\/uploads\/2026\/02\/smart-tankless-toilet-wholesale1.webp 800w, https:\/\/www.yilebathrooms.com\/wp-content\/uploads\/2026\/02\/smart-tankless-toilet-wholesale1-300x300.webp 300w, https:\/\/www.yilebathrooms.com\/wp-content\/uploads\/2026\/02\/smart-tankless-toilet-wholesale1-150x150.webp 150w, https:\/\/www.yilebathrooms.com\/wp-content\/uploads\/2026\/02\/smart-tankless-toilet-wholesale1-768x768.webp 768w, https:\/\/www.yilebathrooms.com\/wp-content\/uploads\/2026\/02\/smart-tankless-toilet-wholesale1-12x12.webp 12w, https:\/\/www.yilebathrooms.com\/wp-content\/uploads\/2026\/02\/smart-tankless-toilet-wholesale1-600x600.webp 600w, https:\/\/www.yilebathrooms.com\/wp-content\/uploads\/2026\/02\/smart-tankless-toilet-wholesale1-100x100.webp 100w\" sizes=\"(max-width: 800px) 100vw, 800px\" \/><\/figure>\n<\/div>\n<\/div>\n\n\n<div class=\"wp-block-image\">\n<figure class=\"aligncenter size-full\"><img decoding=\"async\" width=\"990\" height=\"767\" src=\"https:\/\/www.yilebathrooms.com\/wp-content\/uploads\/2026\/02\/smart-tankless-toilet-wholesale-round.webp\" alt=\"inodoro inteligente sin tanque redondo al por mayor\" class=\"wp-image-677\" style=\"object-fit:cover\" srcset=\"https:\/\/www.yilebathrooms.com\/wp-content\/uploads\/2026\/02\/smart-tankless-toilet-wholesale-round.webp 990w, https:\/\/www.yilebathrooms.com\/wp-content\/uploads\/2026\/02\/smart-tankless-toilet-wholesale-round-300x232.webp 300w, https:\/\/www.yilebathrooms.com\/wp-content\/uploads\/2026\/02\/smart-tankless-toilet-wholesale-round-768x595.webp 768w, https:\/\/www.yilebathrooms.com\/wp-content\/uploads\/2026\/02\/smart-tankless-toilet-wholesale-round-15x12.webp 15w, https:\/\/www.yilebathrooms.com\/wp-content\/uploads\/2026\/02\/smart-tankless-toilet-wholesale-round-600x465.webp 600w\" sizes=\"(max-width: 990px) 100vw, 990px\" \/><\/figure>\n<\/div>\n\n\n<div class=\"wp-block-columns is-layout-flex wp-container-core-columns-is-layout-9d6595d7 wp-block-columns-is-layout-flex\">\n<div class=\"wp-block-column is-layout-flow wp-block-column-is-layout-flow\">\n<figure class=\"wp-block-image size-full\"><img decoding=\"async\" width=\"501\" height=\"800\" src=\"https:\/\/www.yilebathrooms.com\/wp-content\/uploads\/2026\/02\/Smart-Tankless-Toilet-Wholesale-4-1.webp\" alt=\"Mayorista de inodoros sin tanque inteligentes\" class=\"wp-image-722\" style=\"aspect-ratio:3\/4;object-fit:cover\" srcset=\"https:\/\/www.yilebathrooms.com\/wp-content\/uploads\/2026\/02\/Smart-Tankless-Toilet-Wholesale-4-1.webp 501w, https:\/\/www.yilebathrooms.com\/wp-content\/uploads\/2026\/02\/Smart-Tankless-Toilet-Wholesale-4-1-188x300.webp 188w, https:\/\/www.yilebathrooms.com\/wp-content\/uploads\/2026\/02\/Smart-Tankless-Toilet-Wholesale-4-1-8x12.webp 8w\" sizes=\"(max-width: 501px) 100vw, 501px\" \/><\/figure>\n<\/div>\n\n\n\n<div class=\"wp-block-column is-layout-flow wp-block-column-is-layout-flow\">\n<figure class=\"wp-block-image size-large\"><img decoding=\"async\" width=\"545\" height=\"800\" src=\"https:\/\/www.yilebathrooms.com\/wp-content\/uploads\/2026\/02\/smart-tankless-toilet-wholesale-4.webp\" alt=\"smart tankless toilet al por mayor (4)\" class=\"wp-image-675\" style=\"aspect-ratio:3\/4;object-fit:cover\" srcset=\"https:\/\/www.yilebathrooms.com\/wp-content\/uploads\/2026\/02\/smart-tankless-toilet-wholesale-4.webp 545w, https:\/\/www.yilebathrooms.com\/wp-content\/uploads\/2026\/02\/smart-tankless-toilet-wholesale-4-204x300.webp 204w, https:\/\/www.yilebathrooms.com\/wp-content\/uploads\/2026\/02\/smart-tankless-toilet-wholesale-4-8x12.webp 8w\" sizes=\"(max-width: 545px) 100vw, 545px\" \/><\/figure>\n<\/div>\n\n\n\n<div class=\"wp-block-column is-layout-flow wp-block-column-is-layout-flow\">\n<figure class=\"wp-block-image size-large\"><img decoding=\"async\" width=\"423\" height=\"564\" src=\"https:\/\/www.yilebathrooms.com\/wp-content\/uploads\/2026\/02\/smart-tankless-toilet-wholesale-3-1.webp\" alt=\"smart tankless toilet venta al por mayor (3)\" class=\"wp-image-684\" srcset=\"https:\/\/www.yilebathrooms.com\/wp-content\/uploads\/2026\/02\/smart-tankless-toilet-wholesale-3-1.webp 423w, https:\/\/www.yilebathrooms.com\/wp-content\/uploads\/2026\/02\/smart-tankless-toilet-wholesale-3-1-225x300.webp 225w, https:\/\/www.yilebathrooms.com\/wp-content\/uploads\/2026\/02\/smart-tankless-toilet-wholesale-3-1-9x12.webp 9w\" sizes=\"(max-width: 423px) 100vw, 423px\" \/><\/figure>\n<\/div>\n<\/div>\n\n\n\n<div class=\"wp-block-columns is-layout-flex wp-container-core-columns-is-layout-9d6595d7 wp-block-columns-is-layout-flex\">\n<div class=\"wp-block-column is-layout-flow wp-block-column-is-layout-flow\" style=\"flex-basis:100%\">\n<div class=\"wp-block-columns is-layout-flex wp-container-core-columns-is-layout-9d6595d7 wp-block-columns-is-layout-flex\">\n<div class=\"wp-block-column is-layout-flow wp-block-column-is-layout-flow\">\n<figure class=\"wp-block-image size-full\"><img decoding=\"async\" width=\"415\" height=\"789\" src=\"https:\/\/www.yilebathrooms.com\/wp-content\/uploads\/2026\/02\/Smart-Tankless-Toilet-Wholesale-1.jpg\" alt=\"Smart-Tankless-Toilet-Mayorista\" class=\"wp-image-725\" srcset=\"https:\/\/www.yilebathrooms.com\/wp-content\/uploads\/2026\/02\/Smart-Tankless-Toilet-Wholesale-1.jpg 415w, https:\/\/www.yilebathrooms.com\/wp-content\/uploads\/2026\/02\/Smart-Tankless-Toilet-Wholesale-1-158x300.jpg 158w, https:\/\/www.yilebathrooms.com\/wp-content\/uploads\/2026\/02\/Smart-Tankless-Toilet-Wholesale-1-6x12.jpg 6w\" sizes=\"(max-width: 415px) 100vw, 415px\" \/><\/figure>\n<\/div>\n\n\n\n<div class=\"wp-block-column is-layout-flow wp-block-column-is-layout-flow\">\n<figure class=\"wp-block-image size-full\"><img decoding=\"async\" width=\"421\" height=\"800\" src=\"https:\/\/www.yilebathrooms.com\/wp-content\/uploads\/2026\/02\/Smart-Tankless-Toilet-Wholesale-3-2.webp\" alt=\"Mayorista de inodoros sin tanque inteligentes\" class=\"wp-image-724\" srcset=\"https:\/\/www.yilebathrooms.com\/wp-content\/uploads\/2026\/02\/Smart-Tankless-Toilet-Wholesale-3-2.webp 421w, https:\/\/www.yilebathrooms.com\/wp-content\/uploads\/2026\/02\/Smart-Tankless-Toilet-Wholesale-3-2-158x300.webp 158w, https:\/\/www.yilebathrooms.com\/wp-content\/uploads\/2026\/02\/Smart-Tankless-Toilet-Wholesale-3-2-6x12.webp 6w\" sizes=\"(max-width: 421px) 100vw, 421px\" \/><\/figure>\n<\/div>\n\n\n\n<div class=\"wp-block-column is-layout-flow wp-block-column-is-layout-flow\">\n<figure class=\"wp-block-image size-full\"><img decoding=\"async\" width=\"421\" height=\"800\" src=\"https:\/\/www.yilebathrooms.com\/wp-content\/uploads\/2026\/02\/Smart-Tankless-Toilet-Wholesale-2-2.webp\" alt=\"Mayorista de inodoros sin tanque inteligentes\" class=\"wp-image-723\" srcset=\"https:\/\/www.yilebathrooms.com\/wp-content\/uploads\/2026\/02\/Smart-Tankless-Toilet-Wholesale-2-2.webp 421w, https:\/\/www.yilebathrooms.com\/wp-content\/uploads\/2026\/02\/Smart-Tankless-Toilet-Wholesale-2-2-158x300.webp 158w, https:\/\/www.yilebathrooms.com\/wp-content\/uploads\/2026\/02\/Smart-Tankless-Toilet-Wholesale-2-2-6x12.webp 6w\" sizes=\"(max-width: 421px) 100vw, 421px\" \/><\/figure>\n<\/div>\n<\/div>\n<\/div>\n<\/div>\n\n\n\n<div class=\"wp-block-columns is-layout-flex wp-container-core-columns-is-layout-9d6595d7 wp-block-columns-is-layout-flex\">\n<div class=\"wp-block-column is-layout-flow wp-block-column-is-layout-flow\"><div class=\"wp-block-image\">\n<figure class=\"aligncenter size-full\"><img decoding=\"async\" width=\"500\" height=\"667\" src=\"https:\/\/www.yilebathrooms.com\/wp-content\/uploads\/2026\/03\/smart-tankless-toilet-wholesale3-edited-1.webp\" alt=\"inodoro sin tanque inteligente al por mayor(3)\" class=\"wp-image-713\" srcset=\"https:\/\/www.yilebathrooms.com\/wp-content\/uploads\/2026\/03\/smart-tankless-toilet-wholesale3-edited-1.webp 500w, https:\/\/www.yilebathrooms.com\/wp-content\/uploads\/2026\/03\/smart-tankless-toilet-wholesale3-edited-1-225x300.webp 225w, https:\/\/www.yilebathrooms.com\/wp-content\/uploads\/2026\/03\/smart-tankless-toilet-wholesale3-edited-1-9x12.webp 9w\" sizes=\"(max-width: 500px) 100vw, 500px\" \/><\/figure>\n<\/div><\/div>\n\n\n\n<div class=\"wp-block-column is-layout-flow wp-block-column-is-layout-flow\">\n<figure class=\"wp-block-image size-full\"><img decoding=\"async\" width=\"431\" height=\"575\" src=\"https:\/\/www.yilebathrooms.com\/wp-content\/uploads\/2026\/03\/smart-tankless-toilet-wholesale3-edited-2.webp\" alt=\"inodoro sin tanque inteligente al por mayor(3)\" class=\"wp-image-714\" srcset=\"https:\/\/www.yilebathrooms.com\/wp-content\/uploads\/2026\/03\/smart-tankless-toilet-wholesale3-edited-2.webp 431w, https:\/\/www.yilebathrooms.com\/wp-content\/uploads\/2026\/03\/smart-tankless-toilet-wholesale3-edited-2-225x300.webp 225w, https:\/\/www.yilebathrooms.com\/wp-content\/uploads\/2026\/03\/smart-tankless-toilet-wholesale3-edited-2-9x12.webp 9w\" sizes=\"(max-width: 431px) 100vw, 431px\" \/><\/figure>\n<\/div>\n<\/div>\n\n\n\n<p><\/p>","protected":false},"excerpt":{"rendered":"<p>Bienvenido al proyecto de ba\u00f1o elevado con Snotor inteligente inodoro sin tanque al por mayor, que tiene un potente susurro de descarga, auto-tapa, lavado con calefacci\u00f3n, limpieza UV, y cero-gap de nuevo a la pared de dise\u00f1o, y otras funciones pr\u00e1cticas. Soporte OEM y venta al por mayor. P\u00f3ngase en contacto con nosotros para obtener un presupuesto.\u00a0<\/p>\n<h2>Especificaciones t\u00e9cnicas<\/h2>\n<table>\n<tbody>\n<tr>\n<th>Art\u00edculo<\/th>\n<th>Especificaci\u00f3n<\/th>\n<\/tr>\n<tr>\n<td>Tipo empotrado<\/td>\n<td>Sif\u00f3nico (descarga Tornado silenciosa sin borde)<\/td>\n<\/tr>\n<tr>\n<td>Tipo de drenaje<\/td>\n<td>Trampa S \/ Trampa P<\/td>\n<\/tr>\n<tr>\n<td>Distancia de la trampa<\/td>\n<td>Trampa en S: 60-280 mm<br \/>P-trap: 180mm<\/td>\n<\/tr>\n<tr>\n<td>Tensi\u00f3n\/Alimentaci\u00f3n<\/td>\n<td>110V-240V, 50\/60Hz (tipo de enchufe personalizable)<\/td>\n<\/tr>\n<tr>\n<td>M\u00e9todo de calentamiento<\/td>\n<td>Calentamiento instant\u00e1neo de cer\u00e1mica (agua caliente constante)<\/td>\n<\/tr>\n<tr>\n<td>M\u00e9todo de control<\/td>\n<td>Mando a distancia \/ Bot\u00f3n lateral \/ Sensor de pie<\/td>\n<\/tr>\n<tr>\n<td>Material<\/td>\n<td>Cuerpo cer\u00e1mico antibacteriano + funda de asiento UF\/PP<\/td>\n<\/tr>\n<tr>\n<td>Nivel de impermeabilidad<\/td>\n<td>IPX4 (Norma para componentes electr\u00f3nicos)<\/td>\n<\/tr>\n<tr>\n<td>Personalizaci\u00f3n<\/td>\n<td>Logotipo, color, m\u00f3dulos funcionales<\/td>\n<\/tr>\n<tr>\n<td>Certificaciones<\/td>\n<td>CE, RoHS, cUPC, WaterMark, SAA<\/td>\n<\/tr>\n<\/tbody>\n<\/table>","protected":false},"featured_media":686,"comment_status":"closed","ping_status":"closed","template":"","meta":{"_acf_changed":false},"product_brand":[],"product_cat":[21,19],"product_tag":[],"class_list":{"0":"post-673","1":"product","2":"type-product","3":"status-publish","4":"has-post-thumbnail","6":"product_cat-tankless-smart-toilet-wholesale","7":"product_cat-back-to-wall-smart-toilet-wholesale","9":"first","10":"instock","11":"shipping-taxable","12":"product-type-simple"},"acf":[],"_links":{"self":[{"href":"https:\/\/www.yilebathrooms.com\/es\/wp-json\/wp\/v2\/product\/673","targetHints":{"allow":["GET"]}}],"collection":[{"href":"https:\/\/www.yilebathrooms.com\/es\/wp-json\/wp\/v2\/product"}],"about":[{"href":"https:\/\/www.yilebathrooms.com\/es\/wp-json\/wp\/v2\/types\/product"}],"replies":[{"embeddable":true,"href":"https:\/\/www.yilebathrooms.com\/es\/wp-json\/wp\/v2\/comments?post=673"}],"wp:featuredmedia":[{"embeddable":true,"href":"https:\/\/www.yilebathrooms.com\/es\/wp-json\/wp\/v2\/media\/686"}],"wp:attachment":[{"href":"https:\/\/www.yilebathrooms.com\/es\/wp-json\/wp\/v2\/media?parent=673"}],"wp:term":[{"taxonomy":"product_brand","embeddable":true,"href":"https:\/\/www.yilebathrooms.com\/es\/wp-json\/wp\/v2\/product_brand?post=673"},{"taxonomy":"product_cat","embeddable":true,"href":"https:\/\/www.yilebathrooms.com\/es\/wp-json\/wp\/v2\/product_cat?post=673"},{"taxonomy":"product_tag","embeddable":true,"href":"https:\/\/www.yilebathrooms.com\/es\/wp-json\/wp\/v2\/product_tag?post=673"}],"curies":[{"name":"wp","href":"https:\/\/api.w.org\/{rel}","templated":true}]}}