{"id":659,"date":"2026-02-27T08:35:23","date_gmt":"2026-02-27T08:35:23","guid":{"rendered":"https:\/\/www.yilebathrooms.com\/?post_type=product&#038;p=659"},"modified":"2026-03-24T09:04:05","modified_gmt":"2026-03-24T09:04:05","slug":"back-to-wall-smart-toilet-wholesale","status":"publish","type":"product","link":"https:\/\/www.yilebathrooms.com\/es\/product\/back-to-wall-smart-toilet-wholesale\/","title":{"rendered":"Inodoro inteligente de pared al por mayor, inodoro inteligente sin tanque a medida"},"content":{"rendered":"<div class=\"wp-block-columns is-layout-flex wp-container-core-columns-is-layout-9d6595d7 wp-block-columns-is-layout-flex\">\n<div class=\"wp-block-column is-layout-flow wp-block-column-is-layout-flow\">\n<h2 class=\"wp-block-heading\">Inodoro inteligente de pared trasera Tama\u00f1o:<\/h2>\n\n\n\n<figure class=\"wp-block-table\"><table class=\"has-fixed-layout\"><tbody><tr><td><strong>Modelo<\/strong><\/td><td><strong>Talla<\/strong><\/td><\/tr><tr><td>G1<\/td><td>705X390X460mm<\/td><\/tr><\/tbody><\/table><\/figure>\n\n\n\n<h2 class=\"wp-block-heading\">Inodoro Back to Wall Smart Caracter\u00edsticas:<\/h2>\n\n\n\n<p><strong>Instalaci\u00f3n inigualable<\/strong>: Nuestro dise\u00f1o de sif\u00f3n libre admite una amplia distancia de montaje de 60-280 mm, por lo que se adapta a casi cualquier dise\u00f1o de cuarto de ba\u00f1o sin necesidad de realizar costosos cambios en la fontaner\u00eda.<\/p>\n\n\n\n<p><strong>L\u00edmites sin presi\u00f3n:<\/strong> Con un dep\u00f3sito de agua integrado y una bomba silenciosa, garantiza una descarga potente y silenciosa incluso en edificios altos o zonas de baja presi\u00f3n.<\/p>\n\n\n\n<p><strong>Limpieza sin esfuerzo<\/strong>: El dise\u00f1o de 90\u00b0 y la pared interior sin borde eliminan los puntos ciegos de higiene y la suciedad oculta para facilitar el mantenimiento diario.<\/p>\n\n\n\n<p><strong>Seguridad garantizada<\/strong>: La tecnolog\u00eda avanzada de entrehierro crea una barrera f\u00edsica para evitar el reflujo, garantizando que el agua potable de su familia se mantenga pura y no contaminada.<\/p>\n\n\n\n<p><strong>Experiencia manos libres inteligente: <\/strong>La apertura autom\u00e1tica de la tapa y la descarga con sensor de pie proporcionan una experiencia higi\u00e9nica sin contacto para toda la familia.<\/p>\n\n\n\n<p><strong>Snotor Fabricante Suministro:<\/strong> Como fabricante directo, Snotor combina la artesan\u00eda cer\u00e1mica de precisi\u00f3n con la I+D interna para ofrecer una est\u00e9tica de alta gama y una fiabilidad duradera.<\/p>\n<\/div>\n\n\n\n<div class=\"wp-block-column is-layout-flow wp-block-column-is-layout-flow\">\n<figure class=\"wp-block-image size-full\"><img decoding=\"async\" width=\"712\" height=\"712\" src=\"https:\/\/www.yilebathrooms.com\/wp-content\/uploads\/2026\/02\/back-to-wall-smart-toilet.webp\" alt=\"back to wall smart toilet al por mayor\" class=\"wp-image-667\" srcset=\"https:\/\/www.yilebathrooms.com\/wp-content\/uploads\/2026\/02\/back-to-wall-smart-toilet.webp 712w, https:\/\/www.yilebathrooms.com\/wp-content\/uploads\/2026\/02\/back-to-wall-smart-toilet-300x300.webp 300w, https:\/\/www.yilebathrooms.com\/wp-content\/uploads\/2026\/02\/back-to-wall-smart-toilet-150x150.webp 150w, https:\/\/www.yilebathrooms.com\/wp-content\/uploads\/2026\/02\/back-to-wall-smart-toilet-12x12.webp 12w, https:\/\/www.yilebathrooms.com\/wp-content\/uploads\/2026\/02\/back-to-wall-smart-toilet-600x600.webp 600w, https:\/\/www.yilebathrooms.com\/wp-content\/uploads\/2026\/02\/back-to-wall-smart-toilet-100x100.webp 100w\" sizes=\"(max-width: 712px) 100vw, 712px\" \/><\/figure>\n<\/div>\n<\/div>\n\n\n<div class=\"wp-block-image\">\n<figure class=\"aligncenter size-full\"><img decoding=\"async\" width=\"800\" height=\"564\" src=\"https:\/\/www.yilebathrooms.com\/wp-content\/uploads\/2026\/02\/back-to-wall-smart-toilet-wholesale.webp\" alt=\"back to wall smart toilet al por mayor\" class=\"wp-image-669\" srcset=\"https:\/\/www.yilebathrooms.com\/wp-content\/uploads\/2026\/02\/back-to-wall-smart-toilet-wholesale.webp 800w, https:\/\/www.yilebathrooms.com\/wp-content\/uploads\/2026\/02\/back-to-wall-smart-toilet-wholesale-300x212.webp 300w, https:\/\/www.yilebathrooms.com\/wp-content\/uploads\/2026\/02\/back-to-wall-smart-toilet-wholesale-768x541.webp 768w, https:\/\/www.yilebathrooms.com\/wp-content\/uploads\/2026\/02\/back-to-wall-smart-toilet-wholesale-18x12.webp 18w, https:\/\/www.yilebathrooms.com\/wp-content\/uploads\/2026\/02\/back-to-wall-smart-toilet-wholesale-600x423.webp 600w\" sizes=\"(max-width: 800px) 100vw, 800px\" \/><\/figure>\n<\/div>\n\n\n<div class=\"wp-block-columns is-layout-flex wp-container-core-columns-is-layout-9d6595d7 wp-block-columns-is-layout-flex\">\n<div class=\"wp-block-column is-layout-flow wp-block-column-is-layout-flow\">\n<figure class=\"wp-block-image size-full\"><img decoding=\"async\" width=\"990\" height=\"1591\" src=\"https:\/\/www.yilebathrooms.com\/wp-content\/uploads\/2026\/02\/back-to-wall-smart-toilet-wholesale1.webp\" alt=\"inodoro inteligente de pared a pared al por mayor(1)\" class=\"wp-image-660\" srcset=\"https:\/\/www.yilebathrooms.com\/wp-content\/uploads\/2026\/02\/back-to-wall-smart-toilet-wholesale1.webp 990w, https:\/\/www.yilebathrooms.com\/wp-content\/uploads\/2026\/02\/back-to-wall-smart-toilet-wholesale1-187x300.webp 187w, https:\/\/www.yilebathrooms.com\/wp-content\/uploads\/2026\/02\/back-to-wall-smart-toilet-wholesale1-768x1234.webp 768w, https:\/\/www.yilebathrooms.com\/wp-content\/uploads\/2026\/02\/back-to-wall-smart-toilet-wholesale1-7x12.webp 7w, https:\/\/www.yilebathrooms.com\/wp-content\/uploads\/2026\/02\/back-to-wall-smart-toilet-wholesale1-600x964.webp 600w\" sizes=\"(max-width: 990px) 100vw, 990px\" \/><\/figure>\n<\/div>\n\n\n\n<div class=\"wp-block-column is-layout-flow wp-block-column-is-layout-flow\">\n<figure class=\"wp-block-image size-full\"><img decoding=\"async\" width=\"498\" height=\"800\" src=\"https:\/\/www.yilebathrooms.com\/wp-content\/uploads\/2026\/02\/Wholesale-Back-to-Wall-Smart-Toilet-1-1.webp\" alt=\"Mayorista Retrete inteligente\" class=\"wp-image-729\" srcset=\"https:\/\/www.yilebathrooms.com\/wp-content\/uploads\/2026\/02\/Wholesale-Back-to-Wall-Smart-Toilet-1-1.webp 498w, https:\/\/www.yilebathrooms.com\/wp-content\/uploads\/2026\/02\/Wholesale-Back-to-Wall-Smart-Toilet-1-1-187x300.webp 187w, https:\/\/www.yilebathrooms.com\/wp-content\/uploads\/2026\/02\/Wholesale-Back-to-Wall-Smart-Toilet-1-1-7x12.webp 7w\" sizes=\"(max-width: 498px) 100vw, 498px\" \/><\/figure>\n<\/div>\n\n\n\n<div class=\"wp-block-column is-layout-flow wp-block-column-is-layout-flow\">\n<figure class=\"wp-block-image size-full\"><img decoding=\"async\" width=\"498\" height=\"800\" src=\"https:\/\/www.yilebathrooms.com\/wp-content\/uploads\/2026\/02\/Wholesale-Back-to-Wall-Smart-Toilet-1.webp\" alt=\"Mayorista Retrete inteligente\" class=\"wp-image-728\" srcset=\"https:\/\/www.yilebathrooms.com\/wp-content\/uploads\/2026\/02\/Wholesale-Back-to-Wall-Smart-Toilet-1.webp 498w, https:\/\/www.yilebathrooms.com\/wp-content\/uploads\/2026\/02\/Wholesale-Back-to-Wall-Smart-Toilet-1-187x300.webp 187w, https:\/\/www.yilebathrooms.com\/wp-content\/uploads\/2026\/02\/Wholesale-Back-to-Wall-Smart-Toilet-1-7x12.webp 7w\" sizes=\"(max-width: 498px) 100vw, 498px\" \/><\/figure>\n<\/div>\n<\/div>\n\n\n\n<div class=\"wp-block-columns is-layout-flex wp-container-core-columns-is-layout-9d6595d7 wp-block-columns-is-layout-flex\">\n<div class=\"wp-block-column is-layout-flow wp-block-column-is-layout-flow\">\n<figure class=\"wp-block-image size-full\"><img decoding=\"async\" width=\"392\" height=\"800\" src=\"https:\/\/www.yilebathrooms.com\/wp-content\/uploads\/2026\/02\/Wholesale-Back-to-Wall-Smart-Toilet-3.webp\" alt=\"Mayorista Retrete inteligente\" class=\"wp-image-731\" srcset=\"https:\/\/www.yilebathrooms.com\/wp-content\/uploads\/2026\/02\/Wholesale-Back-to-Wall-Smart-Toilet-3.webp 392w, https:\/\/www.yilebathrooms.com\/wp-content\/uploads\/2026\/02\/Wholesale-Back-to-Wall-Smart-Toilet-3-147x300.webp 147w, https:\/\/www.yilebathrooms.com\/wp-content\/uploads\/2026\/02\/Wholesale-Back-to-Wall-Smart-Toilet-3-6x12.webp 6w\" sizes=\"(max-width: 392px) 100vw, 392px\" \/><\/figure>\n<\/div>\n\n\n\n<div class=\"wp-block-column is-layout-flow wp-block-column-is-layout-flow\">\n<figure class=\"wp-block-image size-full\"><img decoding=\"async\" width=\"392\" height=\"800\" src=\"https:\/\/www.yilebathrooms.com\/wp-content\/uploads\/2026\/02\/Wholesale-Back-to-Wall-Smart-Toilet-2.webp\" alt=\"Mayorista Retrete inteligente\" class=\"wp-image-730\" srcset=\"https:\/\/www.yilebathrooms.com\/wp-content\/uploads\/2026\/02\/Wholesale-Back-to-Wall-Smart-Toilet-2.webp 392w, https:\/\/www.yilebathrooms.com\/wp-content\/uploads\/2026\/02\/Wholesale-Back-to-Wall-Smart-Toilet-2-147x300.webp 147w, https:\/\/www.yilebathrooms.com\/wp-content\/uploads\/2026\/02\/Wholesale-Back-to-Wall-Smart-Toilet-2-6x12.webp 6w\" sizes=\"(max-width: 392px) 100vw, 392px\" \/><\/figure>\n<\/div>\n\n\n\n<div class=\"wp-block-column is-layout-flow wp-block-column-is-layout-flow\">\n<figure class=\"wp-block-image size-full\"><img decoding=\"async\" width=\"392\" height=\"800\" src=\"https:\/\/www.yilebathrooms.com\/wp-content\/uploads\/2026\/02\/Wholesale-Back-to-Wall-Smart-Toilet-4.webp\" alt=\"Mayorista Retrete inteligente\" class=\"wp-image-732\" srcset=\"https:\/\/www.yilebathrooms.com\/wp-content\/uploads\/2026\/02\/Wholesale-Back-to-Wall-Smart-Toilet-4.webp 392w, https:\/\/www.yilebathrooms.com\/wp-content\/uploads\/2026\/02\/Wholesale-Back-to-Wall-Smart-Toilet-4-147x300.webp 147w, https:\/\/www.yilebathrooms.com\/wp-content\/uploads\/2026\/02\/Wholesale-Back-to-Wall-Smart-Toilet-4-6x12.webp 6w\" sizes=\"(max-width: 392px) 100vw, 392px\" \/><\/figure>\n<\/div>\n<\/div>\n\n\n\n<div class=\"wp-block-columns is-layout-flex wp-container-core-columns-is-layout-9d6595d7 wp-block-columns-is-layout-flex\">\n<div class=\"wp-block-column is-layout-flow wp-block-column-is-layout-flow\">\n<figure class=\"wp-block-image size-full\"><img decoding=\"async\" width=\"800\" height=\"1040\" src=\"https:\/\/www.yilebathrooms.com\/wp-content\/uploads\/2026\/02\/back-to-wall-smart-toilet-specifications.webp\" alt=\"back to wall smart toilet especificaciones\" class=\"wp-image-666\" srcset=\"https:\/\/www.yilebathrooms.com\/wp-content\/uploads\/2026\/02\/back-to-wall-smart-toilet-specifications.webp 800w, https:\/\/www.yilebathrooms.com\/wp-content\/uploads\/2026\/02\/back-to-wall-smart-toilet-specifications-231x300.webp 231w, https:\/\/www.yilebathrooms.com\/wp-content\/uploads\/2026\/02\/back-to-wall-smart-toilet-specifications-768x998.webp 768w, https:\/\/www.yilebathrooms.com\/wp-content\/uploads\/2026\/02\/back-to-wall-smart-toilet-specifications-9x12.webp 9w, https:\/\/www.yilebathrooms.com\/wp-content\/uploads\/2026\/02\/back-to-wall-smart-toilet-specifications-600x780.webp 600w\" sizes=\"(max-width: 800px) 100vw, 800px\" \/><\/figure>\n<\/div>\n\n\n\n<div class=\"wp-block-column is-layout-flow wp-block-column-is-layout-flow\">\n<figure class=\"wp-block-image size-full\"><img decoding=\"async\" width=\"800\" height=\"1040\" src=\"https:\/\/www.yilebathrooms.com\/wp-content\/uploads\/2026\/02\/back-to-wall-smart-toilet-specification.webp\" alt=\"back to wall smart toilet especificaciones\" class=\"wp-image-668\" style=\"aspect-ratio:3\/4;object-fit:cover\" srcset=\"https:\/\/www.yilebathrooms.com\/wp-content\/uploads\/2026\/02\/back-to-wall-smart-toilet-specification.webp 800w, https:\/\/www.yilebathrooms.com\/wp-content\/uploads\/2026\/02\/back-to-wall-smart-toilet-specification-231x300.webp 231w, https:\/\/www.yilebathrooms.com\/wp-content\/uploads\/2026\/02\/back-to-wall-smart-toilet-specification-768x998.webp 768w, https:\/\/www.yilebathrooms.com\/wp-content\/uploads\/2026\/02\/back-to-wall-smart-toilet-specification-9x12.webp 9w, https:\/\/www.yilebathrooms.com\/wp-content\/uploads\/2026\/02\/back-to-wall-smart-toilet-specification-600x780.webp 600w\" sizes=\"(max-width: 800px) 100vw, 800px\" \/><\/figure>\n<\/div>\n<\/div>\n\n\n\n<div class=\"wp-block-columns is-layout-flex wp-container-core-columns-is-layout-9d6595d7 wp-block-columns-is-layout-flex\">\n<div class=\"wp-block-column is-layout-flow wp-block-column-is-layout-flow\"><\/div>\n\n\n\n<div class=\"wp-block-column is-layout-flow wp-block-column-is-layout-flow\"><\/div>\n<\/div>","protected":false},"excerpt":{"rendered":"<p>La venta al por mayor de inodoros inteligentes de pared a pared Snotor ofrece un ajuste universal, una potente descarga sin presi\u00f3n, una higiene sin bordes y sin huecos, un funcionamiento sin contacto y pr\u00e1cticas funciones. Venta al por mayor directa de f\u00e1brica con opciones OEM disponibles. P\u00f3ngase en contacto con nosotros para solicitar un presupuesto.<\/p>\n<h2>Especificaciones t\u00e9cnicas<\/h2>\n<table>\n<tbody>\n<tr>\n<th>Art\u00edculo<\/th>\n<th>Especificaci\u00f3n<\/th>\n<\/tr>\n<tr>\n<td>Tipo empotrado<\/td>\n<td>Sif\u00f3nico (Tornado silencioso de descarga)<\/td>\n<\/tr>\n<tr>\n<td>Tipo de drenaje<\/td>\n<td>Trampa S \/ Trampa P<\/td>\n<\/tr>\n<tr>\n<td>Tama\u00f1o de la instalaci\u00f3n<\/td>\n<td>Trampa en S: 60-280 mm<br \/>P-trap: 180mm<\/td>\n<\/tr>\n<tr>\n<td>Tensi\u00f3n\/Alimentaci\u00f3n<\/td>\n<td>110V-240V, 50\/60Hz (tipo de enchufe personalizable)<\/td>\n<\/tr>\n<tr>\n<td>M\u00e9todo de calentamiento<\/td>\n<td>Calentamiento instant\u00e1neo de cer\u00e1mica (agua caliente constante)<\/td>\n<\/tr>\n<tr>\n<td>M\u00e9todo de control<\/td>\n<td>Mando a distancia \/ Bot\u00f3n lateral \/ Sensor de pie<\/td>\n<\/tr>\n<tr>\n<td>Material<\/td>\n<td>Cuerpo cer\u00e1mico antibacteriano + funda de asiento UF\/PP<\/td>\n<\/tr>\n<tr>\n<td>Nivel de impermeabilidad<\/td>\n<td>IPX4 (Norma para componentes electr\u00f3nicos)<\/td>\n<\/tr>\n<tr>\n<td>Personalizaci\u00f3n<\/td>\n<td>Logotipo, color, m\u00f3dulos funcionales<\/td>\n<\/tr>\n<tr>\n<td>Certificaciones<\/td>\n<td>CE, RoHS, cUPC, WaterMark, SAA<\/td>\n<\/tr>\n<\/tbody>\n<\/table>","protected":false},"featured_media":667,"comment_status":"closed","ping_status":"closed","template":"","meta":{"_acf_changed":false},"product_brand":[],"product_cat":[21,19],"product_tag":[],"class_list":{"0":"post-659","1":"product","2":"type-product","3":"status-publish","4":"has-post-thumbnail","6":"product_cat-tankless-smart-toilet-wholesale","7":"product_cat-back-to-wall-smart-toilet-wholesale","9":"first","10":"instock","11":"shipping-taxable","12":"product-type-simple"},"acf":[],"_links":{"self":[{"href":"https:\/\/www.yilebathrooms.com\/es\/wp-json\/wp\/v2\/product\/659","targetHints":{"allow":["GET"]}}],"collection":[{"href":"https:\/\/www.yilebathrooms.com\/es\/wp-json\/wp\/v2\/product"}],"about":[{"href":"https:\/\/www.yilebathrooms.com\/es\/wp-json\/wp\/v2\/types\/product"}],"replies":[{"embeddable":true,"href":"https:\/\/www.yilebathrooms.com\/es\/wp-json\/wp\/v2\/comments?post=659"}],"wp:featuredmedia":[{"embeddable":true,"href":"https:\/\/www.yilebathrooms.com\/es\/wp-json\/wp\/v2\/media\/667"}],"wp:attachment":[{"href":"https:\/\/www.yilebathrooms.com\/es\/wp-json\/wp\/v2\/media?parent=659"}],"wp:term":[{"taxonomy":"product_brand","embeddable":true,"href":"https:\/\/www.yilebathrooms.com\/es\/wp-json\/wp\/v2\/product_brand?post=659"},{"taxonomy":"product_cat","embeddable":true,"href":"https:\/\/www.yilebathrooms.com\/es\/wp-json\/wp\/v2\/product_cat?post=659"},{"taxonomy":"product_tag","embeddable":true,"href":"https:\/\/www.yilebathrooms.com\/es\/wp-json\/wp\/v2\/product_tag?post=659"}],"curies":[{"name":"wp","href":"https:\/\/api.w.org\/{rel}","templated":true}]}}