{"id":405,"date":"2026-01-09T09:05:24","date_gmt":"2026-01-09T09:05:24","guid":{"rendered":"https:\/\/www.yilebathrooms.com\/?post_type=product&#038;p=405"},"modified":"2026-01-09T09:05:24","modified_gmt":"2026-01-09T09:05:24","slug":"one-piece-smart-toilet-wholesale","status":"publish","type":"product","link":"https:\/\/www.yilebathrooms.com\/es\/product\/one-piece-smart-toilet-wholesale\/","title":{"rendered":"Inodoro Inteligente De Una Pieza Al Por Mayor, Inodoro Inteligente De Altura Confort Fabricante"},"content":{"rendered":"<div class=\"wp-block-columns is-layout-flex wp-container-core-columns-is-layout-9d6595d7 wp-block-columns-is-layout-flex\">\n<div class=\"wp-block-column is-layout-flow wp-block-column-is-layout-flow\">\n<h2 class=\"wp-block-heading\">Inodoro inteligente de una pieza Caracter\u00edsticas:<\/h2>\n\n\n\n<p><strong>Potente dise\u00f1o de descarga: <\/strong>Elimina r\u00e1pida y eficazmente los residuos al tiempo que incorpora tecnolog\u00eda de ahorro de agua para reducir el derroche de agua, en l\u00ednea con los principios de protecci\u00f3n del medio ambiente y ahorr\u00e1ndole importantes facturas de agua a largo plazo.<\/p>\n\n\n\n<p><strong>Materiales de primera calidad: <\/strong>Utilizando materiales cer\u00e1micos, pl\u00e1sticos y met\u00e1licos de alta calidad y someti\u00e9ndolos a rigurosas pruebas de calidad, se garantiza que el producto sea robusto, duradero, resistente al desgaste y a la corrosi\u00f3n, y que tenga una larga vida \u00fatil.<\/p>\n\n\n\n<p><strong>Apertura autom\u00e1tica de la tapa: <\/strong>Equipada con una avanzada tecnolog\u00eda de sensores, la tapa del inodoro se abre autom\u00e1tica y lentamente cuando alguien se acerca, lo que elimina la necesidad de contacto con las manos y evita eficazmente la contaminaci\u00f3n cruzada de bacterias.<\/p>\n\n\n\n<p><strong>Boquilla autolimpiante:<\/strong> La boquilla se limpia y desinfecta autom\u00e1ticamente antes y despu\u00e9s de cada uso, garantizando que el cabezal pulverizador permanezca limpio e higi\u00e9nico, proporcion\u00e1ndole un agua de lavado segura y fiable.<\/p>\n\n\n\n<p><strong>Asiento con calefacci\u00f3n:<\/strong> El sistema de asiento calefactado integrado permite ajustar la temperatura del asiento seg\u00fan la temperatura ambiente y las preferencias personales, proporcionando una experiencia c\u00e1lida y confortable incluso en inviernos fr\u00edos, eliminando la preocupaci\u00f3n de sentarse en un asiento de inodoro fr\u00edo.<\/p>\n<\/div>\n\n\n\n<div class=\"wp-block-column is-layout-flow wp-block-column-is-layout-flow\"><div class=\"wp-block-image\">\n<figure class=\"aligncenter size-full\"><img decoding=\"async\" width=\"635\" height=\"635\" src=\"https:\/\/www.yilebathrooms.com\/wp-content\/uploads\/2026\/01\/one-piece-smart-toilet-wholesale-9.webp\" alt=\"inodoro inteligente de una pieza al por mayor (9)\" class=\"wp-image-424\" srcset=\"https:\/\/www.yilebathrooms.com\/wp-content\/uploads\/2026\/01\/one-piece-smart-toilet-wholesale-9.webp 635w, https:\/\/www.yilebathrooms.com\/wp-content\/uploads\/2026\/01\/one-piece-smart-toilet-wholesale-9-300x300.webp 300w, https:\/\/www.yilebathrooms.com\/wp-content\/uploads\/2026\/01\/one-piece-smart-toilet-wholesale-9-150x150.webp 150w, https:\/\/www.yilebathrooms.com\/wp-content\/uploads\/2026\/01\/one-piece-smart-toilet-wholesale-9-600x600.webp 600w, https:\/\/www.yilebathrooms.com\/wp-content\/uploads\/2026\/01\/one-piece-smart-toilet-wholesale-9-100x100.webp 100w\" sizes=\"(max-width: 635px) 100vw, 635px\" \/><\/figure>\n<\/div><\/div>\n<\/div>\n\n\n\n<div class=\"wp-block-columns is-layout-flex wp-container-core-columns-is-layout-9d6595d7 wp-block-columns-is-layout-flex\">\n<div class=\"wp-block-column is-layout-flow wp-block-column-is-layout-flow\">\n<h2 class=\"wp-block-heading\">One Piece Smart Toilet Tama\u00f1o:<\/h2>\n\n\n\n<figure class=\"wp-block-table\"><table class=\"has-fixed-layout\"><tbody><tr><td><strong>Modelo<\/strong><\/td><td><strong>Talla<\/strong><\/td><td><strong>Tama\u00f1o de la instalaci\u00f3n<\/strong><\/td><\/tr><tr><td>M3<\/td><td>638X408X455mm<\/td><td>Trampa en S: 80-120 mm (IS32)<br>S-trap: 100-140mm(lS33)-Optional<br>P-trap: l80mm Desbaste<\/td><\/tr><tr><td>M5<\/td><td>638X408X455mm<\/td><td>Trampa en S: 80-120 mm (IS32)<br>S-trap: 100-140mm(lS33)-0ptional<br>P-trap: l80mm Desbaste<\/td><\/tr><tr><td>M20<\/td><td>660X408X455mm<\/td><td>S-trap: 80-105mm(lS32)<br>S-trap: 100-140mm(lS33)-Optional<br>P-trap: 180mm Desbaste<\/td><\/tr><tr><td>M520<\/td><td>660X408X455mm<\/td><td>S-trap: 105-200mm(lS32)<br>S-trap: 125-230mm(lS33)-0ptional<br>P-trap: l8Omm Desbaste<\/td><\/tr><tr><td>M521<\/td><td>678X408X480mm<\/td><td>S-trap: 105-200mm(lS32)<br>S-trap: 125-230mm(lS33)-0ptional<br>P-trap: l8Omm Desbaste<\/td><\/tr><tr><td>M522<\/td><td>700X408X455mm<\/td><td>S-trap: 105-200mm(lS32)<br>S-trap: 125-230mm(lS33)-0ptional<br>P-trap: 18Omm Desbaste<\/td><\/tr><\/tbody><\/table><\/figure>\n\n\n\n<figure class=\"wp-block-image size-full\"><img decoding=\"async\" width=\"1500\" height=\"910\" src=\"https:\/\/www.yilebathrooms.com\/wp-content\/uploads\/2026\/01\/one-piece-smart-toilet-wholesale7-1.webp\" alt=\"inodoro inteligente de una pieza al por mayor(7)\" class=\"wp-image-416\" srcset=\"https:\/\/www.yilebathrooms.com\/wp-content\/uploads\/2026\/01\/one-piece-smart-toilet-wholesale7-1.webp 1500w, https:\/\/www.yilebathrooms.com\/wp-content\/uploads\/2026\/01\/one-piece-smart-toilet-wholesale7-1-300x182.webp 300w, https:\/\/www.yilebathrooms.com\/wp-content\/uploads\/2026\/01\/one-piece-smart-toilet-wholesale7-1-768x466.webp 768w, https:\/\/www.yilebathrooms.com\/wp-content\/uploads\/2026\/01\/one-piece-smart-toilet-wholesale7-1-1200x728.webp 1200w, https:\/\/www.yilebathrooms.com\/wp-content\/uploads\/2026\/01\/one-piece-smart-toilet-wholesale7-1-600x364.webp 600w\" sizes=\"(max-width: 1500px) 100vw, 1500px\" \/><\/figure>\n<\/div>\n<\/div>\n\n\n\n<div class=\"wp-block-columns is-layout-flex wp-container-core-columns-is-layout-9d6595d7 wp-block-columns-is-layout-flex\">\n<div class=\"wp-block-column is-layout-flow wp-block-column-is-layout-flow\">\n<figure class=\"wp-block-image size-full\"><img decoding=\"async\" width=\"1920\" height=\"1080\" src=\"https:\/\/www.yilebathrooms.com\/wp-content\/uploads\/2026\/01\/one-piece-smart-toilet-wholesale-4-1.webp\" alt=\"inodoro smart de una pieza al por mayor (4)\" class=\"wp-image-413\" srcset=\"https:\/\/www.yilebathrooms.com\/wp-content\/uploads\/2026\/01\/one-piece-smart-toilet-wholesale-4-1.webp 1920w, https:\/\/www.yilebathrooms.com\/wp-content\/uploads\/2026\/01\/one-piece-smart-toilet-wholesale-4-1-300x169.webp 300w, https:\/\/www.yilebathrooms.com\/wp-content\/uploads\/2026\/01\/one-piece-smart-toilet-wholesale-4-1-768x432.webp 768w, https:\/\/www.yilebathrooms.com\/wp-content\/uploads\/2026\/01\/one-piece-smart-toilet-wholesale-4-1-1200x675.webp 1200w, https:\/\/www.yilebathrooms.com\/wp-content\/uploads\/2026\/01\/one-piece-smart-toilet-wholesale-4-1-600x338.webp 600w\" sizes=\"(max-width: 1920px) 100vw, 1920px\" \/><\/figure>\n\n\n\n<figure class=\"wp-block-image size-full\"><img decoding=\"async\" width=\"1500\" height=\"910\" src=\"https:\/\/www.yilebathrooms.com\/wp-content\/uploads\/2026\/01\/one-piece-smart-toilet-wholesale5-1.webp\" alt=\"inodoro inteligente de una pieza al por mayor(5)\" class=\"wp-image-414\" srcset=\"https:\/\/www.yilebathrooms.com\/wp-content\/uploads\/2026\/01\/one-piece-smart-toilet-wholesale5-1.webp 1500w, https:\/\/www.yilebathrooms.com\/wp-content\/uploads\/2026\/01\/one-piece-smart-toilet-wholesale5-1-300x182.webp 300w, https:\/\/www.yilebathrooms.com\/wp-content\/uploads\/2026\/01\/one-piece-smart-toilet-wholesale5-1-768x466.webp 768w, https:\/\/www.yilebathrooms.com\/wp-content\/uploads\/2026\/01\/one-piece-smart-toilet-wholesale5-1-1200x728.webp 1200w, https:\/\/www.yilebathrooms.com\/wp-content\/uploads\/2026\/01\/one-piece-smart-toilet-wholesale5-1-600x364.webp 600w\" sizes=\"(max-width: 1500px) 100vw, 1500px\" \/><\/figure>\n<\/div>\n<\/div>\n\n\n\n<figure class=\"wp-block-image size-full\"><img decoding=\"async\" width=\"1500\" height=\"910\" src=\"https:\/\/www.yilebathrooms.com\/wp-content\/uploads\/2026\/01\/one-piece-smart-toilet-wholesale-6-1.webp\" alt=\"inodoro inteligente de una pieza al por mayor (6)\" class=\"wp-image-415\" srcset=\"https:\/\/www.yilebathrooms.com\/wp-content\/uploads\/2026\/01\/one-piece-smart-toilet-wholesale-6-1.webp 1500w, https:\/\/www.yilebathrooms.com\/wp-content\/uploads\/2026\/01\/one-piece-smart-toilet-wholesale-6-1-300x182.webp 300w, https:\/\/www.yilebathrooms.com\/wp-content\/uploads\/2026\/01\/one-piece-smart-toilet-wholesale-6-1-768x466.webp 768w, https:\/\/www.yilebathrooms.com\/wp-content\/uploads\/2026\/01\/one-piece-smart-toilet-wholesale-6-1-1200x728.webp 1200w, https:\/\/www.yilebathrooms.com\/wp-content\/uploads\/2026\/01\/one-piece-smart-toilet-wholesale-6-1-600x364.webp 600w\" sizes=\"(max-width: 1500px) 100vw, 1500px\" \/><\/figure>","protected":false},"excerpt":{"rendered":"<p>Nuestro inodoro inteligente de una pieza cuenta con un dise\u00f1o de gran potencia y ahorro de agua, junto con un mecanismo de apertura autom\u00e1tica de la tapa, una boquilla autolimpiable y un asiento calefactado. Garantiza una limpieza eficaz al tiempo que prioriza la comodidad y el respeto al medio ambiente. Adecuado para mejoras en el hogar, hoteles y proyectos al por mayor. P\u00f3ngase en contacto con nosotros para solicitar un presupuesto.<\/p>\n<h2>Especificaciones t\u00e9cnicas<\/h2>\n<table>\n<tbody>\n<tr>\n<th>Art\u00edculo<\/th>\n<th>Especificaci\u00f3n<\/th>\n<\/tr>\n<tr>\n<td>Tipo empotrado<\/td>\n<td>Lavado (Tornado)<\/td>\n<\/tr>\n<tr>\n<td>Tipo de drenaje<\/td>\n<td>Trampa S \/ Trampa P<\/td>\n<\/tr>\n<tr>\n<td>Tama\u00f1o de la instalaci\u00f3n<\/td>\n<td>P-trap: 180mm Desbaste<\/td>\n<\/tr>\n<tr>\n<td>Tensi\u00f3n\/Alimentaci\u00f3n<\/td>\n<td>110V-240V, 50\/60Hz (tipo de enchufe personalizable)<\/td>\n<\/tr>\n<tr>\n<td>M\u00e9todo de calentamiento<\/td>\n<td>Calentamiento instant\u00e1neo de cer\u00e1mica (agua caliente constante)<\/td>\n<\/tr>\n<tr>\n<td>M\u00e9todo de control<\/td>\n<td>Mando a distancia \/ Bot\u00f3n lateral \/ Sensor de pie<\/td>\n<\/tr>\n<tr>\n<td>Material<\/td>\n<td>Cuerpo cer\u00e1mico antibacteriano + funda de asiento UF\/PP<\/td>\n<\/tr>\n<tr>\n<td>Nivel de impermeabilidad<\/td>\n<td>IPX4 (Norma para componentes electr\u00f3nicos)<\/td>\n<\/tr>\n<tr>\n<td>Personalizaci\u00f3n<\/td>\n<td>Logotipo, color, m\u00f3dulos funcionales<\/td>\n<\/tr>\n<tr>\n<td>Certificaciones<\/td>\n<td>CE, RoHS, cUPC, WaterMark, SAA<\/td>\n<\/tr>\n<\/tbody>\n<\/table>","protected":false},"featured_media":419,"comment_status":"closed","ping_status":"closed","template":"","meta":{"_acf_changed":false},"product_brand":[],"product_cat":[21,19],"product_tag":[],"class_list":{"0":"post-405","1":"product","2":"type-product","3":"status-publish","4":"has-post-thumbnail","6":"product_cat-tankless-smart-toilet-wholesale","7":"product_cat-back-to-wall-smart-toilet-wholesale","9":"first","10":"instock","11":"shipping-taxable","12":"product-type-simple"},"acf":[],"_links":{"self":[{"href":"https:\/\/www.yilebathrooms.com\/es\/wp-json\/wp\/v2\/product\/405","targetHints":{"allow":["GET"]}}],"collection":[{"href":"https:\/\/www.yilebathrooms.com\/es\/wp-json\/wp\/v2\/product"}],"about":[{"href":"https:\/\/www.yilebathrooms.com\/es\/wp-json\/wp\/v2\/types\/product"}],"replies":[{"embeddable":true,"href":"https:\/\/www.yilebathrooms.com\/es\/wp-json\/wp\/v2\/comments?post=405"}],"wp:featuredmedia":[{"embeddable":true,"href":"https:\/\/www.yilebathrooms.com\/es\/wp-json\/wp\/v2\/media\/419"}],"wp:attachment":[{"href":"https:\/\/www.yilebathrooms.com\/es\/wp-json\/wp\/v2\/media?parent=405"}],"wp:term":[{"taxonomy":"product_brand","embeddable":true,"href":"https:\/\/www.yilebathrooms.com\/es\/wp-json\/wp\/v2\/product_brand?post=405"},{"taxonomy":"product_cat","embeddable":true,"href":"https:\/\/www.yilebathrooms.com\/es\/wp-json\/wp\/v2\/product_cat?post=405"},{"taxonomy":"product_tag","embeddable":true,"href":"https:\/\/www.yilebathrooms.com\/es\/wp-json\/wp\/v2\/product_tag?post=405"}],"curies":[{"name":"wp","href":"https:\/\/api.w.org\/{rel}","templated":true}]}}