{"id":391,"date":"2026-01-09T09:05:24","date_gmt":"2026-01-09T09:05:24","guid":{"rendered":"https:\/\/www.yilebathrooms.com\/?post_type=product&#038;p=391"},"modified":"2026-01-09T09:05:24","modified_gmt":"2026-01-09T09:05:24","slug":"smart-toilet-with-tank-wholesale","status":"publish","type":"product","link":"https:\/\/www.yilebathrooms.com\/es\/product\/smart-toilet-with-tank-wholesale\/","title":{"rendered":"Inodoro inteligente con cisterna al por mayor, Inodoro inteligente con mando a distancia personalizado"},"content":{"rendered":"<div class=\"wp-block-columns is-layout-flex wp-container-core-columns-is-layout-9d6595d7 wp-block-columns-is-layout-flex\">\n<div class=\"wp-block-column is-layout-flow wp-block-column-is-layout-flow\">\n<h2 class=\"wp-block-heading\">Caracter\u00edsticas del inodoro inteligente con cisterna:<\/h2>\n\n\n\n<p><strong>Tecnolog\u00eda Vortex Flushing: <\/strong>La potente tecnolog\u00eda de descarga vortex elimina r\u00e1pida y profundamente la suciedad y la mugre, logrando excelentes resultados de limpieza con una sola descarga a la vez que conserva el agua y aumenta la eficiencia.<\/p>\n\n\n\n<p><strong>Dep\u00f3sito de agua de alta calidad: <\/strong>Equipado con un dep\u00f3sito de agua de gran capacidad y alta calidad, que garantiza un almacenamiento estable del agua y una presi\u00f3n de lavado fuerte y sostenida.<\/p>\n\n\n\n<p><strong>Tecnolog\u00eda de detecci\u00f3n inteligente: <\/strong>Con un avanzado sistema de detecci\u00f3n inteligente, la tapa del inodoro se abre autom\u00e1ticamente cuando el usuario se acerca, eliminando la necesidad de contacto manual y evitando la propagaci\u00f3n de bacterias para mayor tranquilidad.<\/p>\n\n\n\n<p><strong>M\u00faltiples modos de control: <\/strong>Admite tanto mando a distancia como pedal de control. El mando a distancia es sencillo y c\u00f3modo, y permite ajustar f\u00e1cilmente varias funciones; el mando de pedal es m\u00e1s discreto e higi\u00e9nico, y facilita el manejo incluso con las manos ocupadas.<\/p>\n\n\n\n<p><strong>Funci\u00f3n de memoria:<\/strong> Incorpora una funci\u00f3n de memoria inteligente que guarda autom\u00e1ticamente las funciones y los ajustes utilizados con m\u00e1s frecuencia, lo que elimina la necesidad de reajustar la pr\u00f3xima vez y proporciona una experiencia m\u00e1s f\u00e1cil de usar.<\/p>\n<\/div>\n\n\n\n<div class=\"wp-block-column is-layout-flow wp-block-column-is-layout-flow\"><div class=\"wp-block-image\">\n<figure class=\"aligncenter size-full\"><img decoding=\"async\" width=\"347\" height=\"347\" src=\"https:\/\/www.yilebathrooms.com\/wp-content\/uploads\/2026\/01\/smart-toilet-with-tank-wholesale-11.webp\" alt=\"inodoro inteligente con tanque al por mayor (11)\" class=\"wp-image-400\" srcset=\"https:\/\/www.yilebathrooms.com\/wp-content\/uploads\/2026\/01\/smart-toilet-with-tank-wholesale-11.webp 347w, https:\/\/www.yilebathrooms.com\/wp-content\/uploads\/2026\/01\/smart-toilet-with-tank-wholesale-11-300x300.webp 300w, https:\/\/www.yilebathrooms.com\/wp-content\/uploads\/2026\/01\/smart-toilet-with-tank-wholesale-11-150x150.webp 150w, https:\/\/www.yilebathrooms.com\/wp-content\/uploads\/2026\/01\/smart-toilet-with-tank-wholesale-11-100x100.webp 100w\" sizes=\"(max-width: 347px) 100vw, 347px\" \/><\/figure>\n<\/div><\/div>\n<\/div>\n\n\n\n<figure class=\"wp-block-image size-full\"><img decoding=\"async\" width=\"3130\" height=\"2124\" src=\"https:\/\/www.yilebathrooms.com\/wp-content\/uploads\/2026\/01\/smart-toilet-with-tank-wholesale-4.webp\" alt=\"inodoro inteligente con cisterna al por mayor (4)\" class=\"wp-image-395\" srcset=\"https:\/\/www.yilebathrooms.com\/wp-content\/uploads\/2026\/01\/smart-toilet-with-tank-wholesale-4.webp 3130w, https:\/\/www.yilebathrooms.com\/wp-content\/uploads\/2026\/01\/smart-toilet-with-tank-wholesale-4-300x204.webp 300w, https:\/\/www.yilebathrooms.com\/wp-content\/uploads\/2026\/01\/smart-toilet-with-tank-wholesale-4-768x521.webp 768w, https:\/\/www.yilebathrooms.com\/wp-content\/uploads\/2026\/01\/smart-toilet-with-tank-wholesale-4-1200x814.webp 1200w, https:\/\/www.yilebathrooms.com\/wp-content\/uploads\/2026\/01\/smart-toilet-with-tank-wholesale-4-600x407.webp 600w\" sizes=\"(max-width: 3130px) 100vw, 3130px\" \/><\/figure>\n\n\n\n<div class=\"wp-block-columns is-layout-flex wp-container-core-columns-is-layout-9d6595d7 wp-block-columns-is-layout-flex\">\n<div class=\"wp-block-column is-layout-flow wp-block-column-is-layout-flow\">\n<h2 class=\"wp-block-heading\">Inodoro inteligente con tama\u00f1o de cisterna:<\/h2>\n\n\n\n<figure class=\"wp-block-table\"><table class=\"has-fixed-layout\"><tbody><tr><td><strong>Modelo<\/strong><\/td><td><strong>Talla<\/strong><\/td><\/tr><tr><td>6520<\/td><td>730X410X854mm<\/td><\/tr><\/tbody><\/table><\/figure>\n\n\n\n<figure class=\"wp-block-image size-full\"><img decoding=\"async\" width=\"3127\" height=\"2117\" src=\"https:\/\/www.yilebathrooms.com\/wp-content\/uploads\/2026\/01\/smart-toilet-with-tank-wholesale-5.webp\" alt=\"inodoro inteligente con cisterna al por mayor (5)\" class=\"wp-image-396\" srcset=\"https:\/\/www.yilebathrooms.com\/wp-content\/uploads\/2026\/01\/smart-toilet-with-tank-wholesale-5.webp 3127w, https:\/\/www.yilebathrooms.com\/wp-content\/uploads\/2026\/01\/smart-toilet-with-tank-wholesale-5-300x203.webp 300w, https:\/\/www.yilebathrooms.com\/wp-content\/uploads\/2026\/01\/smart-toilet-with-tank-wholesale-5-768x520.webp 768w, https:\/\/www.yilebathrooms.com\/wp-content\/uploads\/2026\/01\/smart-toilet-with-tank-wholesale-5-1200x812.webp 1200w, https:\/\/www.yilebathrooms.com\/wp-content\/uploads\/2026\/01\/smart-toilet-with-tank-wholesale-5-600x406.webp 600w\" sizes=\"(max-width: 3127px) 100vw, 3127px\" \/><\/figure>\n<\/div>\n<\/div>\n\n\n\n<div class=\"wp-block-columns is-layout-flex wp-container-core-columns-is-layout-9d6595d7 wp-block-columns-is-layout-flex\">\n<div class=\"wp-block-column is-layout-flow wp-block-column-is-layout-flow\">\n<figure class=\"wp-block-image size-full\"><img decoding=\"async\" width=\"3123\" height=\"1780\" src=\"https:\/\/www.yilebathrooms.com\/wp-content\/uploads\/2026\/01\/smart-toilet-with-tank-wholesale-6.webp\" alt=\"inodoro inteligente con tanque al por mayor (6)\" class=\"wp-image-397\" srcset=\"https:\/\/www.yilebathrooms.com\/wp-content\/uploads\/2026\/01\/smart-toilet-with-tank-wholesale-6.webp 3123w, https:\/\/www.yilebathrooms.com\/wp-content\/uploads\/2026\/01\/smart-toilet-with-tank-wholesale-6-300x171.webp 300w, https:\/\/www.yilebathrooms.com\/wp-content\/uploads\/2026\/01\/smart-toilet-with-tank-wholesale-6-768x438.webp 768w, https:\/\/www.yilebathrooms.com\/wp-content\/uploads\/2026\/01\/smart-toilet-with-tank-wholesale-6-1200x684.webp 1200w, https:\/\/www.yilebathrooms.com\/wp-content\/uploads\/2026\/01\/smart-toilet-with-tank-wholesale-6-600x342.webp 600w\" sizes=\"(max-width: 3123px) 100vw, 3123px\" \/><\/figure>\n\n\n\n<figure class=\"wp-block-image size-full\"><img decoding=\"async\" width=\"3126\" height=\"2046\" src=\"https:\/\/www.yilebathrooms.com\/wp-content\/uploads\/2026\/01\/smart-toilet-with-tank-wholesale-7.webp\" alt=\"inodoro inteligente con cisterna al por mayor (7)\" class=\"wp-image-398\" srcset=\"https:\/\/www.yilebathrooms.com\/wp-content\/uploads\/2026\/01\/smart-toilet-with-tank-wholesale-7.webp 3126w, https:\/\/www.yilebathrooms.com\/wp-content\/uploads\/2026\/01\/smart-toilet-with-tank-wholesale-7-300x196.webp 300w, https:\/\/www.yilebathrooms.com\/wp-content\/uploads\/2026\/01\/smart-toilet-with-tank-wholesale-7-768x503.webp 768w, https:\/\/www.yilebathrooms.com\/wp-content\/uploads\/2026\/01\/smart-toilet-with-tank-wholesale-7-1200x785.webp 1200w, https:\/\/www.yilebathrooms.com\/wp-content\/uploads\/2026\/01\/smart-toilet-with-tank-wholesale-7-600x393.webp 600w\" sizes=\"(max-width: 3126px) 100vw, 3126px\" \/><\/figure>\n\n\n\n<figure class=\"wp-block-image size-full\"><img decoding=\"async\" width=\"3126\" height=\"2227\" src=\"https:\/\/www.yilebathrooms.com\/wp-content\/uploads\/2026\/01\/smart-toilet-with-tank-wholesale-8.webp\" alt=\"inodoro inteligente con cisterna al por mayor (8)\" class=\"wp-image-399\" srcset=\"https:\/\/www.yilebathrooms.com\/wp-content\/uploads\/2026\/01\/smart-toilet-with-tank-wholesale-8.webp 3126w, https:\/\/www.yilebathrooms.com\/wp-content\/uploads\/2026\/01\/smart-toilet-with-tank-wholesale-8-300x214.webp 300w, https:\/\/www.yilebathrooms.com\/wp-content\/uploads\/2026\/01\/smart-toilet-with-tank-wholesale-8-768x547.webp 768w, https:\/\/www.yilebathrooms.com\/wp-content\/uploads\/2026\/01\/smart-toilet-with-tank-wholesale-8-1200x855.webp 1200w, https:\/\/www.yilebathrooms.com\/wp-content\/uploads\/2026\/01\/smart-toilet-with-tank-wholesale-8-600x427.webp 600w\" sizes=\"(max-width: 3126px) 100vw, 3126px\" \/><\/figure>\n<\/div>\n<\/div>","protected":false},"excerpt":{"rendered":"<p>El inodoro inteligente con cisterna al por mayor cuenta con una potente descarga vortex y un dep\u00f3sito de agua de gran capacidad, sensores inteligentes, un mando a distancia, un pedal de control y una funci\u00f3n de memoria. Admite decoraciones personalizadas de LED y pomo, adecuadas para proyectos de ingenier\u00eda y compras al por mayor. P\u00f3ngase en contacto con nosotros para soluciones al por mayor y de personalizaci\u00f3n.<\/p>\n<h2>Especificaciones t\u00e9cnicas<\/h2>\n<table>\n<tbody>\n<tr>\n<th>Art\u00edculo<\/th>\n<th>Especificaci\u00f3n<\/th>\n<\/tr>\n<tr>\n<td>Tipo empotrado<\/td>\n<td>Lavado (Tornado)<\/td>\n<\/tr>\n<tr>\n<td>Tipo de drenaje<\/td>\n<td>Trampa S \/ Trampa P<\/td>\n<\/tr>\n<tr>\n<td>Tama\u00f1o de la instalaci\u00f3n<\/td>\n<td>Trampa en S: 160-260mm(lS33)<br \/>S-trap: 130-235mm(lS32)-Optional<br \/>S-trap: 155-295mm[lS17)-0ptional<br \/>S-trap: 80-195mm(lS18)-0ptional<br \/>P-trap: 180mm Desbaste<\/td>\n<\/tr>\n<tr>\n<td>Tensi\u00f3n\/Alimentaci\u00f3n<\/td>\n<td>110V-240V, 50\/60Hz (tipo de enchufe personalizable)<\/td>\n<\/tr>\n<tr>\n<td>M\u00e9todo de calentamiento<\/td>\n<td>Calentamiento instant\u00e1neo de cer\u00e1mica (agua caliente constante)<\/td>\n<\/tr>\n<tr>\n<td>M\u00e9todo de control<\/td>\n<td>Mando a distancia \/ Bot\u00f3n lateral \/ Sensor de pie<\/td>\n<\/tr>\n<tr>\n<td>Material<\/td>\n<td>Cuerpo cer\u00e1mico antibacteriano + funda de asiento UF\/PP<\/td>\n<\/tr>\n<tr>\n<td>Nivel de impermeabilidad<\/td>\n<td>IPX4 (Norma para componentes electr\u00f3nicos)<\/td>\n<\/tr>\n<tr>\n<td>Personalizaci\u00f3n<\/td>\n<td>Logotipo, color, m\u00f3dulos funcionales<\/td>\n<\/tr>\n<tr>\n<td>Certificaciones<\/td>\n<td>CE, RoHS, cUPC, WaterMark, SAA<\/td>\n<\/tr>\n<\/tbody>\n<\/table>","protected":false},"featured_media":394,"comment_status":"closed","ping_status":"closed","template":"","meta":{"_acf_changed":false},"product_brand":[],"product_cat":[18,19],"product_tag":[],"class_list":{"0":"post-391","1":"product","2":"type-product","3":"status-publish","4":"has-post-thumbnail","6":"product_cat-two-piece-smart-toilet-wholesale","7":"product_cat-back-to-wall-smart-toilet-wholesale","9":"first","10":"instock","11":"shipping-taxable","12":"product-type-simple"},"acf":[],"_links":{"self":[{"href":"https:\/\/www.yilebathrooms.com\/es\/wp-json\/wp\/v2\/product\/391","targetHints":{"allow":["GET"]}}],"collection":[{"href":"https:\/\/www.yilebathrooms.com\/es\/wp-json\/wp\/v2\/product"}],"about":[{"href":"https:\/\/www.yilebathrooms.com\/es\/wp-json\/wp\/v2\/types\/product"}],"replies":[{"embeddable":true,"href":"https:\/\/www.yilebathrooms.com\/es\/wp-json\/wp\/v2\/comments?post=391"}],"wp:featuredmedia":[{"embeddable":true,"href":"https:\/\/www.yilebathrooms.com\/es\/wp-json\/wp\/v2\/media\/394"}],"wp:attachment":[{"href":"https:\/\/www.yilebathrooms.com\/es\/wp-json\/wp\/v2\/media?parent=391"}],"wp:term":[{"taxonomy":"product_brand","embeddable":true,"href":"https:\/\/www.yilebathrooms.com\/es\/wp-json\/wp\/v2\/product_brand?post=391"},{"taxonomy":"product_cat","embeddable":true,"href":"https:\/\/www.yilebathrooms.com\/es\/wp-json\/wp\/v2\/product_cat?post=391"},{"taxonomy":"product_tag","embeddable":true,"href":"https:\/\/www.yilebathrooms.com\/es\/wp-json\/wp\/v2\/product_tag?post=391"}],"curies":[{"name":"wp","href":"https:\/\/api.w.org\/{rel}","templated":true}]}}