{"id":365,"date":"2026-01-09T09:05:24","date_gmt":"2026-01-09T09:05:24","guid":{"rendered":"https:\/\/www.yilebathrooms.com\/?post_type=product&#038;p=365"},"modified":"2026-01-09T09:05:24","modified_gmt":"2026-01-09T09:05:24","slug":"integrated-smart-toilet-wholesale","status":"publish","type":"product","link":"https:\/\/www.yilebathrooms.com\/es\/product\/integrated-smart-toilet-wholesale\/","title":{"rendered":"Inodoro inteligente integrado al por mayor, inodoro inteligente moderno mejor proveedor"},"content":{"rendered":"<div class=\"wp-block-columns is-layout-flex wp-container-core-columns-is-layout-9d6595d7 wp-block-columns-is-layout-flex\">\n<div class=\"wp-block-column is-layout-flow wp-block-column-is-layout-flow\">\n<h2 class=\"wp-block-heading\">Inodoro inteligente integrado Caracter\u00edsticas:<\/h2>\n\n\n\n<p><strong>Optimizaci\u00f3n de la experiencia de limpieza:<\/strong> Dewdrop Gentle Wash, Buttock Wash, Feminine Wash y Child Wash satisfacen las necesidades de limpieza de varios usuarios y diferentes situaciones, proporcionando una experiencia de limpieza integral.<\/p>\n\n\n\n<p><strong>Boquilla autolimpiante: <\/strong>La boquilla se autolimpia antes y despu\u00e9s del uso, lo que evita la proliferaci\u00f3n de bacterias y las infecciones cruzadas, garantizando que cada uso sea seguro e higi\u00e9nico.<\/p>\n\n\n\n<p><strong>Calentamiento instant\u00e1neo: <\/strong>El asiento utiliza tecnolog\u00eda de calefacci\u00f3n instant\u00e1nea para mantener una temperatura agradable, proporcionando una experiencia c\u00e1lida incluso en climas fr\u00edos.<\/p>\n\n\n\n<p><strong>Tecnolog\u00eda de lavado por cicl\u00f3n: <\/strong>Equipado con un potente sistema de lavado cicl\u00f3nico, la fuerza de lavado es fuerte y r\u00e1pida, eliminando f\u00e1cilmente la suciedad y conservando eficazmente el agua.<\/p>\n\n\n\n<p><strong>Dos opciones de instalaci\u00f3n: <\/strong>Ofrece dos opciones de instalaci\u00f3n flexibles: una cisterna oculta con v\u00e1lvula de entrada y una cisterna oculta con manguera, lo que le permite elegir en funci\u00f3n de las diferentes distribuciones del cuarto de ba\u00f1o y los requisitos de decoraci\u00f3n.<\/p>\n\n\n\n<p><strong>Asiento decorativo personalizable: <\/strong>Equipado con cubiertas de pantalla LED en varios materiales y colores (como n\u00edquel cepillado, oro rosa, etc.) y cubiertas de pomo (como oro rosa, plata, etc.), que combinan con diferentes estilos de decoraci\u00f3n de cuartos de ba\u00f1o y mejoran la est\u00e9tica general.<\/p>\n<\/div>\n\n\n\n<div class=\"wp-block-column is-layout-flow wp-block-column-is-layout-flow\">\n<figure class=\"wp-block-image size-full\"><img decoding=\"async\" width=\"3126\" height=\"3073\" src=\"https:\/\/www.yilebathrooms.com\/wp-content\/uploads\/2026\/01\/integrated-smart-toilet-wholesale-4.webp\" alt=\"aseo inteligente integrado al por mayor (4)\" class=\"wp-image-371\" srcset=\"https:\/\/www.yilebathrooms.com\/wp-content\/uploads\/2026\/01\/integrated-smart-toilet-wholesale-4.webp 3126w, https:\/\/www.yilebathrooms.com\/wp-content\/uploads\/2026\/01\/integrated-smart-toilet-wholesale-4-300x295.webp 300w, https:\/\/www.yilebathrooms.com\/wp-content\/uploads\/2026\/01\/integrated-smart-toilet-wholesale-4-768x755.webp 768w, https:\/\/www.yilebathrooms.com\/wp-content\/uploads\/2026\/01\/integrated-smart-toilet-wholesale-4-1200x1180.webp 1200w, https:\/\/www.yilebathrooms.com\/wp-content\/uploads\/2026\/01\/integrated-smart-toilet-wholesale-4-600x590.webp 600w\" sizes=\"(max-width: 3126px) 100vw, 3126px\" \/><\/figure>\n<\/div>\n<\/div>\n\n\n\n<figure class=\"wp-block-image size-full\"><img decoding=\"async\" width=\"3126\" height=\"2122\" src=\"https:\/\/www.yilebathrooms.com\/wp-content\/uploads\/2026\/01\/integrated-smart-toilet-wholesale10.webp\" alt=\"aseo inteligente integrado al por mayor(10)\" class=\"wp-image-376\" srcset=\"https:\/\/www.yilebathrooms.com\/wp-content\/uploads\/2026\/01\/integrated-smart-toilet-wholesale10.webp 3126w, https:\/\/www.yilebathrooms.com\/wp-content\/uploads\/2026\/01\/integrated-smart-toilet-wholesale10-300x204.webp 300w, https:\/\/www.yilebathrooms.com\/wp-content\/uploads\/2026\/01\/integrated-smart-toilet-wholesale10-768x521.webp 768w, https:\/\/www.yilebathrooms.com\/wp-content\/uploads\/2026\/01\/integrated-smart-toilet-wholesale10-1200x815.webp 1200w, https:\/\/www.yilebathrooms.com\/wp-content\/uploads\/2026\/01\/integrated-smart-toilet-wholesale10-600x407.webp 600w\" sizes=\"(max-width: 3126px) 100vw, 3126px\" \/><\/figure>\n\n\n\n<div class=\"wp-block-columns is-layout-flex wp-container-core-columns-is-layout-9d6595d7 wp-block-columns-is-layout-flex\">\n<div class=\"wp-block-column is-layout-flow wp-block-column-is-layout-flow\">\n<h2 class=\"wp-block-heading\">Inodoro inteligente integrado Tama\u00f1o:<\/h2>\n\n\n\n<figure class=\"wp-block-table\"><table class=\"has-fixed-layout\"><tbody><tr><td><strong>Modelo<\/strong><\/td><td><strong>Talla<\/strong><\/td><\/tr><tr><td>3520<\/td><td>600X385X480mm<\/td><\/tr><tr><td>3521<\/td><td>600X385X480mm<\/td><\/tr><\/tbody><\/table><\/figure>\n\n\n\n<figure class=\"wp-block-image size-full\"><img decoding=\"async\" width=\"3126\" height=\"2107\" src=\"https:\/\/www.yilebathrooms.com\/wp-content\/uploads\/2026\/01\/integrated-smart-toilet-wholesale-5.webp\" alt=\"aseo inteligente integrado al por mayor (5)\" class=\"wp-image-372\" srcset=\"https:\/\/www.yilebathrooms.com\/wp-content\/uploads\/2026\/01\/integrated-smart-toilet-wholesale-5.webp 3126w, https:\/\/www.yilebathrooms.com\/wp-content\/uploads\/2026\/01\/integrated-smart-toilet-wholesale-5-300x202.webp 300w, https:\/\/www.yilebathrooms.com\/wp-content\/uploads\/2026\/01\/integrated-smart-toilet-wholesale-5-768x518.webp 768w, https:\/\/www.yilebathrooms.com\/wp-content\/uploads\/2026\/01\/integrated-smart-toilet-wholesale-5-1200x809.webp 1200w, https:\/\/www.yilebathrooms.com\/wp-content\/uploads\/2026\/01\/integrated-smart-toilet-wholesale-5-600x404.webp 600w\" sizes=\"(max-width: 3126px) 100vw, 3126px\" \/><\/figure>\n<\/div>\n<\/div>\n\n\n\n<div class=\"wp-block-columns is-layout-flex wp-container-core-columns-is-layout-9d6595d7 wp-block-columns-is-layout-flex\">\n<div class=\"wp-block-column is-layout-flow wp-block-column-is-layout-flow\">\n<figure class=\"wp-block-image size-full\"><img decoding=\"async\" width=\"3126\" height=\"1626\" src=\"https:\/\/www.yilebathrooms.com\/wp-content\/uploads\/2026\/01\/integrated-smart-toilet-wholesale6.webp\" alt=\"aseo inteligente integrado al por mayor(6)\" class=\"wp-image-373\" srcset=\"https:\/\/www.yilebathrooms.com\/wp-content\/uploads\/2026\/01\/integrated-smart-toilet-wholesale6.webp 3126w, https:\/\/www.yilebathrooms.com\/wp-content\/uploads\/2026\/01\/integrated-smart-toilet-wholesale6-300x156.webp 300w, https:\/\/www.yilebathrooms.com\/wp-content\/uploads\/2026\/01\/integrated-smart-toilet-wholesale6-768x399.webp 768w, https:\/\/www.yilebathrooms.com\/wp-content\/uploads\/2026\/01\/integrated-smart-toilet-wholesale6-1200x624.webp 1200w, https:\/\/www.yilebathrooms.com\/wp-content\/uploads\/2026\/01\/integrated-smart-toilet-wholesale6-600x312.webp 600w\" sizes=\"(max-width: 3126px) 100vw, 3126px\" \/><\/figure>\n\n\n\n<figure class=\"wp-block-image size-full\"><img decoding=\"async\" width=\"3126\" height=\"2118\" src=\"https:\/\/www.yilebathrooms.com\/wp-content\/uploads\/2026\/01\/integrated-smart-toilet-wholesale8.webp\" alt=\"aseo inteligente integrado al por mayor(8)\" class=\"wp-image-374\" srcset=\"https:\/\/www.yilebathrooms.com\/wp-content\/uploads\/2026\/01\/integrated-smart-toilet-wholesale8.webp 3126w, https:\/\/www.yilebathrooms.com\/wp-content\/uploads\/2026\/01\/integrated-smart-toilet-wholesale8-300x203.webp 300w, https:\/\/www.yilebathrooms.com\/wp-content\/uploads\/2026\/01\/integrated-smart-toilet-wholesale8-768x520.webp 768w, https:\/\/www.yilebathrooms.com\/wp-content\/uploads\/2026\/01\/integrated-smart-toilet-wholesale8-1200x813.webp 1200w, https:\/\/www.yilebathrooms.com\/wp-content\/uploads\/2026\/01\/integrated-smart-toilet-wholesale8-600x407.webp 600w\" sizes=\"(max-width: 3126px) 100vw, 3126px\" \/><\/figure>\n\n\n\n<figure class=\"wp-block-image size-full\"><img decoding=\"async\" width=\"3126\" height=\"2191\" src=\"https:\/\/www.yilebathrooms.com\/wp-content\/uploads\/2026\/01\/integrated-smart-toilet-wholesale9.webp\" alt=\"inodoro inteligente integrado al por mayor(9)\" class=\"wp-image-375\" srcset=\"https:\/\/www.yilebathrooms.com\/wp-content\/uploads\/2026\/01\/integrated-smart-toilet-wholesale9.webp 3126w, https:\/\/www.yilebathrooms.com\/wp-content\/uploads\/2026\/01\/integrated-smart-toilet-wholesale9-300x210.webp 300w, https:\/\/www.yilebathrooms.com\/wp-content\/uploads\/2026\/01\/integrated-smart-toilet-wholesale9-768x538.webp 768w, https:\/\/www.yilebathrooms.com\/wp-content\/uploads\/2026\/01\/integrated-smart-toilet-wholesale9-1200x841.webp 1200w, https:\/\/www.yilebathrooms.com\/wp-content\/uploads\/2026\/01\/integrated-smart-toilet-wholesale9-600x421.webp 600w\" sizes=\"(max-width: 3126px) 100vw, 3126px\" \/><\/figure>\n<\/div>\n<\/div>","protected":false},"excerpt":{"rendered":"<p>Nuestro inodoro inteligente integrado al por mayor combina lavado multimodo, una boquilla autolimpiante, calentamiento instant\u00e1neo y un sistema de descarga cicl\u00f3nica, garantizando la higiene, la seguridad, la comodidad y la eficiencia h\u00eddrica. Es adecuado para hoteles, proyectos de construcci\u00f3n y distribuci\u00f3n al por mayor. P\u00f3ngase en contacto con nosotros para solicitar un presupuesto al por mayor.<\/p>\n<h2>Especificaciones t\u00e9cnicas<\/h2>\n<table>\n<tbody>\n<tr>\n<th>Art\u00edculo<\/th>\n<th>Especificaci\u00f3n<\/th>\n<\/tr>\n<tr>\n<td>Tipo empotrado<\/td>\n<td>Lavado (Tornado)<\/td>\n<\/tr>\n<tr>\n<td>Tipo de drenaje<\/td>\n<td>Trampa S \/ Trampa P<\/td>\n<\/tr>\n<tr>\n<td>Tama\u00f1o de la instalaci\u00f3n<\/td>\n<td>Trampa en S: 115-140mm(IS33)<br \/>S-trap: 80-140mm(lS16)-0ptional<br \/>S-trap: 145-170mm(lS17)-0ptional<br \/>P-trap: 180mm<\/td>\n<\/tr>\n<tr>\n<td>Tensi\u00f3n\/Alimentaci\u00f3n<\/td>\n<td>110V-240V, 50\/60Hz (tipo de enchufe personalizable)<\/td>\n<\/tr>\n<tr>\n<td>M\u00e9todo de calentamiento<\/td>\n<td>Calentamiento instant\u00e1neo de cer\u00e1mica (agua caliente constante)<\/td>\n<\/tr>\n<tr>\n<td>M\u00e9todo de control<\/td>\n<td>Mando a distancia \/ Bot\u00f3n lateral \/ Sensor de pie<\/td>\n<\/tr>\n<tr>\n<td>Material<\/td>\n<td>Cuerpo cer\u00e1mico antibacteriano + funda de asiento UF\/PP<\/td>\n<\/tr>\n<tr>\n<td>Nivel de impermeabilidad<\/td>\n<td>IPX4 (Norma para componentes electr\u00f3nicos)<\/td>\n<\/tr>\n<tr>\n<td>Personalizaci\u00f3n<\/td>\n<td>Logotipo, color, m\u00f3dulos funcionales<\/td>\n<\/tr>\n<tr>\n<td>Certificaciones<\/td>\n<td>CE, RoHS, cUPC, WaterMark, SAA<\/td>\n<\/tr>\n<\/tbody>\n<\/table>","protected":false},"featured_media":368,"comment_status":"closed","ping_status":"closed","template":"","meta":{"_acf_changed":false},"product_brand":[],"product_cat":[21,19],"product_tag":[],"class_list":{"0":"post-365","1":"product","2":"type-product","3":"status-publish","4":"has-post-thumbnail","6":"product_cat-tankless-smart-toilet-wholesale","7":"product_cat-back-to-wall-smart-toilet-wholesale","9":"first","10":"instock","11":"shipping-taxable","12":"product-type-simple"},"acf":[],"_links":{"self":[{"href":"https:\/\/www.yilebathrooms.com\/es\/wp-json\/wp\/v2\/product\/365","targetHints":{"allow":["GET"]}}],"collection":[{"href":"https:\/\/www.yilebathrooms.com\/es\/wp-json\/wp\/v2\/product"}],"about":[{"href":"https:\/\/www.yilebathrooms.com\/es\/wp-json\/wp\/v2\/types\/product"}],"replies":[{"embeddable":true,"href":"https:\/\/www.yilebathrooms.com\/es\/wp-json\/wp\/v2\/comments?post=365"}],"wp:featuredmedia":[{"embeddable":true,"href":"https:\/\/www.yilebathrooms.com\/es\/wp-json\/wp\/v2\/media\/368"}],"wp:attachment":[{"href":"https:\/\/www.yilebathrooms.com\/es\/wp-json\/wp\/v2\/media?parent=365"}],"wp:term":[{"taxonomy":"product_brand","embeddable":true,"href":"https:\/\/www.yilebathrooms.com\/es\/wp-json\/wp\/v2\/product_brand?post=365"},{"taxonomy":"product_cat","embeddable":true,"href":"https:\/\/www.yilebathrooms.com\/es\/wp-json\/wp\/v2\/product_cat?post=365"},{"taxonomy":"product_tag","embeddable":true,"href":"https:\/\/www.yilebathrooms.com\/es\/wp-json\/wp\/v2\/product_tag?post=365"}],"curies":[{"name":"wp","href":"https:\/\/api.w.org\/{rel}","templated":true}]}}