{"id":673,"date":"2026-02-27T09:25:47","date_gmt":"2026-02-27T09:25:47","guid":{"rendered":"https:\/\/www.yilebathrooms.com\/?post_type=product&#038;p=673"},"modified":"2026-03-24T08:11:50","modified_gmt":"2026-03-24T08:11:50","slug":"smart-tankless-toilet-wholesale","status":"publish","type":"product","link":"https:\/\/www.yilebathrooms.com\/de\/product\/smart-tankless-toilet-wholesale\/","title":{"rendered":"Intelligente tanklose Toilette Gro\u00dfhandel, intelligente Toilette Custom"},"content":{"rendered":"<div class=\"wp-block-columns is-layout-flex wp-container-core-columns-is-layout-9d6595d7 wp-block-columns-is-layout-flex\">\n<div class=\"wp-block-column is-layout-flow wp-block-column-is-layout-flow\">\n<h2 class=\"wp-block-heading\">Smart Tankless Toilette Gr\u00f6\u00dfe:<\/h2>\n\n\n\n<figure class=\"wp-block-table\"><table class=\"has-fixed-layout\"><tbody><tr><td><strong>Modell<\/strong><\/td><td><strong>Gr\u00f6\u00dfe<\/strong><\/td><\/tr><tr><td>G6<\/td><td>705X390X440mm<\/td><\/tr><\/tbody><\/table><\/figure>\n\n\n\n<h2 class=\"wp-block-heading\">Intelligente tanklose Toilette Merkmale:<\/h2>\n\n\n\n<p><strong>Plug-and-Play-Installation: <\/strong>Unser firmeneigenes siphonfreies Design unterst\u00fctzt einen riesigen Einbauplatzbereich von 60-280 mm und macht die Umgestaltung von Badezimmern einfacher denn je.<\/p>\n\n\n\n<p><strong>Ergonomischer U-f\u00f6rmiger Sitz:<\/strong> Ein verbessertes, ger\u00e4umiges U-f\u00f6rmiges Design, das im Vergleich zu herk\u00f6mmlichen V-f\u00f6rmigen Sitzen eine breitere Sitzfl\u00e4che und einen besseren Konturbogen bietet.<\/p>\n\n\n\n<p><strong>Dynamische Sp\u00fclleistung: <\/strong>Die eingebaute Booster-Pumpe gleicht niedrigen Wasserdruck aus und liefert eine kraftvolle und dennoch fl\u00fcsterleise Tornado-Sp\u00fclung auf dem Boden.<\/p>\n\n\n\n<p><strong>Intelligente Doppelsp\u00fclung:<\/strong> Ausgestattet mit einem intelligenten Anwesenheitssensor, unterscheidet das System automatisch zwischen \u201cHalf Flush\u201d und \u201cFull Flush\u201d, je nach Nutzungsdauer.<\/p>\n\n\n\n<p><strong>Praktische Funktionsintegration:<\/strong> Snotor integriert nahtlos eine flexible Installation, eine leistungsstarke drucklose Sp\u00fclung und ein 90\u00b0-Design, das von hinten an die Wand montiert werden kann. Es ist mit einer automatischen Klappe, einer Sp\u00fclung mit Fu\u00dfsensor, einer sofortigen beheizten Sp\u00fclung, einem Warmlufttrockner, einer UV-Selbstreinigung und einer Air Gap-R\u00fcckflussverhinderungs-Technologie ausgestattet, die dem Benutzer ein bequemes Leben erm\u00f6glicht.<\/p>\n\n\n\n<p><strong>Globale OEM\/ODM-Experten<\/strong>: Nutzen Sie die hauseigene Fertigung von Snotor f\u00fcr kundenspezifische Spezifikationen und profitieren Sie von den Preisen direkt ab Werk.<\/p>\n<\/div>\n\n\n\n<div class=\"wp-block-column is-layout-flow wp-block-column-is-layout-flow\">\n<figure class=\"wp-block-image size-full\"><img decoding=\"async\" width=\"800\" height=\"800\" src=\"https:\/\/www.yilebathrooms.com\/wp-content\/uploads\/2026\/02\/smart-tankless-toilet-wholesale1.webp\" alt=\"intelligente tanklose Toilette Gro\u00dfhandel(1)\" class=\"wp-image-678\" srcset=\"https:\/\/www.yilebathrooms.com\/wp-content\/uploads\/2026\/02\/smart-tankless-toilet-wholesale1.webp 800w, https:\/\/www.yilebathrooms.com\/wp-content\/uploads\/2026\/02\/smart-tankless-toilet-wholesale1-300x300.webp 300w, https:\/\/www.yilebathrooms.com\/wp-content\/uploads\/2026\/02\/smart-tankless-toilet-wholesale1-150x150.webp 150w, https:\/\/www.yilebathrooms.com\/wp-content\/uploads\/2026\/02\/smart-tankless-toilet-wholesale1-768x768.webp 768w, https:\/\/www.yilebathrooms.com\/wp-content\/uploads\/2026\/02\/smart-tankless-toilet-wholesale1-12x12.webp 12w, https:\/\/www.yilebathrooms.com\/wp-content\/uploads\/2026\/02\/smart-tankless-toilet-wholesale1-600x600.webp 600w, https:\/\/www.yilebathrooms.com\/wp-content\/uploads\/2026\/02\/smart-tankless-toilet-wholesale1-100x100.webp 100w\" sizes=\"(max-width: 800px) 100vw, 800px\" \/><\/figure>\n<\/div>\n<\/div>\n\n\n<div class=\"wp-block-image\">\n<figure class=\"aligncenter size-full\"><img decoding=\"async\" width=\"990\" height=\"767\" src=\"https:\/\/www.yilebathrooms.com\/wp-content\/uploads\/2026\/02\/smart-tankless-toilet-wholesale-round.webp\" alt=\"smart tankless toilet Gro\u00dfhandel rund\" class=\"wp-image-677\" style=\"object-fit:cover\" srcset=\"https:\/\/www.yilebathrooms.com\/wp-content\/uploads\/2026\/02\/smart-tankless-toilet-wholesale-round.webp 990w, https:\/\/www.yilebathrooms.com\/wp-content\/uploads\/2026\/02\/smart-tankless-toilet-wholesale-round-300x232.webp 300w, https:\/\/www.yilebathrooms.com\/wp-content\/uploads\/2026\/02\/smart-tankless-toilet-wholesale-round-768x595.webp 768w, https:\/\/www.yilebathrooms.com\/wp-content\/uploads\/2026\/02\/smart-tankless-toilet-wholesale-round-15x12.webp 15w, https:\/\/www.yilebathrooms.com\/wp-content\/uploads\/2026\/02\/smart-tankless-toilet-wholesale-round-600x465.webp 600w\" sizes=\"(max-width: 990px) 100vw, 990px\" \/><\/figure>\n<\/div>\n\n\n<div class=\"wp-block-columns is-layout-flex wp-container-core-columns-is-layout-9d6595d7 wp-block-columns-is-layout-flex\">\n<div class=\"wp-block-column is-layout-flow wp-block-column-is-layout-flow\">\n<figure class=\"wp-block-image size-full\"><img decoding=\"async\" width=\"501\" height=\"800\" src=\"https:\/\/www.yilebathrooms.com\/wp-content\/uploads\/2026\/02\/Smart-Tankless-Toilet-Wholesale-4-1.webp\" alt=\"Smart Tankless Toilette Gro\u00dfhandel\" class=\"wp-image-722\" style=\"aspect-ratio:3\/4;object-fit:cover\" srcset=\"https:\/\/www.yilebathrooms.com\/wp-content\/uploads\/2026\/02\/Smart-Tankless-Toilet-Wholesale-4-1.webp 501w, https:\/\/www.yilebathrooms.com\/wp-content\/uploads\/2026\/02\/Smart-Tankless-Toilet-Wholesale-4-1-188x300.webp 188w, https:\/\/www.yilebathrooms.com\/wp-content\/uploads\/2026\/02\/Smart-Tankless-Toilet-Wholesale-4-1-8x12.webp 8w\" sizes=\"(max-width: 501px) 100vw, 501px\" \/><\/figure>\n<\/div>\n\n\n\n<div class=\"wp-block-column is-layout-flow wp-block-column-is-layout-flow\">\n<figure class=\"wp-block-image size-large\"><img decoding=\"async\" width=\"545\" height=\"800\" src=\"https:\/\/www.yilebathrooms.com\/wp-content\/uploads\/2026\/02\/smart-tankless-toilet-wholesale-4.webp\" alt=\"smart tankless toilet Gro\u00dfhandel (4)\" class=\"wp-image-675\" style=\"aspect-ratio:3\/4;object-fit:cover\" srcset=\"https:\/\/www.yilebathrooms.com\/wp-content\/uploads\/2026\/02\/smart-tankless-toilet-wholesale-4.webp 545w, https:\/\/www.yilebathrooms.com\/wp-content\/uploads\/2026\/02\/smart-tankless-toilet-wholesale-4-204x300.webp 204w, https:\/\/www.yilebathrooms.com\/wp-content\/uploads\/2026\/02\/smart-tankless-toilet-wholesale-4-8x12.webp 8w\" sizes=\"(max-width: 545px) 100vw, 545px\" \/><\/figure>\n<\/div>\n\n\n\n<div class=\"wp-block-column is-layout-flow wp-block-column-is-layout-flow\">\n<figure class=\"wp-block-image size-large\"><img decoding=\"async\" width=\"423\" height=\"564\" src=\"https:\/\/www.yilebathrooms.com\/wp-content\/uploads\/2026\/02\/smart-tankless-toilet-wholesale-3-1.webp\" alt=\"smart tankless toilet Gro\u00dfhandel (3)\" class=\"wp-image-684\" srcset=\"https:\/\/www.yilebathrooms.com\/wp-content\/uploads\/2026\/02\/smart-tankless-toilet-wholesale-3-1.webp 423w, https:\/\/www.yilebathrooms.com\/wp-content\/uploads\/2026\/02\/smart-tankless-toilet-wholesale-3-1-225x300.webp 225w, https:\/\/www.yilebathrooms.com\/wp-content\/uploads\/2026\/02\/smart-tankless-toilet-wholesale-3-1-9x12.webp 9w\" sizes=\"(max-width: 423px) 100vw, 423px\" \/><\/figure>\n<\/div>\n<\/div>\n\n\n\n<div class=\"wp-block-columns is-layout-flex wp-container-core-columns-is-layout-9d6595d7 wp-block-columns-is-layout-flex\">\n<div class=\"wp-block-column is-layout-flow wp-block-column-is-layout-flow\" style=\"flex-basis:100%\">\n<div class=\"wp-block-columns is-layout-flex wp-container-core-columns-is-layout-9d6595d7 wp-block-columns-is-layout-flex\">\n<div class=\"wp-block-column is-layout-flow wp-block-column-is-layout-flow\">\n<figure class=\"wp-block-image size-full\"><img decoding=\"async\" width=\"415\" height=\"789\" src=\"https:\/\/www.yilebathrooms.com\/wp-content\/uploads\/2026\/02\/Smart-Tankless-Toilet-Wholesale-1.jpg\" alt=\"Smart-Tankless-Toiletten-Gro\u00dfhandel\" class=\"wp-image-725\" srcset=\"https:\/\/www.yilebathrooms.com\/wp-content\/uploads\/2026\/02\/Smart-Tankless-Toilet-Wholesale-1.jpg 415w, https:\/\/www.yilebathrooms.com\/wp-content\/uploads\/2026\/02\/Smart-Tankless-Toilet-Wholesale-1-158x300.jpg 158w, https:\/\/www.yilebathrooms.com\/wp-content\/uploads\/2026\/02\/Smart-Tankless-Toilet-Wholesale-1-6x12.jpg 6w\" sizes=\"(max-width: 415px) 100vw, 415px\" \/><\/figure>\n<\/div>\n\n\n\n<div class=\"wp-block-column is-layout-flow wp-block-column-is-layout-flow\">\n<figure class=\"wp-block-image size-full\"><img decoding=\"async\" width=\"421\" height=\"800\" src=\"https:\/\/www.yilebathrooms.com\/wp-content\/uploads\/2026\/02\/Smart-Tankless-Toilet-Wholesale-3-2.webp\" alt=\"Smart Tankless Toilette Gro\u00dfhandel\" class=\"wp-image-724\" srcset=\"https:\/\/www.yilebathrooms.com\/wp-content\/uploads\/2026\/02\/Smart-Tankless-Toilet-Wholesale-3-2.webp 421w, https:\/\/www.yilebathrooms.com\/wp-content\/uploads\/2026\/02\/Smart-Tankless-Toilet-Wholesale-3-2-158x300.webp 158w, https:\/\/www.yilebathrooms.com\/wp-content\/uploads\/2026\/02\/Smart-Tankless-Toilet-Wholesale-3-2-6x12.webp 6w\" sizes=\"(max-width: 421px) 100vw, 421px\" \/><\/figure>\n<\/div>\n\n\n\n<div class=\"wp-block-column is-layout-flow wp-block-column-is-layout-flow\">\n<figure class=\"wp-block-image size-full\"><img decoding=\"async\" width=\"421\" height=\"800\" src=\"https:\/\/www.yilebathrooms.com\/wp-content\/uploads\/2026\/02\/Smart-Tankless-Toilet-Wholesale-2-2.webp\" alt=\"Smart Tankless Toilette Gro\u00dfhandel\" class=\"wp-image-723\" srcset=\"https:\/\/www.yilebathrooms.com\/wp-content\/uploads\/2026\/02\/Smart-Tankless-Toilet-Wholesale-2-2.webp 421w, https:\/\/www.yilebathrooms.com\/wp-content\/uploads\/2026\/02\/Smart-Tankless-Toilet-Wholesale-2-2-158x300.webp 158w, https:\/\/www.yilebathrooms.com\/wp-content\/uploads\/2026\/02\/Smart-Tankless-Toilet-Wholesale-2-2-6x12.webp 6w\" sizes=\"(max-width: 421px) 100vw, 421px\" \/><\/figure>\n<\/div>\n<\/div>\n<\/div>\n<\/div>\n\n\n\n<div class=\"wp-block-columns is-layout-flex wp-container-core-columns-is-layout-9d6595d7 wp-block-columns-is-layout-flex\">\n<div class=\"wp-block-column is-layout-flow wp-block-column-is-layout-flow\"><div class=\"wp-block-image\">\n<figure class=\"aligncenter size-full\"><img decoding=\"async\" width=\"500\" height=\"667\" src=\"https:\/\/www.yilebathrooms.com\/wp-content\/uploads\/2026\/03\/smart-tankless-toilet-wholesale3-edited-1.webp\" alt=\"smart tankless toilet Gro\u00dfhandel(3)\" class=\"wp-image-713\" srcset=\"https:\/\/www.yilebathrooms.com\/wp-content\/uploads\/2026\/03\/smart-tankless-toilet-wholesale3-edited-1.webp 500w, https:\/\/www.yilebathrooms.com\/wp-content\/uploads\/2026\/03\/smart-tankless-toilet-wholesale3-edited-1-225x300.webp 225w, https:\/\/www.yilebathrooms.com\/wp-content\/uploads\/2026\/03\/smart-tankless-toilet-wholesale3-edited-1-9x12.webp 9w\" sizes=\"(max-width: 500px) 100vw, 500px\" \/><\/figure>\n<\/div><\/div>\n\n\n\n<div class=\"wp-block-column is-layout-flow wp-block-column-is-layout-flow\">\n<figure class=\"wp-block-image size-full\"><img decoding=\"async\" width=\"431\" height=\"575\" src=\"https:\/\/www.yilebathrooms.com\/wp-content\/uploads\/2026\/03\/smart-tankless-toilet-wholesale3-edited-2.webp\" alt=\"smart tankless toilet Gro\u00dfhandel(3)\" class=\"wp-image-714\" srcset=\"https:\/\/www.yilebathrooms.com\/wp-content\/uploads\/2026\/03\/smart-tankless-toilet-wholesale3-edited-2.webp 431w, https:\/\/www.yilebathrooms.com\/wp-content\/uploads\/2026\/03\/smart-tankless-toilet-wholesale3-edited-2-225x300.webp 225w, https:\/\/www.yilebathrooms.com\/wp-content\/uploads\/2026\/03\/smart-tankless-toilet-wholesale3-edited-2-9x12.webp 9w\" sizes=\"(max-width: 431px) 100vw, 431px\" \/><\/figure>\n<\/div>\n<\/div>\n\n\n\n<p><\/p>","protected":false},"excerpt":{"rendered":"<p>Willkommen in der gehobenen Bad Projekt mit Snotor intelligente tankless Toilette Gro\u00dfhandel, die eine leistungsstarke Fl\u00fcstersp\u00fclung, Auto-Deckel, beheizte waschen, UV-Reinigung, und Null-L\u00fccke Back-to-Wall-Design und andere praktische Funktionen hat. Unterst\u00fctzung OEM &amp; Gro\u00dfhandel. Erkundigen Sie sich bei uns f\u00fcr ein Angebot!\u00a0<\/p>\n<h2>Technische Daten<\/h2>\n<table>\n<tbody>\n<tr>\n<th>Artikel<\/th>\n<th>Spezifikation<\/th>\n<\/tr>\n<tr>\n<td>Flush-Typ<\/td>\n<td>Siphon (ger\u00e4uschlose randlose Tornado-Sp\u00fclung)<\/td>\n<\/tr>\n<tr>\n<td>Entw\u00e4sserung Typ<\/td>\n<td>S-Falle \/P-Falle<\/td>\n<\/tr>\n<tr>\n<td>Trap Entfernung<\/td>\n<td>S-Falle: 60-280mm<br \/>P-Falle: 180mm<\/td>\n<\/tr>\n<tr>\n<td>Spannung\/Leistung<\/td>\n<td>110V-240V, 50\/60Hz (Steckertyp anpassbar)<\/td>\n<\/tr>\n<tr>\n<td>Heizmethode<\/td>\n<td>Keramische Sofortheizung (konstant warmes Wasser)<\/td>\n<\/tr>\n<tr>\n<td>Kontrollmethode<\/td>\n<td>Fernbedienung \/ Seitenknopf \/ Fu\u00dfsensor<\/td>\n<\/tr>\n<tr>\n<td>Material<\/td>\n<td>Antibakterieller Keramikk\u00f6rper + UF\/PP-Sitzbezug<\/td>\n<\/tr>\n<tr>\n<td>Wasserdichtes Niveau<\/td>\n<td>IPX4 (Standard f\u00fcr elektronische Bauteile)<\/td>\n<\/tr>\n<tr>\n<td>Personalisierung<\/td>\n<td>Logo, Farbe, Funktionsmodule<\/td>\n<\/tr>\n<tr>\n<td>Zertifizierungen<\/td>\n<td>CE, RoHS, cUPC, WaterMark, SAA<\/td>\n<\/tr>\n<\/tbody>\n<\/table>","protected":false},"featured_media":686,"comment_status":"closed","ping_status":"closed","template":"","meta":{"_acf_changed":false},"product_brand":[],"product_cat":[21,19],"product_tag":[],"class_list":{"0":"post-673","1":"product","2":"type-product","3":"status-publish","4":"has-post-thumbnail","6":"product_cat-tankless-smart-toilet-wholesale","7":"product_cat-back-to-wall-smart-toilet-wholesale","9":"first","10":"instock","11":"shipping-taxable","12":"product-type-simple"},"acf":[],"_links":{"self":[{"href":"https:\/\/www.yilebathrooms.com\/de\/wp-json\/wp\/v2\/product\/673","targetHints":{"allow":["GET"]}}],"collection":[{"href":"https:\/\/www.yilebathrooms.com\/de\/wp-json\/wp\/v2\/product"}],"about":[{"href":"https:\/\/www.yilebathrooms.com\/de\/wp-json\/wp\/v2\/types\/product"}],"replies":[{"embeddable":true,"href":"https:\/\/www.yilebathrooms.com\/de\/wp-json\/wp\/v2\/comments?post=673"}],"wp:featuredmedia":[{"embeddable":true,"href":"https:\/\/www.yilebathrooms.com\/de\/wp-json\/wp\/v2\/media\/686"}],"wp:attachment":[{"href":"https:\/\/www.yilebathrooms.com\/de\/wp-json\/wp\/v2\/media?parent=673"}],"wp:term":[{"taxonomy":"product_brand","embeddable":true,"href":"https:\/\/www.yilebathrooms.com\/de\/wp-json\/wp\/v2\/product_brand?post=673"},{"taxonomy":"product_cat","embeddable":true,"href":"https:\/\/www.yilebathrooms.com\/de\/wp-json\/wp\/v2\/product_cat?post=673"},{"taxonomy":"product_tag","embeddable":true,"href":"https:\/\/www.yilebathrooms.com\/de\/wp-json\/wp\/v2\/product_tag?post=673"}],"curies":[{"name":"wp","href":"https:\/\/api.w.org\/{rel}","templated":true}]}}