{"id":659,"date":"2026-02-27T08:35:23","date_gmt":"2026-02-27T08:35:23","guid":{"rendered":"https:\/\/www.yilebathrooms.com\/?post_type=product&#038;p=659"},"modified":"2026-03-24T09:04:05","modified_gmt":"2026-03-24T09:04:05","slug":"back-to-wall-smart-toilet-wholesale","status":"publish","type":"product","link":"https:\/\/www.yilebathrooms.com\/de\/product\/back-to-wall-smart-toilet-wholesale\/","title":{"rendered":"Smart Toilette Gro\u00dfhandel, Smart Tankless Toilette Custom"},"content":{"rendered":"<div class=\"wp-block-columns is-layout-flex wp-container-core-columns-is-layout-9d6595d7 wp-block-columns-is-layout-flex\">\n<div class=\"wp-block-column is-layout-flow wp-block-column-is-layout-flow\">\n<h2 class=\"wp-block-heading\">Back to Wall Smart Toilet Size:<\/h2>\n\n\n\n<figure class=\"wp-block-table\"><table class=\"has-fixed-layout\"><tbody><tr><td><strong>Modell<\/strong><\/td><td><strong>Gr\u00f6\u00dfe<\/strong><\/td><\/tr><tr><td>G1<\/td><td>705X390X460mm<\/td><\/tr><\/tbody><\/table><\/figure>\n\n\n\n<h2 class=\"wp-block-heading\">Back to Wall Smart Toilet Features:<\/h2>\n\n\n\n<p><strong>Einzigartige Installation<\/strong>: Unser Design mit freiem Siphon erm\u00f6glicht einen gro\u00dfen Einbauplatz von 60-280 mm und passt sich so fast jedem Badezimmerlayout an, ohne dass kostspielige \u00c4nderungen an den Rohrleitungen erforderlich sind.<\/p>\n\n\n\n<p><strong>Drucklose Limits:<\/strong> Der eingebaute Wassertank und die leise Pumpe sorgen f\u00fcr eine kraftvolle, fl\u00fcsterleise Sp\u00fclung auch in Hochh\u00e4usern oder Niederdruckgebieten.<\/p>\n\n\n\n<p><strong>M\u00fchelose Reinigung<\/strong>: Durch das 90\u00b0-Design und die randlose Innenwand werden tote Winkel und versteckter Schmutz beseitigt und die t\u00e4gliche Wartung erleichtert.<\/p>\n\n\n\n<p><strong>Garantierte Sicherheit<\/strong>: Die fortschrittliche Luftspalttechnologie schafft eine physische Barriere, die einen R\u00fcckfluss verhindert und daf\u00fcr sorgt, dass das Trinkwasser Ihrer Familie rein und unbelastet bleibt.<\/p>\n\n\n\n<p><strong>Intelligentes Freisprecherlebnis: <\/strong>Die automatische Deckel\u00f6ffnung und die Sp\u00fclung mit Fu\u00dfsensor sorgen f\u00fcr ein ber\u00fchrungsloses, hygienisches Erlebnis f\u00fcr die ganze Familie.<\/p>\n\n\n\n<p><strong>Snotor Manufacturer Supply:<\/strong> As a direct manufacturer, Snotor combines precision ceramic craftsmanship with in-house R&amp;D to deliver high-end aesthetics and long-lasting reliability.<\/p>\n<\/div>\n\n\n\n<div class=\"wp-block-column is-layout-flow wp-block-column-is-layout-flow\">\n<figure class=\"wp-block-image size-full\"><img decoding=\"async\" width=\"712\" height=\"712\" src=\"https:\/\/www.yilebathrooms.com\/wp-content\/uploads\/2026\/02\/back-to-wall-smart-toilet.webp\" alt=\"R\u00fcckwand-Toilette - Gro\u00dfhandel\" class=\"wp-image-667\" srcset=\"https:\/\/www.yilebathrooms.com\/wp-content\/uploads\/2026\/02\/back-to-wall-smart-toilet.webp 712w, https:\/\/www.yilebathrooms.com\/wp-content\/uploads\/2026\/02\/back-to-wall-smart-toilet-300x300.webp 300w, https:\/\/www.yilebathrooms.com\/wp-content\/uploads\/2026\/02\/back-to-wall-smart-toilet-150x150.webp 150w, https:\/\/www.yilebathrooms.com\/wp-content\/uploads\/2026\/02\/back-to-wall-smart-toilet-12x12.webp 12w, https:\/\/www.yilebathrooms.com\/wp-content\/uploads\/2026\/02\/back-to-wall-smart-toilet-600x600.webp 600w, https:\/\/www.yilebathrooms.com\/wp-content\/uploads\/2026\/02\/back-to-wall-smart-toilet-100x100.webp 100w\" sizes=\"(max-width: 712px) 100vw, 712px\" \/><\/figure>\n<\/div>\n<\/div>\n\n\n<div class=\"wp-block-image\">\n<figure class=\"aligncenter size-full\"><img decoding=\"async\" width=\"800\" height=\"564\" src=\"https:\/\/www.yilebathrooms.com\/wp-content\/uploads\/2026\/02\/back-to-wall-smart-toilet-wholesale.webp\" alt=\"R\u00fcckwand-Toilette - Gro\u00dfhandel\" class=\"wp-image-669\" srcset=\"https:\/\/www.yilebathrooms.com\/wp-content\/uploads\/2026\/02\/back-to-wall-smart-toilet-wholesale.webp 800w, https:\/\/www.yilebathrooms.com\/wp-content\/uploads\/2026\/02\/back-to-wall-smart-toilet-wholesale-300x212.webp 300w, https:\/\/www.yilebathrooms.com\/wp-content\/uploads\/2026\/02\/back-to-wall-smart-toilet-wholesale-768x541.webp 768w, https:\/\/www.yilebathrooms.com\/wp-content\/uploads\/2026\/02\/back-to-wall-smart-toilet-wholesale-18x12.webp 18w, https:\/\/www.yilebathrooms.com\/wp-content\/uploads\/2026\/02\/back-to-wall-smart-toilet-wholesale-600x423.webp 600w\" sizes=\"(max-width: 800px) 100vw, 800px\" \/><\/figure>\n<\/div>\n\n\n<div class=\"wp-block-columns is-layout-flex wp-container-core-columns-is-layout-9d6595d7 wp-block-columns-is-layout-flex\">\n<div class=\"wp-block-column is-layout-flow wp-block-column-is-layout-flow\">\n<figure class=\"wp-block-image size-full\"><img decoding=\"async\" width=\"990\" height=\"1591\" src=\"https:\/\/www.yilebathrooms.com\/wp-content\/uploads\/2026\/02\/back-to-wall-smart-toilet-wholesale1.webp\" alt=\"R\u00fcckwand-Toilette smart Gro\u00dfhandel(1)\" class=\"wp-image-660\" srcset=\"https:\/\/www.yilebathrooms.com\/wp-content\/uploads\/2026\/02\/back-to-wall-smart-toilet-wholesale1.webp 990w, https:\/\/www.yilebathrooms.com\/wp-content\/uploads\/2026\/02\/back-to-wall-smart-toilet-wholesale1-187x300.webp 187w, https:\/\/www.yilebathrooms.com\/wp-content\/uploads\/2026\/02\/back-to-wall-smart-toilet-wholesale1-768x1234.webp 768w, https:\/\/www.yilebathrooms.com\/wp-content\/uploads\/2026\/02\/back-to-wall-smart-toilet-wholesale1-7x12.webp 7w, https:\/\/www.yilebathrooms.com\/wp-content\/uploads\/2026\/02\/back-to-wall-smart-toilet-wholesale1-600x964.webp 600w\" sizes=\"(max-width: 990px) 100vw, 990px\" \/><\/figure>\n<\/div>\n\n\n\n<div class=\"wp-block-column is-layout-flow wp-block-column-is-layout-flow\">\n<figure class=\"wp-block-image size-full\"><img decoding=\"async\" width=\"498\" height=\"800\" src=\"https:\/\/www.yilebathrooms.com\/wp-content\/uploads\/2026\/02\/Wholesale-Back-to-Wall-Smart-Toilet-1-1.webp\" alt=\"Gro\u00dfhandel Zur\u00fcck zu Wand Smart Toilette\" class=\"wp-image-729\" srcset=\"https:\/\/www.yilebathrooms.com\/wp-content\/uploads\/2026\/02\/Wholesale-Back-to-Wall-Smart-Toilet-1-1.webp 498w, https:\/\/www.yilebathrooms.com\/wp-content\/uploads\/2026\/02\/Wholesale-Back-to-Wall-Smart-Toilet-1-1-187x300.webp 187w, https:\/\/www.yilebathrooms.com\/wp-content\/uploads\/2026\/02\/Wholesale-Back-to-Wall-Smart-Toilet-1-1-7x12.webp 7w\" sizes=\"(max-width: 498px) 100vw, 498px\" \/><\/figure>\n<\/div>\n\n\n\n<div class=\"wp-block-column is-layout-flow wp-block-column-is-layout-flow\">\n<figure class=\"wp-block-image size-full\"><img decoding=\"async\" width=\"498\" height=\"800\" src=\"https:\/\/www.yilebathrooms.com\/wp-content\/uploads\/2026\/02\/Wholesale-Back-to-Wall-Smart-Toilet-1.webp\" alt=\"Gro\u00dfhandel Zur\u00fcck zu Wand Smart Toilette\" class=\"wp-image-728\" srcset=\"https:\/\/www.yilebathrooms.com\/wp-content\/uploads\/2026\/02\/Wholesale-Back-to-Wall-Smart-Toilet-1.webp 498w, https:\/\/www.yilebathrooms.com\/wp-content\/uploads\/2026\/02\/Wholesale-Back-to-Wall-Smart-Toilet-1-187x300.webp 187w, https:\/\/www.yilebathrooms.com\/wp-content\/uploads\/2026\/02\/Wholesale-Back-to-Wall-Smart-Toilet-1-7x12.webp 7w\" sizes=\"(max-width: 498px) 100vw, 498px\" \/><\/figure>\n<\/div>\n<\/div>\n\n\n\n<div class=\"wp-block-columns is-layout-flex wp-container-core-columns-is-layout-9d6595d7 wp-block-columns-is-layout-flex\">\n<div class=\"wp-block-column is-layout-flow wp-block-column-is-layout-flow\">\n<figure class=\"wp-block-image size-full\"><img decoding=\"async\" width=\"392\" height=\"800\" src=\"https:\/\/www.yilebathrooms.com\/wp-content\/uploads\/2026\/02\/Wholesale-Back-to-Wall-Smart-Toilet-3.webp\" alt=\"Gro\u00dfhandel Zur\u00fcck zu Wand Smart Toilette\" class=\"wp-image-731\" srcset=\"https:\/\/www.yilebathrooms.com\/wp-content\/uploads\/2026\/02\/Wholesale-Back-to-Wall-Smart-Toilet-3.webp 392w, https:\/\/www.yilebathrooms.com\/wp-content\/uploads\/2026\/02\/Wholesale-Back-to-Wall-Smart-Toilet-3-147x300.webp 147w, https:\/\/www.yilebathrooms.com\/wp-content\/uploads\/2026\/02\/Wholesale-Back-to-Wall-Smart-Toilet-3-6x12.webp 6w\" sizes=\"(max-width: 392px) 100vw, 392px\" \/><\/figure>\n<\/div>\n\n\n\n<div class=\"wp-block-column is-layout-flow wp-block-column-is-layout-flow\">\n<figure class=\"wp-block-image size-full\"><img decoding=\"async\" width=\"392\" height=\"800\" src=\"https:\/\/www.yilebathrooms.com\/wp-content\/uploads\/2026\/02\/Wholesale-Back-to-Wall-Smart-Toilet-2.webp\" alt=\"Gro\u00dfhandel Zur\u00fcck zu Wand Smart Toilette\" class=\"wp-image-730\" srcset=\"https:\/\/www.yilebathrooms.com\/wp-content\/uploads\/2026\/02\/Wholesale-Back-to-Wall-Smart-Toilet-2.webp 392w, https:\/\/www.yilebathrooms.com\/wp-content\/uploads\/2026\/02\/Wholesale-Back-to-Wall-Smart-Toilet-2-147x300.webp 147w, https:\/\/www.yilebathrooms.com\/wp-content\/uploads\/2026\/02\/Wholesale-Back-to-Wall-Smart-Toilet-2-6x12.webp 6w\" sizes=\"(max-width: 392px) 100vw, 392px\" \/><\/figure>\n<\/div>\n\n\n\n<div class=\"wp-block-column is-layout-flow wp-block-column-is-layout-flow\">\n<figure class=\"wp-block-image size-full\"><img decoding=\"async\" width=\"392\" height=\"800\" src=\"https:\/\/www.yilebathrooms.com\/wp-content\/uploads\/2026\/02\/Wholesale-Back-to-Wall-Smart-Toilet-4.webp\" alt=\"Gro\u00dfhandel Zur\u00fcck zu Wand Smart Toilette\" class=\"wp-image-732\" srcset=\"https:\/\/www.yilebathrooms.com\/wp-content\/uploads\/2026\/02\/Wholesale-Back-to-Wall-Smart-Toilet-4.webp 392w, https:\/\/www.yilebathrooms.com\/wp-content\/uploads\/2026\/02\/Wholesale-Back-to-Wall-Smart-Toilet-4-147x300.webp 147w, https:\/\/www.yilebathrooms.com\/wp-content\/uploads\/2026\/02\/Wholesale-Back-to-Wall-Smart-Toilet-4-6x12.webp 6w\" sizes=\"(max-width: 392px) 100vw, 392px\" \/><\/figure>\n<\/div>\n<\/div>\n\n\n\n<div class=\"wp-block-columns is-layout-flex wp-container-core-columns-is-layout-9d6595d7 wp-block-columns-is-layout-flex\">\n<div class=\"wp-block-column is-layout-flow wp-block-column-is-layout-flow\">\n<figure class=\"wp-block-image size-full\"><img decoding=\"async\" width=\"800\" height=\"1040\" src=\"https:\/\/www.yilebathrooms.com\/wp-content\/uploads\/2026\/02\/back-to-wall-smart-toilet-specifications.webp\" alt=\"Spezifikationen f\u00fcr die Smart-Toilette &quot;back to wall\" class=\"wp-image-666\" srcset=\"https:\/\/www.yilebathrooms.com\/wp-content\/uploads\/2026\/02\/back-to-wall-smart-toilet-specifications.webp 800w, https:\/\/www.yilebathrooms.com\/wp-content\/uploads\/2026\/02\/back-to-wall-smart-toilet-specifications-231x300.webp 231w, https:\/\/www.yilebathrooms.com\/wp-content\/uploads\/2026\/02\/back-to-wall-smart-toilet-specifications-768x998.webp 768w, https:\/\/www.yilebathrooms.com\/wp-content\/uploads\/2026\/02\/back-to-wall-smart-toilet-specifications-9x12.webp 9w, https:\/\/www.yilebathrooms.com\/wp-content\/uploads\/2026\/02\/back-to-wall-smart-toilet-specifications-600x780.webp 600w\" sizes=\"(max-width: 800px) 100vw, 800px\" \/><\/figure>\n<\/div>\n\n\n\n<div class=\"wp-block-column is-layout-flow wp-block-column-is-layout-flow\">\n<figure class=\"wp-block-image size-full\"><img decoding=\"async\" width=\"800\" height=\"1040\" src=\"https:\/\/www.yilebathrooms.com\/wp-content\/uploads\/2026\/02\/back-to-wall-smart-toilet-specification.webp\" alt=\"Spezifikation der Smart-Toilette f\u00fcr die Wandmontage\" class=\"wp-image-668\" style=\"aspect-ratio:3\/4;object-fit:cover\" srcset=\"https:\/\/www.yilebathrooms.com\/wp-content\/uploads\/2026\/02\/back-to-wall-smart-toilet-specification.webp 800w, https:\/\/www.yilebathrooms.com\/wp-content\/uploads\/2026\/02\/back-to-wall-smart-toilet-specification-231x300.webp 231w, https:\/\/www.yilebathrooms.com\/wp-content\/uploads\/2026\/02\/back-to-wall-smart-toilet-specification-768x998.webp 768w, https:\/\/www.yilebathrooms.com\/wp-content\/uploads\/2026\/02\/back-to-wall-smart-toilet-specification-9x12.webp 9w, https:\/\/www.yilebathrooms.com\/wp-content\/uploads\/2026\/02\/back-to-wall-smart-toilet-specification-600x780.webp 600w\" sizes=\"(max-width: 800px) 100vw, 800px\" \/><\/figure>\n<\/div>\n<\/div>\n\n\n\n<div class=\"wp-block-columns is-layout-flex wp-container-core-columns-is-layout-9d6595d7 wp-block-columns-is-layout-flex\">\n<div class=\"wp-block-column is-layout-flow wp-block-column-is-layout-flow\"><\/div>\n\n\n\n<div class=\"wp-block-column is-layout-flow wp-block-column-is-layout-flow\"><\/div>\n<\/div>","protected":false},"excerpt":{"rendered":"<p>Die intelligente Toilette Snotor f\u00fcr den Wandeinbau bietet eine universelle Passform, eine leistungsstarke drucklose Sp\u00fclung, spaltfreie Hygiene, ber\u00fchrungslose Bedienung und praktische Funktionen. Fabrik-direkt Gro\u00dfhandel mit OEM-Optionen zur Verf\u00fcgung. Willkommen bei uns f\u00fcr ein Angebot zu kontaktieren!<\/p>\n<h2>Technische Daten<\/h2>\n<table>\n<tbody>\n<tr>\n<th>Artikel<\/th>\n<th>Spezifikation<\/th>\n<\/tr>\n<tr>\n<td>Flush-Typ<\/td>\n<td>Siphonic (Silent Tornado Flushing)<\/td>\n<\/tr>\n<tr>\n<td>Entw\u00e4sserung Typ<\/td>\n<td>S-Falle \/P-Falle<\/td>\n<\/tr>\n<tr>\n<td>Rough-in Gr\u00f6\u00dfe<\/td>\n<td>S-Falle: 60-280mm<br \/>P-Falle: 180mm<\/td>\n<\/tr>\n<tr>\n<td>Spannung\/Leistung<\/td>\n<td>110V-240V, 50\/60Hz (Steckertyp anpassbar)<\/td>\n<\/tr>\n<tr>\n<td>Heizmethode<\/td>\n<td>Keramische Sofortheizung (konstant warmes Wasser)<\/td>\n<\/tr>\n<tr>\n<td>Kontrollmethode<\/td>\n<td>Fernbedienung \/ Seitenknopf \/ Fu\u00dfsensor<\/td>\n<\/tr>\n<tr>\n<td>Material<\/td>\n<td>Antibakterieller Keramikk\u00f6rper + UF\/PP-Sitzbezug<\/td>\n<\/tr>\n<tr>\n<td>Wasserdichtes Niveau<\/td>\n<td>IPX4 (Standard f\u00fcr elektronische Bauteile)<\/td>\n<\/tr>\n<tr>\n<td>Personalisierung<\/td>\n<td>Logo, Farbe, Funktionsmodule<\/td>\n<\/tr>\n<tr>\n<td>Zertifizierungen<\/td>\n<td>CE, RoHS, cUPC, WaterMark, SAA<\/td>\n<\/tr>\n<\/tbody>\n<\/table>","protected":false},"featured_media":667,"comment_status":"closed","ping_status":"closed","template":"","meta":{"_acf_changed":false},"product_brand":[],"product_cat":[21,19],"product_tag":[],"class_list":{"0":"post-659","1":"product","2":"type-product","3":"status-publish","4":"has-post-thumbnail","6":"product_cat-tankless-smart-toilet-wholesale","7":"product_cat-back-to-wall-smart-toilet-wholesale","9":"first","10":"instock","11":"shipping-taxable","12":"product-type-simple"},"acf":[],"_links":{"self":[{"href":"https:\/\/www.yilebathrooms.com\/de\/wp-json\/wp\/v2\/product\/659","targetHints":{"allow":["GET"]}}],"collection":[{"href":"https:\/\/www.yilebathrooms.com\/de\/wp-json\/wp\/v2\/product"}],"about":[{"href":"https:\/\/www.yilebathrooms.com\/de\/wp-json\/wp\/v2\/types\/product"}],"replies":[{"embeddable":true,"href":"https:\/\/www.yilebathrooms.com\/de\/wp-json\/wp\/v2\/comments?post=659"}],"wp:featuredmedia":[{"embeddable":true,"href":"https:\/\/www.yilebathrooms.com\/de\/wp-json\/wp\/v2\/media\/667"}],"wp:attachment":[{"href":"https:\/\/www.yilebathrooms.com\/de\/wp-json\/wp\/v2\/media?parent=659"}],"wp:term":[{"taxonomy":"product_brand","embeddable":true,"href":"https:\/\/www.yilebathrooms.com\/de\/wp-json\/wp\/v2\/product_brand?post=659"},{"taxonomy":"product_cat","embeddable":true,"href":"https:\/\/www.yilebathrooms.com\/de\/wp-json\/wp\/v2\/product_cat?post=659"},{"taxonomy":"product_tag","embeddable":true,"href":"https:\/\/www.yilebathrooms.com\/de\/wp-json\/wp\/v2\/product_tag?post=659"}],"curies":[{"name":"wp","href":"https:\/\/api.w.org\/{rel}","templated":true}]}}