{"id":405,"date":"2026-01-09T09:05:24","date_gmt":"2026-01-09T09:05:24","guid":{"rendered":"https:\/\/www.yilebathrooms.com\/?post_type=product&#038;p=405"},"modified":"2026-01-09T09:05:24","modified_gmt":"2026-01-09T09:05:24","slug":"one-piece-smart-toilet-wholesale","status":"publish","type":"product","link":"https:\/\/www.yilebathrooms.com\/de\/product\/one-piece-smart-toilet-wholesale\/","title":{"rendered":"Ein St\u00fcck intelligente Toilette Gro\u00dfhandel, Komfort H\u00f6he intelligente Toilette Hersteller"},"content":{"rendered":"<div class=\"wp-block-columns is-layout-flex wp-container-core-columns-is-layout-9d6595d7 wp-block-columns-is-layout-flex\">\n<div class=\"wp-block-column is-layout-flow wp-block-column-is-layout-flow\">\n<h2 class=\"wp-block-heading\">Einteilige intelligente Toilette Merkmale:<\/h2>\n\n\n\n<p><strong>Leistungsstarke Sp\u00fclung: <\/strong>Entfernt schnell und effektiv Abf\u00e4lle und ist gleichzeitig mit einer wassersparenden Technologie ausgestattet, um die Wasserverschwendung zu reduzieren. Dies entspricht den Grunds\u00e4tzen des Umweltschutzes und spart Ihnen langfristig erhebliche Wasserrechnungen.<\/p>\n\n\n\n<p><strong>Hochwertige Materialien: <\/strong>Durch die Verwendung hochwertiger Keramik-, Kunststoff- und Metallmaterialien und die Durchf\u00fchrung strenger Qualit\u00e4tspr\u00fcfungen wird sichergestellt, dass das Produkt robust, haltbar, verschlei\u00dffest und korrosionsbest\u00e4ndig ist und eine lange Lebensdauer hat.<\/p>\n\n\n\n<p><strong>Automatische Deckel\u00f6ffnung: <\/strong>Ausgestattet mit fortschrittlicher Sensortechnologie \u00f6ffnet sich der Toilettendeckel automatisch und langsam, wenn sich jemand n\u00e4hert. So ist kein Handkontakt mehr n\u00f6tig und eine Kreuzkontamination von Bakterien wird wirksam verhindert.<\/p>\n\n\n\n<p><strong>Selbstreinigende D\u00fcse:<\/strong> Die D\u00fcse wird vor und nach jedem Gebrauch automatisch gereinigt und desinfiziert, so dass der Spr\u00fchkopf sauber und hygienisch bleibt und Sie sicheres und zuverl\u00e4ssiges Waschwasser zur Verf\u00fcgung haben.<\/p>\n\n\n\n<p><strong>Beheizter Sitz:<\/strong> Die eingebaute Sitzheizung erm\u00f6glicht es Ihnen, die Temperatur des Sitzes an die Umgebungstemperatur und Ihre pers\u00f6nlichen Vorlieben anzupassen, so dass Sie auch in kalten Wintern ein warmes und komfortables Erlebnis haben und sich keine Sorgen mehr machen m\u00fcssen, auf einem kalten Toilettensitz zu sitzen.<\/p>\n<\/div>\n\n\n\n<div class=\"wp-block-column is-layout-flow wp-block-column-is-layout-flow\"><div class=\"wp-block-image\">\n<figure class=\"aligncenter size-full\"><img decoding=\"async\" width=\"635\" height=\"635\" src=\"https:\/\/www.yilebathrooms.com\/wp-content\/uploads\/2026\/01\/one-piece-smart-toilet-wholesale-9.webp\" alt=\"einteilige intelligente Toilette Gro\u00dfhandel (9)\" class=\"wp-image-424\" srcset=\"https:\/\/www.yilebathrooms.com\/wp-content\/uploads\/2026\/01\/one-piece-smart-toilet-wholesale-9.webp 635w, https:\/\/www.yilebathrooms.com\/wp-content\/uploads\/2026\/01\/one-piece-smart-toilet-wholesale-9-300x300.webp 300w, https:\/\/www.yilebathrooms.com\/wp-content\/uploads\/2026\/01\/one-piece-smart-toilet-wholesale-9-150x150.webp 150w, https:\/\/www.yilebathrooms.com\/wp-content\/uploads\/2026\/01\/one-piece-smart-toilet-wholesale-9-600x600.webp 600w, https:\/\/www.yilebathrooms.com\/wp-content\/uploads\/2026\/01\/one-piece-smart-toilet-wholesale-9-100x100.webp 100w\" sizes=\"(max-width: 635px) 100vw, 635px\" \/><\/figure>\n<\/div><\/div>\n<\/div>\n\n\n\n<div class=\"wp-block-columns is-layout-flex wp-container-core-columns-is-layout-9d6595d7 wp-block-columns-is-layout-flex\">\n<div class=\"wp-block-column is-layout-flow wp-block-column-is-layout-flow\">\n<h2 class=\"wp-block-heading\">Ein St\u00fcck Smart Toilette Gr\u00f6\u00dfe:<\/h2>\n\n\n\n<figure class=\"wp-block-table\"><table class=\"has-fixed-layout\"><tbody><tr><td><strong>Modell<\/strong><\/td><td><strong>Gr\u00f6\u00dfe<\/strong><\/td><td><strong>Rough-in Gr\u00f6\u00dfe<\/strong><\/td><\/tr><tr><td>M3<\/td><td>638X408X455mm<\/td><td>S-Falle: 80-120mm(IS32)<br>S-trap: 100-140mm(lS33)-Optional<br>P-Siphon: l80mm Einschalung<\/td><\/tr><tr><td>M5<\/td><td>638X408X455mm<\/td><td>S-Falle: 80-120mm(IS32)<br>S-trap: 100-140mm(lS33)-0ptional<br>P-Siphon: l80mm Einschalung<\/td><\/tr><tr><td>M20<\/td><td>660X408X455mm<\/td><td>S-Falle: 80-105mm(lS32)<br>S-trap: 100-140mm(lS33)-Optional<br>P-Siphon: 180mm Einschalung<\/td><\/tr><tr><td>M520<\/td><td>660X408X455mm<\/td><td>S-Falle: 105-200mm(lS32)<br>S-trap: 125-230mm(lS33)-0ptional<br>P-Siphon: l8Omm Einschalung<\/td><\/tr><tr><td>M521<\/td><td>678X408X480mm<\/td><td>S-Falle: 105-200mm(lS32)<br>S-trap: 125-230mm(lS33)-0ptional<br>P-Siphon: l8Omm Einschalung<\/td><\/tr><tr><td>M522<\/td><td>700X408X455mm<\/td><td>S-Falle: 105-200mm(lS32)<br>S-trap: 125-230mm(lS33)-0ptional<br>P-Siphon: 18Omm Einschruppen<\/td><\/tr><\/tbody><\/table><\/figure>\n\n\n\n<figure class=\"wp-block-image size-full\"><img decoding=\"async\" width=\"1500\" height=\"910\" src=\"https:\/\/www.yilebathrooms.com\/wp-content\/uploads\/2026\/01\/one-piece-smart-toilet-wholesale7-1.webp\" alt=\"einteilige intelligente Toilette Gro\u00dfhandel(7)\" class=\"wp-image-416\" srcset=\"https:\/\/www.yilebathrooms.com\/wp-content\/uploads\/2026\/01\/one-piece-smart-toilet-wholesale7-1.webp 1500w, https:\/\/www.yilebathrooms.com\/wp-content\/uploads\/2026\/01\/one-piece-smart-toilet-wholesale7-1-300x182.webp 300w, https:\/\/www.yilebathrooms.com\/wp-content\/uploads\/2026\/01\/one-piece-smart-toilet-wholesale7-1-768x466.webp 768w, https:\/\/www.yilebathrooms.com\/wp-content\/uploads\/2026\/01\/one-piece-smart-toilet-wholesale7-1-1200x728.webp 1200w, https:\/\/www.yilebathrooms.com\/wp-content\/uploads\/2026\/01\/one-piece-smart-toilet-wholesale7-1-600x364.webp 600w\" sizes=\"(max-width: 1500px) 100vw, 1500px\" \/><\/figure>\n<\/div>\n<\/div>\n\n\n\n<div class=\"wp-block-columns is-layout-flex wp-container-core-columns-is-layout-9d6595d7 wp-block-columns-is-layout-flex\">\n<div class=\"wp-block-column is-layout-flow wp-block-column-is-layout-flow\">\n<figure class=\"wp-block-image size-full\"><img decoding=\"async\" width=\"1920\" height=\"1080\" src=\"https:\/\/www.yilebathrooms.com\/wp-content\/uploads\/2026\/01\/one-piece-smart-toilet-wholesale-4-1.webp\" alt=\"einteilige intelligente Toilette Gro\u00dfhandel (4)\" class=\"wp-image-413\" srcset=\"https:\/\/www.yilebathrooms.com\/wp-content\/uploads\/2026\/01\/one-piece-smart-toilet-wholesale-4-1.webp 1920w, https:\/\/www.yilebathrooms.com\/wp-content\/uploads\/2026\/01\/one-piece-smart-toilet-wholesale-4-1-300x169.webp 300w, https:\/\/www.yilebathrooms.com\/wp-content\/uploads\/2026\/01\/one-piece-smart-toilet-wholesale-4-1-768x432.webp 768w, https:\/\/www.yilebathrooms.com\/wp-content\/uploads\/2026\/01\/one-piece-smart-toilet-wholesale-4-1-1200x675.webp 1200w, https:\/\/www.yilebathrooms.com\/wp-content\/uploads\/2026\/01\/one-piece-smart-toilet-wholesale-4-1-600x338.webp 600w\" sizes=\"(max-width: 1920px) 100vw, 1920px\" \/><\/figure>\n\n\n\n<figure class=\"wp-block-image size-full\"><img decoding=\"async\" width=\"1500\" height=\"910\" src=\"https:\/\/www.yilebathrooms.com\/wp-content\/uploads\/2026\/01\/one-piece-smart-toilet-wholesale5-1.webp\" alt=\"einteilige intelligente Toilette Gro\u00dfhandel(5)\" class=\"wp-image-414\" srcset=\"https:\/\/www.yilebathrooms.com\/wp-content\/uploads\/2026\/01\/one-piece-smart-toilet-wholesale5-1.webp 1500w, https:\/\/www.yilebathrooms.com\/wp-content\/uploads\/2026\/01\/one-piece-smart-toilet-wholesale5-1-300x182.webp 300w, https:\/\/www.yilebathrooms.com\/wp-content\/uploads\/2026\/01\/one-piece-smart-toilet-wholesale5-1-768x466.webp 768w, https:\/\/www.yilebathrooms.com\/wp-content\/uploads\/2026\/01\/one-piece-smart-toilet-wholesale5-1-1200x728.webp 1200w, https:\/\/www.yilebathrooms.com\/wp-content\/uploads\/2026\/01\/one-piece-smart-toilet-wholesale5-1-600x364.webp 600w\" sizes=\"(max-width: 1500px) 100vw, 1500px\" \/><\/figure>\n<\/div>\n<\/div>\n\n\n\n<figure class=\"wp-block-image size-full\"><img decoding=\"async\" width=\"1500\" height=\"910\" src=\"https:\/\/www.yilebathrooms.com\/wp-content\/uploads\/2026\/01\/one-piece-smart-toilet-wholesale-6-1.webp\" alt=\"einteilige intelligente Toilette Gro\u00dfhandel (6)\" class=\"wp-image-415\" srcset=\"https:\/\/www.yilebathrooms.com\/wp-content\/uploads\/2026\/01\/one-piece-smart-toilet-wholesale-6-1.webp 1500w, https:\/\/www.yilebathrooms.com\/wp-content\/uploads\/2026\/01\/one-piece-smart-toilet-wholesale-6-1-300x182.webp 300w, https:\/\/www.yilebathrooms.com\/wp-content\/uploads\/2026\/01\/one-piece-smart-toilet-wholesale-6-1-768x466.webp 768w, https:\/\/www.yilebathrooms.com\/wp-content\/uploads\/2026\/01\/one-piece-smart-toilet-wholesale-6-1-1200x728.webp 1200w, https:\/\/www.yilebathrooms.com\/wp-content\/uploads\/2026\/01\/one-piece-smart-toilet-wholesale-6-1-600x364.webp 600w\" sizes=\"(max-width: 1500px) 100vw, 1500px\" \/><\/figure>","protected":false},"excerpt":{"rendered":"<p>Unsere einteilige intelligente Toilette verf\u00fcgt \u00fcber ein leistungsstarkes, wassersparendes Design, einen automatischen Deckel\u00f6ffnungsmechanismus, eine selbstreinigende D\u00fcse und einen beheizten Sitz. Sie gew\u00e4hrleistet eine effiziente Reinigung und legt gleichzeitig Wert auf Komfort und Umweltfreundlichkeit. Geeignet f\u00fcr Heimwerker-, Hotel- und Gro\u00dfhandelsprojekte. Kontaktieren Sie uns f\u00fcr ein Angebot!<\/p>\n<h2>Technische Daten<\/h2>\n<table>\n<tbody>\n<tr>\n<th>Artikel<\/th>\n<th>Spezifikation<\/th>\n<\/tr>\n<tr>\n<td>Flush-Typ<\/td>\n<td>Abwaschung (Tornado)<\/td>\n<\/tr>\n<tr>\n<td>Entw\u00e4sserung Typ<\/td>\n<td>S-Falle \/P-Falle<\/td>\n<\/tr>\n<tr>\n<td>Rough-in Gr\u00f6\u00dfe<\/td>\n<td>P-Siphon: 180mm Einschalung<\/td>\n<\/tr>\n<tr>\n<td>Spannung\/Leistung<\/td>\n<td>110V-240V, 50\/60Hz (Steckertyp anpassbar)<\/td>\n<\/tr>\n<tr>\n<td>Heizmethode<\/td>\n<td>Keramische Sofortheizung (konstant warmes Wasser)<\/td>\n<\/tr>\n<tr>\n<td>Kontrollmethode<\/td>\n<td>Fernbedienung \/ Seitenknopf \/ Fu\u00dfsensor<\/td>\n<\/tr>\n<tr>\n<td>Material<\/td>\n<td>Antibakterieller Keramikk\u00f6rper + UF\/PP-Sitzbezug<\/td>\n<\/tr>\n<tr>\n<td>Wasserdichtes Niveau<\/td>\n<td>IPX4 (Standard f\u00fcr elektronische Bauteile)<\/td>\n<\/tr>\n<tr>\n<td>Personalisierung<\/td>\n<td>Logo, Farbe, Funktionsmodule<\/td>\n<\/tr>\n<tr>\n<td>Zertifizierungen<\/td>\n<td>CE, RoHS, cUPC, WaterMark, SAA<\/td>\n<\/tr>\n<\/tbody>\n<\/table>","protected":false},"featured_media":419,"comment_status":"closed","ping_status":"closed","template":"","meta":{"_acf_changed":false},"product_brand":[],"product_cat":[21,19],"product_tag":[],"class_list":{"0":"post-405","1":"product","2":"type-product","3":"status-publish","4":"has-post-thumbnail","6":"product_cat-tankless-smart-toilet-wholesale","7":"product_cat-back-to-wall-smart-toilet-wholesale","9":"first","10":"instock","11":"shipping-taxable","12":"product-type-simple"},"acf":[],"_links":{"self":[{"href":"https:\/\/www.yilebathrooms.com\/de\/wp-json\/wp\/v2\/product\/405","targetHints":{"allow":["GET"]}}],"collection":[{"href":"https:\/\/www.yilebathrooms.com\/de\/wp-json\/wp\/v2\/product"}],"about":[{"href":"https:\/\/www.yilebathrooms.com\/de\/wp-json\/wp\/v2\/types\/product"}],"replies":[{"embeddable":true,"href":"https:\/\/www.yilebathrooms.com\/de\/wp-json\/wp\/v2\/comments?post=405"}],"wp:featuredmedia":[{"embeddable":true,"href":"https:\/\/www.yilebathrooms.com\/de\/wp-json\/wp\/v2\/media\/419"}],"wp:attachment":[{"href":"https:\/\/www.yilebathrooms.com\/de\/wp-json\/wp\/v2\/media?parent=405"}],"wp:term":[{"taxonomy":"product_brand","embeddable":true,"href":"https:\/\/www.yilebathrooms.com\/de\/wp-json\/wp\/v2\/product_brand?post=405"},{"taxonomy":"product_cat","embeddable":true,"href":"https:\/\/www.yilebathrooms.com\/de\/wp-json\/wp\/v2\/product_cat?post=405"},{"taxonomy":"product_tag","embeddable":true,"href":"https:\/\/www.yilebathrooms.com\/de\/wp-json\/wp\/v2\/product_tag?post=405"}],"curies":[{"name":"wp","href":"https:\/\/api.w.org\/{rel}","templated":true}]}}