{"id":391,"date":"2026-01-09T09:05:24","date_gmt":"2026-01-09T09:05:24","guid":{"rendered":"https:\/\/www.yilebathrooms.com\/?post_type=product&#038;p=391"},"modified":"2026-01-09T09:05:24","modified_gmt":"2026-01-09T09:05:24","slug":"smart-toilet-with-tank-wholesale","status":"publish","type":"product","link":"https:\/\/www.yilebathrooms.com\/de\/product\/smart-toilet-with-tank-wholesale\/","title":{"rendered":"Smart Toilette mit Tank Gro\u00dfhandel, Smart Toilette mit Fernbedienung Custom"},"content":{"rendered":"<div class=\"wp-block-columns is-layout-flex wp-container-core-columns-is-layout-9d6595d7 wp-block-columns-is-layout-flex\">\n<div class=\"wp-block-column is-layout-flow wp-block-column-is-layout-flow\">\n<h2 class=\"wp-block-heading\">Merkmale der intelligenten Toilette mit Tank:<\/h2>\n\n\n\n<p><strong>Vortex-Sp\u00fcltechnik: <\/strong>Die leistungsstarke Vortex-Sp\u00fcltechnik entfernt schnell und gr\u00fcndlich Schmutz und Verunreinigungen und erzielt mit einer einzigen Sp\u00fclung hervorragende Reinigungsergebnisse, w\u00e4hrend sie gleichzeitig Wasser spart und die Effizienz erh\u00f6ht.<\/p>\n\n\n\n<p><strong>Hochwertiger Wassertank: <\/strong>Ausgestattet mit einem hochwertigen Wassertank mit gro\u00dfem Fassungsverm\u00f6gen, der eine stabile Wasserspeicherung und einen starken, anhaltenden Sp\u00fcldruck gew\u00e4hrleistet.<\/p>\n\n\n\n<p><strong>Intelligente Sensortechnik: <\/strong>Mit einem fortschrittlichen, intelligenten Erkennungssystem \u00f6ffnet sich der Toilettendeckel automatisch, wenn sich der Benutzer n\u00e4hert. Damit entf\u00e4llt die Notwendigkeit einer manuellen Ber\u00fchrung, und die Verbreitung von Bakterien wird verhindert, was f\u00fcr zus\u00e4tzliche Sicherheit sorgt.<\/p>\n\n\n\n<p><strong>Mehrere Kontrollmodi: <\/strong>Unterst\u00fctzt sowohl die Fernbedienung als auch die Fu\u00dfsteuerung. Die Fernbedienung ist einfach und bequem und erm\u00f6glicht die einfache Einstellung verschiedener Funktionen; die Fu\u00dfsteuerung ist diskreter und hygienischer und erm\u00f6glicht eine einfache Bedienung, auch wenn die H\u00e4nde besch\u00e4ftigt sind.<\/p>\n\n\n\n<p><strong>Speicherfunktion:<\/strong> Mit einer intelligenten Speicherfunktion, die h\u00e4ufig verwendete Funktionen und Einstellungen automatisch speichert, so dass sie beim n\u00e4chsten Mal nicht mehr neu eingestellt werden m\u00fcssen, was die Benutzerfreundlichkeit erh\u00f6ht.<\/p>\n<\/div>\n\n\n\n<div class=\"wp-block-column is-layout-flow wp-block-column-is-layout-flow\"><div class=\"wp-block-image\">\n<figure class=\"aligncenter size-full\"><img decoding=\"async\" width=\"347\" height=\"347\" src=\"https:\/\/www.yilebathrooms.com\/wp-content\/uploads\/2026\/01\/smart-toilet-with-tank-wholesale-11.webp\" alt=\"Intelligente Toilette mit Tank Gro\u00dfhandel (11)\" class=\"wp-image-400\" srcset=\"https:\/\/www.yilebathrooms.com\/wp-content\/uploads\/2026\/01\/smart-toilet-with-tank-wholesale-11.webp 347w, https:\/\/www.yilebathrooms.com\/wp-content\/uploads\/2026\/01\/smart-toilet-with-tank-wholesale-11-300x300.webp 300w, https:\/\/www.yilebathrooms.com\/wp-content\/uploads\/2026\/01\/smart-toilet-with-tank-wholesale-11-150x150.webp 150w, https:\/\/www.yilebathrooms.com\/wp-content\/uploads\/2026\/01\/smart-toilet-with-tank-wholesale-11-100x100.webp 100w\" sizes=\"(max-width: 347px) 100vw, 347px\" \/><\/figure>\n<\/div><\/div>\n<\/div>\n\n\n\n<figure class=\"wp-block-image size-full\"><img decoding=\"async\" width=\"3130\" height=\"2124\" src=\"https:\/\/www.yilebathrooms.com\/wp-content\/uploads\/2026\/01\/smart-toilet-with-tank-wholesale-4.webp\" alt=\"smart toilet mit tank gro\u00dfhandel (4)\" class=\"wp-image-395\" srcset=\"https:\/\/www.yilebathrooms.com\/wp-content\/uploads\/2026\/01\/smart-toilet-with-tank-wholesale-4.webp 3130w, https:\/\/www.yilebathrooms.com\/wp-content\/uploads\/2026\/01\/smart-toilet-with-tank-wholesale-4-300x204.webp 300w, https:\/\/www.yilebathrooms.com\/wp-content\/uploads\/2026\/01\/smart-toilet-with-tank-wholesale-4-768x521.webp 768w, https:\/\/www.yilebathrooms.com\/wp-content\/uploads\/2026\/01\/smart-toilet-with-tank-wholesale-4-1200x814.webp 1200w, https:\/\/www.yilebathrooms.com\/wp-content\/uploads\/2026\/01\/smart-toilet-with-tank-wholesale-4-600x407.webp 600w\" sizes=\"(max-width: 3130px) 100vw, 3130px\" \/><\/figure>\n\n\n\n<div class=\"wp-block-columns is-layout-flex wp-container-core-columns-is-layout-9d6595d7 wp-block-columns-is-layout-flex\">\n<div class=\"wp-block-column is-layout-flow wp-block-column-is-layout-flow\">\n<h2 class=\"wp-block-heading\">Intelligente Toilette mit Tankgr\u00f6\u00dfe:<\/h2>\n\n\n\n<figure class=\"wp-block-table\"><table class=\"has-fixed-layout\"><tbody><tr><td><strong>Modell<\/strong><\/td><td><strong>Gr\u00f6\u00dfe<\/strong><\/td><\/tr><tr><td>6520<\/td><td>730X410X854mm<\/td><\/tr><\/tbody><\/table><\/figure>\n\n\n\n<figure class=\"wp-block-image size-full\"><img decoding=\"async\" width=\"3127\" height=\"2117\" src=\"https:\/\/www.yilebathrooms.com\/wp-content\/uploads\/2026\/01\/smart-toilet-with-tank-wholesale-5.webp\" alt=\"smart toilet mit tank gro\u00dfhandel (5)\" class=\"wp-image-396\" srcset=\"https:\/\/www.yilebathrooms.com\/wp-content\/uploads\/2026\/01\/smart-toilet-with-tank-wholesale-5.webp 3127w, https:\/\/www.yilebathrooms.com\/wp-content\/uploads\/2026\/01\/smart-toilet-with-tank-wholesale-5-300x203.webp 300w, https:\/\/www.yilebathrooms.com\/wp-content\/uploads\/2026\/01\/smart-toilet-with-tank-wholesale-5-768x520.webp 768w, https:\/\/www.yilebathrooms.com\/wp-content\/uploads\/2026\/01\/smart-toilet-with-tank-wholesale-5-1200x812.webp 1200w, https:\/\/www.yilebathrooms.com\/wp-content\/uploads\/2026\/01\/smart-toilet-with-tank-wholesale-5-600x406.webp 600w\" sizes=\"(max-width: 3127px) 100vw, 3127px\" \/><\/figure>\n<\/div>\n<\/div>\n\n\n\n<div class=\"wp-block-columns is-layout-flex wp-container-core-columns-is-layout-9d6595d7 wp-block-columns-is-layout-flex\">\n<div class=\"wp-block-column is-layout-flow wp-block-column-is-layout-flow\">\n<figure class=\"wp-block-image size-full\"><img decoding=\"async\" width=\"3123\" height=\"1780\" src=\"https:\/\/www.yilebathrooms.com\/wp-content\/uploads\/2026\/01\/smart-toilet-with-tank-wholesale-6.webp\" alt=\"smart toilet mit tank gro\u00dfhandel (6)\" class=\"wp-image-397\" srcset=\"https:\/\/www.yilebathrooms.com\/wp-content\/uploads\/2026\/01\/smart-toilet-with-tank-wholesale-6.webp 3123w, https:\/\/www.yilebathrooms.com\/wp-content\/uploads\/2026\/01\/smart-toilet-with-tank-wholesale-6-300x171.webp 300w, https:\/\/www.yilebathrooms.com\/wp-content\/uploads\/2026\/01\/smart-toilet-with-tank-wholesale-6-768x438.webp 768w, https:\/\/www.yilebathrooms.com\/wp-content\/uploads\/2026\/01\/smart-toilet-with-tank-wholesale-6-1200x684.webp 1200w, https:\/\/www.yilebathrooms.com\/wp-content\/uploads\/2026\/01\/smart-toilet-with-tank-wholesale-6-600x342.webp 600w\" sizes=\"(max-width: 3123px) 100vw, 3123px\" \/><\/figure>\n\n\n\n<figure class=\"wp-block-image size-full\"><img decoding=\"async\" width=\"3126\" height=\"2046\" src=\"https:\/\/www.yilebathrooms.com\/wp-content\/uploads\/2026\/01\/smart-toilet-with-tank-wholesale-7.webp\" alt=\"intelligente Toilette mit Tank Gro\u00dfhandel (7)\" class=\"wp-image-398\" srcset=\"https:\/\/www.yilebathrooms.com\/wp-content\/uploads\/2026\/01\/smart-toilet-with-tank-wholesale-7.webp 3126w, https:\/\/www.yilebathrooms.com\/wp-content\/uploads\/2026\/01\/smart-toilet-with-tank-wholesale-7-300x196.webp 300w, https:\/\/www.yilebathrooms.com\/wp-content\/uploads\/2026\/01\/smart-toilet-with-tank-wholesale-7-768x503.webp 768w, https:\/\/www.yilebathrooms.com\/wp-content\/uploads\/2026\/01\/smart-toilet-with-tank-wholesale-7-1200x785.webp 1200w, https:\/\/www.yilebathrooms.com\/wp-content\/uploads\/2026\/01\/smart-toilet-with-tank-wholesale-7-600x393.webp 600w\" sizes=\"(max-width: 3126px) 100vw, 3126px\" \/><\/figure>\n\n\n\n<figure class=\"wp-block-image size-full\"><img decoding=\"async\" width=\"3126\" height=\"2227\" src=\"https:\/\/www.yilebathrooms.com\/wp-content\/uploads\/2026\/01\/smart-toilet-with-tank-wholesale-8.webp\" alt=\"smart toilet mit tank gro\u00dfhandel (8)\" class=\"wp-image-399\" srcset=\"https:\/\/www.yilebathrooms.com\/wp-content\/uploads\/2026\/01\/smart-toilet-with-tank-wholesale-8.webp 3126w, https:\/\/www.yilebathrooms.com\/wp-content\/uploads\/2026\/01\/smart-toilet-with-tank-wholesale-8-300x214.webp 300w, https:\/\/www.yilebathrooms.com\/wp-content\/uploads\/2026\/01\/smart-toilet-with-tank-wholesale-8-768x547.webp 768w, https:\/\/www.yilebathrooms.com\/wp-content\/uploads\/2026\/01\/smart-toilet-with-tank-wholesale-8-1200x855.webp 1200w, https:\/\/www.yilebathrooms.com\/wp-content\/uploads\/2026\/01\/smart-toilet-with-tank-wholesale-8-600x427.webp 600w\" sizes=\"(max-width: 3126px) 100vw, 3126px\" \/><\/figure>\n<\/div>\n<\/div>","protected":false},"excerpt":{"rendered":"<p>Die intelligente Toilette mit Tank f\u00fcr den Gro\u00dfhandel verf\u00fcgt \u00fcber eine leistungsstarke Wirbelsp\u00fclung und einen Wassertank mit gro\u00dfem Fassungsverm\u00f6gen, intelligente Sensoren, eine Fernbedienung, eine Fu\u00dfsteuerung und eine Speicherfunktion. Sie unterst\u00fctzt kundenspezifische LED- und Knopfdekorationen und eignet sich f\u00fcr technische Projekte und Gro\u00dfhandelsk\u00e4ufe. Kontaktieren Sie uns f\u00fcr Gro\u00dfhandels- und Anpassungsl\u00f6sungen.<\/p>\n<h2>Technische Daten<\/h2>\n<table>\n<tbody>\n<tr>\n<th>Artikel<\/th>\n<th>Spezifikation<\/th>\n<\/tr>\n<tr>\n<td>Flush-Typ<\/td>\n<td>Abwaschung (Tornado)<\/td>\n<\/tr>\n<tr>\n<td>Entw\u00e4sserung Typ<\/td>\n<td>S-Falle \/P-Falle<\/td>\n<\/tr>\n<tr>\n<td>Rough-in Gr\u00f6\u00dfe<\/td>\n<td>S-Falle: 160-260mm(lS33)<br \/>S-trap: 130-235mm(lS32)-Optional<br \/>S-trap: 155-295mm[lS17)-0ptional<br \/>S-trap: 80-195mm(lS18)-0ptional<br \/>P-Siphon: 180mm Einschalung<\/td>\n<\/tr>\n<tr>\n<td>Spannung\/Leistung<\/td>\n<td>110V-240V, 50\/60Hz (Steckertyp anpassbar)<\/td>\n<\/tr>\n<tr>\n<td>Heizmethode<\/td>\n<td>Keramische Sofortheizung (konstant warmes Wasser)<\/td>\n<\/tr>\n<tr>\n<td>Kontrollmethode<\/td>\n<td>Fernbedienung \/ Seitenknopf \/ Fu\u00dfsensor<\/td>\n<\/tr>\n<tr>\n<td>Material<\/td>\n<td>Antibakterieller Keramikk\u00f6rper + UF\/PP-Sitzbezug<\/td>\n<\/tr>\n<tr>\n<td>Wasserdichtes Niveau<\/td>\n<td>IPX4 (Standard f\u00fcr elektronische Bauteile)<\/td>\n<\/tr>\n<tr>\n<td>Personalisierung<\/td>\n<td>Logo, Farbe, Funktionsmodule<\/td>\n<\/tr>\n<tr>\n<td>Zertifizierungen<\/td>\n<td>CE, RoHS, cUPC, WaterMark, SAA<\/td>\n<\/tr>\n<\/tbody>\n<\/table>","protected":false},"featured_media":394,"comment_status":"closed","ping_status":"closed","template":"","meta":{"_acf_changed":false},"product_brand":[],"product_cat":[18,19],"product_tag":[],"class_list":{"0":"post-391","1":"product","2":"type-product","3":"status-publish","4":"has-post-thumbnail","6":"product_cat-two-piece-smart-toilet-wholesale","7":"product_cat-back-to-wall-smart-toilet-wholesale","9":"first","10":"instock","11":"shipping-taxable","12":"product-type-simple"},"acf":[],"_links":{"self":[{"href":"https:\/\/www.yilebathrooms.com\/de\/wp-json\/wp\/v2\/product\/391","targetHints":{"allow":["GET"]}}],"collection":[{"href":"https:\/\/www.yilebathrooms.com\/de\/wp-json\/wp\/v2\/product"}],"about":[{"href":"https:\/\/www.yilebathrooms.com\/de\/wp-json\/wp\/v2\/types\/product"}],"replies":[{"embeddable":true,"href":"https:\/\/www.yilebathrooms.com\/de\/wp-json\/wp\/v2\/comments?post=391"}],"wp:featuredmedia":[{"embeddable":true,"href":"https:\/\/www.yilebathrooms.com\/de\/wp-json\/wp\/v2\/media\/394"}],"wp:attachment":[{"href":"https:\/\/www.yilebathrooms.com\/de\/wp-json\/wp\/v2\/media?parent=391"}],"wp:term":[{"taxonomy":"product_brand","embeddable":true,"href":"https:\/\/www.yilebathrooms.com\/de\/wp-json\/wp\/v2\/product_brand?post=391"},{"taxonomy":"product_cat","embeddable":true,"href":"https:\/\/www.yilebathrooms.com\/de\/wp-json\/wp\/v2\/product_cat?post=391"},{"taxonomy":"product_tag","embeddable":true,"href":"https:\/\/www.yilebathrooms.com\/de\/wp-json\/wp\/v2\/product_tag?post=391"}],"curies":[{"name":"wp","href":"https:\/\/api.w.org\/{rel}","templated":true}]}}