{"id":365,"date":"2026-01-09T09:05:24","date_gmt":"2026-01-09T09:05:24","guid":{"rendered":"https:\/\/www.yilebathrooms.com\/?post_type=product&#038;p=365"},"modified":"2026-01-09T09:05:24","modified_gmt":"2026-01-09T09:05:24","slug":"integrated-smart-toilet-wholesale","status":"publish","type":"product","link":"https:\/\/www.yilebathrooms.com\/de\/product\/integrated-smart-toilet-wholesale\/","title":{"rendered":"Integrierte intelligente Toilette Gro\u00dfhandel, moderne beste intelligente Toilette Lieferant"},"content":{"rendered":"<div class=\"wp-block-columns is-layout-flex wp-container-core-columns-is-layout-9d6595d7 wp-block-columns-is-layout-flex\">\n<div class=\"wp-block-column is-layout-flow wp-block-column-is-layout-flow\">\n<h2 class=\"wp-block-heading\">Integrierte intelligente Toilette Merkmale:<\/h2>\n\n\n\n<p><strong>Optimierung der Reinigungserfahrung:<\/strong> Dewdrop Gentle Wash, Buttock Wash, Feminine Wash und Child Wash sind auf die Reinigungsbed\u00fcrfnisse verschiedener Benutzer und unterschiedlicher Situationen abgestimmt und bieten ein umfassendes Reinigungserlebnis.<\/p>\n\n\n\n<p><strong>Selbstreinigende D\u00fcse: <\/strong>Die D\u00fcse reinigt sich vor und nach dem Gebrauch selbst und verhindert so die Vermehrung von Bakterien und Kreuzinfektionen, so dass jede Anwendung sicher und hygienisch ist.<\/p>\n\n\n\n<p><strong>Sofortige Erw\u00e4rmung: <\/strong>Der Sitz verf\u00fcgt \u00fcber eine Sofortheiztechnologie, die eine angenehme Temperatur aufrechterh\u00e4lt und auch bei kaltem Wetter ein warmes Gef\u00fchl vermittelt.<\/p>\n\n\n\n<p><strong>Zyklon-Sp\u00fcltechnik: <\/strong>Ausgestattet mit einem leistungsstarken Zyklonsp\u00fclsystem ist die Sp\u00fclkraft stark und schnell und sp\u00fclt den Schmutz m\u00fchelos weg, w\u00e4hrend gleichzeitig effektiv Wasser gespart wird.<\/p>\n\n\n\n<p><strong>Zwei Installationsoptionen: <\/strong>Bietet zwei flexible Installationsm\u00f6glichkeiten: einen verdeckten Tank mit einem Einlassventil und einen verdeckten Tank mit einem Schlauch, so dass Sie entsprechend den verschiedenen Badezimmergrundrissen und Dekorationsanforderungen w\u00e4hlen k\u00f6nnen.<\/p>\n\n\n\n<p><strong>Anpassbarer dekorativer Sitz: <\/strong>Ausgestattet mit LED-Displayabdeckungen in verschiedenen Materialien und Farben (z.B. geb\u00fcrstetes Nickel, Ros\u00e9gold, etc.) und Knopfabdeckungen (z.B. Ros\u00e9gold, Silber, etc.), die zu verschiedenen Badezimmerdekorationsstilen passen und die Gesamt\u00e4sthetik aufwerten.<\/p>\n<\/div>\n\n\n\n<div class=\"wp-block-column is-layout-flow wp-block-column-is-layout-flow\">\n<figure class=\"wp-block-image size-full\"><img decoding=\"async\" width=\"3126\" height=\"3073\" src=\"https:\/\/www.yilebathrooms.com\/wp-content\/uploads\/2026\/01\/integrated-smart-toilet-wholesale-4.webp\" alt=\"integrierte intelligente Toilette Gro\u00dfhandel (4)\" class=\"wp-image-371\" srcset=\"https:\/\/www.yilebathrooms.com\/wp-content\/uploads\/2026\/01\/integrated-smart-toilet-wholesale-4.webp 3126w, https:\/\/www.yilebathrooms.com\/wp-content\/uploads\/2026\/01\/integrated-smart-toilet-wholesale-4-300x295.webp 300w, https:\/\/www.yilebathrooms.com\/wp-content\/uploads\/2026\/01\/integrated-smart-toilet-wholesale-4-768x755.webp 768w, https:\/\/www.yilebathrooms.com\/wp-content\/uploads\/2026\/01\/integrated-smart-toilet-wholesale-4-1200x1180.webp 1200w, https:\/\/www.yilebathrooms.com\/wp-content\/uploads\/2026\/01\/integrated-smart-toilet-wholesale-4-600x590.webp 600w\" sizes=\"(max-width: 3126px) 100vw, 3126px\" \/><\/figure>\n<\/div>\n<\/div>\n\n\n\n<figure class=\"wp-block-image size-full\"><img decoding=\"async\" width=\"3126\" height=\"2122\" src=\"https:\/\/www.yilebathrooms.com\/wp-content\/uploads\/2026\/01\/integrated-smart-toilet-wholesale10.webp\" alt=\"integrierte intelligente Toilette Gro\u00dfhandel(10)\" class=\"wp-image-376\" srcset=\"https:\/\/www.yilebathrooms.com\/wp-content\/uploads\/2026\/01\/integrated-smart-toilet-wholesale10.webp 3126w, https:\/\/www.yilebathrooms.com\/wp-content\/uploads\/2026\/01\/integrated-smart-toilet-wholesale10-300x204.webp 300w, https:\/\/www.yilebathrooms.com\/wp-content\/uploads\/2026\/01\/integrated-smart-toilet-wholesale10-768x521.webp 768w, https:\/\/www.yilebathrooms.com\/wp-content\/uploads\/2026\/01\/integrated-smart-toilet-wholesale10-1200x815.webp 1200w, https:\/\/www.yilebathrooms.com\/wp-content\/uploads\/2026\/01\/integrated-smart-toilet-wholesale10-600x407.webp 600w\" sizes=\"(max-width: 3126px) 100vw, 3126px\" \/><\/figure>\n\n\n\n<div class=\"wp-block-columns is-layout-flex wp-container-core-columns-is-layout-9d6595d7 wp-block-columns-is-layout-flex\">\n<div class=\"wp-block-column is-layout-flow wp-block-column-is-layout-flow\">\n<h2 class=\"wp-block-heading\">Integrierte intelligente Toilette Gr\u00f6\u00dfe:<\/h2>\n\n\n\n<figure class=\"wp-block-table\"><table class=\"has-fixed-layout\"><tbody><tr><td><strong>Modell<\/strong><\/td><td><strong>Gr\u00f6\u00dfe<\/strong><\/td><\/tr><tr><td>3520<\/td><td>600X385X480mm<\/td><\/tr><tr><td>3521<\/td><td>600X385X480mm<\/td><\/tr><\/tbody><\/table><\/figure>\n\n\n\n<figure class=\"wp-block-image size-full\"><img decoding=\"async\" width=\"3126\" height=\"2107\" src=\"https:\/\/www.yilebathrooms.com\/wp-content\/uploads\/2026\/01\/integrated-smart-toilet-wholesale-5.webp\" alt=\"integrierte intelligente Toilette Gro\u00dfhandel (5)\" class=\"wp-image-372\" srcset=\"https:\/\/www.yilebathrooms.com\/wp-content\/uploads\/2026\/01\/integrated-smart-toilet-wholesale-5.webp 3126w, https:\/\/www.yilebathrooms.com\/wp-content\/uploads\/2026\/01\/integrated-smart-toilet-wholesale-5-300x202.webp 300w, https:\/\/www.yilebathrooms.com\/wp-content\/uploads\/2026\/01\/integrated-smart-toilet-wholesale-5-768x518.webp 768w, https:\/\/www.yilebathrooms.com\/wp-content\/uploads\/2026\/01\/integrated-smart-toilet-wholesale-5-1200x809.webp 1200w, https:\/\/www.yilebathrooms.com\/wp-content\/uploads\/2026\/01\/integrated-smart-toilet-wholesale-5-600x404.webp 600w\" sizes=\"(max-width: 3126px) 100vw, 3126px\" \/><\/figure>\n<\/div>\n<\/div>\n\n\n\n<div class=\"wp-block-columns is-layout-flex wp-container-core-columns-is-layout-9d6595d7 wp-block-columns-is-layout-flex\">\n<div class=\"wp-block-column is-layout-flow wp-block-column-is-layout-flow\">\n<figure class=\"wp-block-image size-full\"><img decoding=\"async\" width=\"3126\" height=\"1626\" src=\"https:\/\/www.yilebathrooms.com\/wp-content\/uploads\/2026\/01\/integrated-smart-toilet-wholesale6.webp\" alt=\"integrierte intelligente Toilette Gro\u00dfhandel(6)\" class=\"wp-image-373\" srcset=\"https:\/\/www.yilebathrooms.com\/wp-content\/uploads\/2026\/01\/integrated-smart-toilet-wholesale6.webp 3126w, https:\/\/www.yilebathrooms.com\/wp-content\/uploads\/2026\/01\/integrated-smart-toilet-wholesale6-300x156.webp 300w, https:\/\/www.yilebathrooms.com\/wp-content\/uploads\/2026\/01\/integrated-smart-toilet-wholesale6-768x399.webp 768w, https:\/\/www.yilebathrooms.com\/wp-content\/uploads\/2026\/01\/integrated-smart-toilet-wholesale6-1200x624.webp 1200w, https:\/\/www.yilebathrooms.com\/wp-content\/uploads\/2026\/01\/integrated-smart-toilet-wholesale6-600x312.webp 600w\" sizes=\"(max-width: 3126px) 100vw, 3126px\" \/><\/figure>\n\n\n\n<figure class=\"wp-block-image size-full\"><img decoding=\"async\" width=\"3126\" height=\"2118\" src=\"https:\/\/www.yilebathrooms.com\/wp-content\/uploads\/2026\/01\/integrated-smart-toilet-wholesale8.webp\" alt=\"integrierte intelligente Toilette Gro\u00dfhandel(8)\" class=\"wp-image-374\" srcset=\"https:\/\/www.yilebathrooms.com\/wp-content\/uploads\/2026\/01\/integrated-smart-toilet-wholesale8.webp 3126w, https:\/\/www.yilebathrooms.com\/wp-content\/uploads\/2026\/01\/integrated-smart-toilet-wholesale8-300x203.webp 300w, https:\/\/www.yilebathrooms.com\/wp-content\/uploads\/2026\/01\/integrated-smart-toilet-wholesale8-768x520.webp 768w, https:\/\/www.yilebathrooms.com\/wp-content\/uploads\/2026\/01\/integrated-smart-toilet-wholesale8-1200x813.webp 1200w, https:\/\/www.yilebathrooms.com\/wp-content\/uploads\/2026\/01\/integrated-smart-toilet-wholesale8-600x407.webp 600w\" sizes=\"(max-width: 3126px) 100vw, 3126px\" \/><\/figure>\n\n\n\n<figure class=\"wp-block-image size-full\"><img decoding=\"async\" width=\"3126\" height=\"2191\" src=\"https:\/\/www.yilebathrooms.com\/wp-content\/uploads\/2026\/01\/integrated-smart-toilet-wholesale9.webp\" alt=\"integrierte intelligente Toilette Gro\u00dfhandel(9)\" class=\"wp-image-375\" srcset=\"https:\/\/www.yilebathrooms.com\/wp-content\/uploads\/2026\/01\/integrated-smart-toilet-wholesale9.webp 3126w, https:\/\/www.yilebathrooms.com\/wp-content\/uploads\/2026\/01\/integrated-smart-toilet-wholesale9-300x210.webp 300w, https:\/\/www.yilebathrooms.com\/wp-content\/uploads\/2026\/01\/integrated-smart-toilet-wholesale9-768x538.webp 768w, https:\/\/www.yilebathrooms.com\/wp-content\/uploads\/2026\/01\/integrated-smart-toilet-wholesale9-1200x841.webp 1200w, https:\/\/www.yilebathrooms.com\/wp-content\/uploads\/2026\/01\/integrated-smart-toilet-wholesale9-600x421.webp 600w\" sizes=\"(max-width: 3126px) 100vw, 3126px\" \/><\/figure>\n<\/div>\n<\/div>","protected":false},"excerpt":{"rendered":"<p>Unsere integrierte intelligente Toilette f\u00fcr den Gro\u00dfhandel kombiniert mehrere Waschvorg\u00e4nge, eine selbstreinigende D\u00fcse, eine Sofortheizung und ein Zyklonsp\u00fclsystem und gew\u00e4hrleistet so Hygiene, Sicherheit, Komfort und Wassereffizienz. Sie eignet sich f\u00fcr Hotels, Bauprojekte und den Gro\u00dfhandel. Kontaktieren Sie uns f\u00fcr ein Angebot f\u00fcr den Gro\u00dfhandel!<\/p>\n<h2>Technische Daten<\/h2>\n<table>\n<tbody>\n<tr>\n<th>Artikel<\/th>\n<th>Spezifikation<\/th>\n<\/tr>\n<tr>\n<td>Flush-Typ<\/td>\n<td>Abwaschung (Tornado)<\/td>\n<\/tr>\n<tr>\n<td>Entw\u00e4sserung Typ<\/td>\n<td>S-Falle \/P-Falle<\/td>\n<\/tr>\n<tr>\n<td>Rough-in Gr\u00f6\u00dfe<\/td>\n<td>S-Falle: 115-140mm(IS33)<br \/>S-trap: 80-140mm(lS16)-0ptional<br \/>S-trap: 145-170mm(lS17)-0ptional<br \/>P-Falle: 180mm<\/td>\n<\/tr>\n<tr>\n<td>Spannung\/Leistung<\/td>\n<td>110V-240V, 50\/60Hz (Steckertyp anpassbar)<\/td>\n<\/tr>\n<tr>\n<td>Heizmethode<\/td>\n<td>Keramische Sofortheizung (konstant warmes Wasser)<\/td>\n<\/tr>\n<tr>\n<td>Kontrollmethode<\/td>\n<td>Fernbedienung \/ Seitenknopf \/ Fu\u00dfsensor<\/td>\n<\/tr>\n<tr>\n<td>Material<\/td>\n<td>Antibakterieller Keramikk\u00f6rper + UF\/PP-Sitzbezug<\/td>\n<\/tr>\n<tr>\n<td>Wasserdichtes Niveau<\/td>\n<td>IPX4 (Standard f\u00fcr elektronische Bauteile)<\/td>\n<\/tr>\n<tr>\n<td>Personalisierung<\/td>\n<td>Logo, Farbe, Funktionsmodule<\/td>\n<\/tr>\n<tr>\n<td>Zertifizierungen<\/td>\n<td>CE, RoHS, cUPC, WaterMark, SAA<\/td>\n<\/tr>\n<\/tbody>\n<\/table>","protected":false},"featured_media":368,"comment_status":"closed","ping_status":"closed","template":"","meta":{"_acf_changed":false},"product_brand":[],"product_cat":[21,19],"product_tag":[],"class_list":{"0":"post-365","1":"product","2":"type-product","3":"status-publish","4":"has-post-thumbnail","6":"product_cat-tankless-smart-toilet-wholesale","7":"product_cat-back-to-wall-smart-toilet-wholesale","9":"first","10":"instock","11":"shipping-taxable","12":"product-type-simple"},"acf":[],"_links":{"self":[{"href":"https:\/\/www.yilebathrooms.com\/de\/wp-json\/wp\/v2\/product\/365","targetHints":{"allow":["GET"]}}],"collection":[{"href":"https:\/\/www.yilebathrooms.com\/de\/wp-json\/wp\/v2\/product"}],"about":[{"href":"https:\/\/www.yilebathrooms.com\/de\/wp-json\/wp\/v2\/types\/product"}],"replies":[{"embeddable":true,"href":"https:\/\/www.yilebathrooms.com\/de\/wp-json\/wp\/v2\/comments?post=365"}],"wp:featuredmedia":[{"embeddable":true,"href":"https:\/\/www.yilebathrooms.com\/de\/wp-json\/wp\/v2\/media\/368"}],"wp:attachment":[{"href":"https:\/\/www.yilebathrooms.com\/de\/wp-json\/wp\/v2\/media?parent=365"}],"wp:term":[{"taxonomy":"product_brand","embeddable":true,"href":"https:\/\/www.yilebathrooms.com\/de\/wp-json\/wp\/v2\/product_brand?post=365"},{"taxonomy":"product_cat","embeddable":true,"href":"https:\/\/www.yilebathrooms.com\/de\/wp-json\/wp\/v2\/product_cat?post=365"},{"taxonomy":"product_tag","embeddable":true,"href":"https:\/\/www.yilebathrooms.com\/de\/wp-json\/wp\/v2\/product_tag?post=365"}],"curies":[{"name":"wp","href":"https:\/\/api.w.org\/{rel}","templated":true}]}}